{"id":367,"date":"2023-12-25T18:05:06","date_gmt":"2023-12-25T18:05:06","guid":{"rendered":"http:\/\/sata.cat\/?page_id=367"},"modified":"2023-12-25T18:05:51","modified_gmt":"2023-12-25T18:05:51","slug":"declaracion-de-accesibilidad","status":"publish","type":"page","link":"https:\/\/satamanteniments.com\/ca\/declaracion-de-accesibilidad\/","title":{"rendered":"Declaraci\u00f3 d&#039;accessibilitat"},"content":{"rendered":"<style>.elementor-367 .elementor-element.elementor-element-5dcc49ff > .elementor-container{max-width:1180px;}.elementor-367 .elementor-element.elementor-element-5dcc49ff:not(.elementor-motion-effects-element-type-background), .elementor-367 .elementor-element.elementor-element-5dcc49ff > .elementor-motion-effects-container > .elementor-motion-effects-layer{background-image:url(\"https:\/\/satamanteniments.com\/wp-content\/uploads\/2023\/12\/AGUA-HIDROGENADA-3.jpg\");background-position:0px -562px;background-size:cover;}.elementor-367 .elementor-element.elementor-element-5dcc49ff > .elementor-background-overlay{background-color:#000000;opacity:0.4;transition:background 0.3s, border-radius 0.3s, opacity 0.3s;}.elementor-367 .elementor-element.elementor-element-5dcc49ff{transition:background 0.3s, border 0.3s, border-radius 0.3s, box-shadow 0.3s;padding:150px 0px 150px 0px;}.elementor-367 .elementor-element.elementor-element-612282a{text-align:center;}.elementor-367 .elementor-element.elementor-element-612282a .elementor-heading-title{font-family:var( --e-global-typography-a3f921e-font-family ), Sans-serif;font-size:var( --e-global-typography-a3f921e-font-size );font-weight:var( --e-global-typography-a3f921e-font-weight );line-height:var( --e-global-typography-a3f921e-line-height );letter-spacing:var( --e-global-typography-a3f921e-letter-spacing );word-spacing:var( --e-global-typography-a3f921e-word-spacing );color:#FFFFFF;}.elementor-367 .elementor-element.elementor-element-612282a > .elementor-widget-container{margin:0px 0px 0px 0px;}.elementor-367 .elementor-element.elementor-element-7393ca5c > .elementor-container{max-width:1300px;}.elementor-367 .elementor-element.elementor-element-7393ca5c > .elementor-container > .elementor-column > .elementor-widget-wrap{align-content:center;align-items:center;}.elementor-367 .elementor-element.elementor-element-7393ca5c{transition:background 0.3s, border 0.3s, border-radius 0.3s, box-shadow 0.3s;padding:100px 0px 100px 0px;}.elementor-367 .elementor-element.elementor-element-7393ca5c > .elementor-background-overlay{transition:background 0.3s, border-radius 0.3s, opacity 0.3s;}.elementor-367 .elementor-element.elementor-element-bf342.elementor-column > .elementor-widget-wrap{justify-content:center;}.elementor-367 .elementor-element.elementor-element-bf342 > .elementor-element-populated{padding:0px 0px 0px 0px;}.elementor-367 .elementor-element.elementor-element-e81244d{text-align:start;font-family:var( --e-global-typography-text-font-family ), Sans-serif;font-size:var( --e-global-typography-text-font-size );font-weight:var( --e-global-typography-text-font-weight );color:#000000;}@media(max-width:1024px) and (min-width:768px){.elementor-367 .elementor-element.elementor-element-bf342{width:100%;}}@media(max-width:1024px){.elementor-367 .elementor-element.elementor-element-5dcc49ff:not(.elementor-motion-effects-element-type-background), .elementor-367 .elementor-element.elementor-element-5dcc49ff > .elementor-motion-effects-container > .elementor-motion-effects-layer{background-position:center center;}.elementor-367 .elementor-element.elementor-element-612282a .elementor-heading-title{font-size:var( --e-global-typography-a3f921e-font-size );line-height:var( --e-global-typography-a3f921e-line-height );letter-spacing:var( --e-global-typography-a3f921e-letter-spacing );word-spacing:var( --e-global-typography-a3f921e-word-spacing );}.elementor-367 .elementor-element.elementor-element-7393ca5c{padding:80px 10px 80px 10px;}.elementor-367 .elementor-element.elementor-element-bf342 > .elementor-element-populated{padding:0px 10px 0px 10px;}.elementor-367 .elementor-element.elementor-element-e81244d{font-size:var( --e-global-typography-text-font-size );}}@media(max-width:767px){.elementor-367 .elementor-element.elementor-element-5dcc49ff:not(.elementor-motion-effects-element-type-background), .elementor-367 .elementor-element.elementor-element-5dcc49ff > .elementor-motion-effects-container > .elementor-motion-effects-layer{background-position:center center;}.elementor-367 .elementor-element.elementor-element-612282a .elementor-heading-title{font-size:var( --e-global-typography-a3f921e-font-size );line-height:var( --e-global-typography-a3f921e-line-height );letter-spacing:var( --e-global-typography-a3f921e-letter-spacing );word-spacing:var( --e-global-typography-a3f921e-word-spacing );}.elementor-367 .elementor-element.elementor-element-7393ca5c{padding:60px 10px 80px 10px;}.elementor-367 .elementor-element.elementor-element-bf342 > .elementor-element-populated{margin:0px 0px 0px 0px;--e-column-margin-right:0px;--e-column-margin-left:0px;padding:0px 0px 0px 0px;}.elementor-367 .elementor-element.elementor-element-e81244d{font-size:var( --e-global-typography-text-font-size );}}<\/style>\t\t<div data-elementor-type=\"wp-page\" data-elementor-id=\"367\" class=\"elementor elementor-367\" data-elementor-post-type=\"page\">\n\t\t\t\t\t\t<section class=\"elementor-section elementor-top-section elementor-element elementor-element-5dcc49ff elementor-section-boxed elementor-section-height-default elementor-section-height-default\" data-id=\"5dcc49ff\" data-element_type=\"section\" data-e-type=\"section\" data-settings=\"{&quot;background_background&quot;:&quot;classic&quot;}\">\n\t\t\t\t\t\t\t<div class=\"elementor-background-overlay\"><\/div>\n\t\t\t\t\t\t\t<div class=\"elementor-container elementor-column-gap-no\">\n\t\t\t\t\t<div class=\"elementor-column elementor-col-100 elementor-top-column elementor-element elementor-element-35d0784d\" data-id=\"35d0784d\" data-element_type=\"column\" data-e-type=\"column\">\n\t\t\t<div class=\"elementor-widget-wrap elementor-element-populated\">\n\t\t\t\t\t\t\t<\/div>\n\t\t<\/div>\n\t\t\t\t\t<\/div>\n\t\t<\/section>\n\t\t\t\t<section class=\"elementor-section elementor-top-section elementor-element elementor-element-7393ca5c elementor-section-content-middle elementor-section-boxed elementor-section-height-default elementor-section-height-default\" data-id=\"7393ca5c\" data-element_type=\"section\" data-e-type=\"section\" data-settings=\"{&quot;background_background&quot;:&quot;classic&quot;}\">\n\t\t\t\t\t\t<div class=\"elementor-container elementor-column-gap-no\">\n\t\t\t\t\t<div class=\"elementor-column elementor-col-100 elementor-top-column elementor-element elementor-element-bf342\" data-id=\"bf342\" data-element_type=\"column\" data-e-type=\"column\">\n\t\t\t<div class=\"elementor-widget-wrap elementor-element-populated\">\n\t\t\t\t\t\t<div class=\"elementor-element elementor-element-e81244d elementor-widget elementor-widget-text-editor\" data-id=\"e81244d\" data-element_type=\"widget\" data-e-type=\"widget\" data-widget_type=\"text-editor.default\">\n\t\t\t\t<div class=\"elementor-widget-container\">\n\t\t\t\t\t\t\t\t\t<p>SATA MANTENIMENTS, SLU s&#039;ha comprom\u00e8s a fer accessible el vostre lloc web, de conformitat amb el Reial Decret 1112\/2018, de 7 de setembre, sobre accessibilitat dels llocs web i aplicacions per a dispositius m\u00f2bils del sector p\u00fablic.<\/p><p>Aquesta declaraci\u00f3 d&#039;accessibilitat s&#039;aplica al web https:\/\/www.satamanteniments.com<\/p><p><strong>Situaci\u00f3 de compliment<\/strong><\/p><p>Aquest lloc web est\u00e0 desenvolupat d&#039;acord amb el RD 1112\/2018<\/p><p><strong>Preparaci\u00f3 per a la seg\u00fcent declaraci\u00f3 d&#039;accessibilitat<\/strong><\/p><p>Aquesta declaraci\u00f3 va ser preparada el 2 de gener de 2023.<\/p><p>El m\u00e8tode emprat per preparar la declaraci\u00f3 ha estat una autoavaluaci\u00f3.<\/p><p><strong>Observacions i dades de contacte<\/strong><\/p><p>Podeu realitzar comunicacions sobre requisits d&#039;accessibilitat (article 10.2.a del RD 1112\/2018) com ara:<\/p><ul><li>Informar sobre qualsevol possible incompliment per part d&#039;aquest lloc web<\/li><li>Transmetre altres dificultats d&#039;acc\u00e9s al contingut<\/li><li>Formular qualsevol altra consulta o suggeriment de millora relativa a l&#039;accessibilitat del lloc web<\/li><\/ul><p>a trav\u00e9s del formulari de contacte d&#039;aquest lloc web o mitjan\u00e7ant el n\u00famero de tel\u00e8fon (+34) 935 15 62 11.<\/p><p>Podeu presentar:<\/p><ul><li>Queixa relativa al compliment dels requisits del RD 1112\/2018 o<\/li><li>Sol\u00b7licitud d&#039;informaci\u00f3 accessible relativa a:<ul><li>Continguts que estan exclosos de l\u00e0mbit daplicaci\u00f3 del RD 1112\/2018 segons el que estableix larticle 3, apartat 4<\/li><li>Continguts que estan exempts del compliment dels requisits d&#039;accessibilitat per imposar una c\u00e0rrega desproporcionada<\/li><\/ul><\/li><\/ul><p>A la Sol\u00b7licitud d&#039;informaci\u00f3 accessible, cal concretar, amb tota claredat, els fets, les raons i la petici\u00f3 que permetin constatar que es tracta d&#039;una sol\u00b7licitud raonable i leg\u00edtima.<\/p><p>Les queixes i reclamacions sobre informaci\u00f3 accessible es realitzaran a trav\u00e9s de la seu electr\u00f2nica (<a href=\"https:\/\/sede.red.gob.es\/procedimientos\/quejas-y-sugerencias\">https:\/\/sede.red.gob.es\/procedimientos\/quejas-y-sugerencias)<\/a>, i seran rebudes i tractades per l&#039;\u00e0rea de Sistemes de la Informaci\u00f3 de Red.es.<\/p><p><strong>Contingut opcional<\/strong><\/p><p>Si voleu canviar la mida de lletra del text als principals navegadors gr\u00e0fics utilitzeu els men\u00fas seg\u00fcents:<\/p><ul><li>Internet Explorer, Mozilla i Firefox: Veure &gt; Mida del text<\/li><li>Opera: Veure &gt; Zoom<\/li><li>Safari: Veure &gt; Fer el text m\u00e9s gran<\/li><li>Chrome: Controla la p\u00e0gina actual &gt; Mida del text<\/li><li>Per modificar la mida de tot a la p\u00e0gina:<ul><li>Ctrl + + per augmentar-ho<\/li><li>Ctrl + \u2013 per disminuir-ho<\/li><li>Ctrl + 0 restaura la mida original del text<\/li><li>Si el que voleu \u00e9s anul\u00b7lar el full d&#039;estils o modificar el color del text, podeu consultar la p\u00e0gina How to Change Text Size o Colors de la WAI, que es pot llegir tradu\u00eft a l&#039;espanyol a Com canviar la mida del text o colors?<\/li><\/ul><\/li><\/ul>\t\t\t\t\t\t\t\t<\/div>\n\t\t\t\t<\/div>\n\t\t\t\t\t<\/div>\n\t\t<\/div>\n\t\t\t\t\t<\/div>\n\t\t<\/section>\n\t\t\t\t<\/div>","protected":false},"excerpt":{"rendered":"<p>SATA MANTENIMENTS, SLU s&#039;ha comprom\u00e8s a fer accessible el vostre lloc web, de conformitat amb el Reial Decret 1112\/2018, de 7 de setembre, sobre accessibilitat dels llocs web i aplicacions per a dispositius m\u00f2bils del sector p\u00fablic. Aquesta declaraci\u00f3 d&#039;accessibilitat s&#039;aplica al lloc web https:\/\/www.satamanteniments.com Situaci\u00f3 de compliment Aquest lloc web es troba\u2026&nbsp;<\/p>","protected":false},"author":1,"featured_media":0,"parent":0,"menu_order":0,"comment_status":"closed","ping_status":"closed","template":"page-templates\/template-pagebuilder-full-width.php","meta":{"_acf_changed":false,"inline_featured_image":false,"neve_meta_sidebar":"","neve_meta_container":"","neve_meta_enable_content_width":"off","neve_meta_content_width":100,"neve_meta_title_alignment":"","neve_meta_author_avatar":"","neve_post_elements_order":"","neve_meta_disable_header":"","neve_meta_disable_footer":"","neve_meta_disable_title":"","footnotes":""},"class_list":["post-367","page","type-page","status-publish","hentry"],"acf":[],"yoast_head":"<!-- This site is optimized with the Yoast SEO plugin v27.3 - https:\/\/yoast.com\/product\/yoast-seo-wordpress\/ -->\n<title>Declaraci\u00f3n de accesibilidad - Sata Manteniments<\/title>\n<meta name=\"robots\" content=\"index, follow, max-snippet:-1, max-image-preview:large, max-video-preview:-1\" \/>\n<link rel=\"canonical\" href=\"https:\/\/satamanteniments.com\/ca\/declaracion-de-accesibilidad\/\" \/>\n<meta property=\"og:locale\" content=\"ca_ES\" \/>\n<meta property=\"og:type\" content=\"article\" \/>\n<meta property=\"og:title\" content=\"Declaraci\u00f3n de accesibilidad - Sata Manteniments\" \/>\n<meta property=\"og:description\" content=\"SATA MANTENIMENTS, S.L.U se ha comprometido a hacer accesible su sitio web, de conformidad con el Real Decreto 1112\/2018, de 7 de septiembre, sobre accesibilidad de los sitios web y aplicaciones para dispositivos m\u00f3viles del sector p\u00fablico. La presente declaraci\u00f3n de accesibilidad se aplica al sitio web\u00a0https:\/\/www.satamanteniments.com Situaci\u00f3n de cumplimiento Este sitio web se encuentra&hellip;&nbsp;\" \/>\n<meta property=\"og:url\" content=\"https:\/\/satamanteniments.com\/ca\/declaracion-de-accesibilidad\/\" \/>\n<meta property=\"og:site_name\" content=\"SATA | Soluciones t\u00e9cnicas del agua\" \/>\n<meta property=\"article:modified_time\" content=\"2023-12-25T18:05:51+00:00\" \/>\n<meta name=\"twitter:card\" content=\"summary_large_image\" \/>\n<script type=\"application\/ld+json\" class=\"yoast-schema-graph\">{\"@context\":\"https:\\\/\\\/schema.org\",\"@graph\":[{\"@type\":\"WebPage\",\"@id\":\"https:\\\/\\\/satamanteniments.com\\\/declaracion-de-accesibilidad\\\/\",\"url\":\"https:\\\/\\\/satamanteniments.com\\\/declaracion-de-accesibilidad\\\/\",\"name\":\"Declaraci\u00f3n de accesibilidad - Sata Manteniments\",\"isPartOf\":{\"@id\":\"https:\\\/\\\/satamanteniments.com\\\/#website\"},\"datePublished\":\"2023-12-25T18:05:06+00:00\",\"dateModified\":\"2023-12-25T18:05:51+00:00\",\"breadcrumb\":{\"@id\":\"https:\\\/\\\/satamanteniments.com\\\/declaracion-de-accesibilidad\\\/#breadcrumb\"},\"inLanguage\":\"ca\",\"potentialAction\":[{\"@type\":\"ReadAction\",\"target\":[\"https:\\\/\\\/satamanteniments.com\\\/declaracion-de-accesibilidad\\\/\"]}]},{\"@type\":\"BreadcrumbList\",\"@id\":\"https:\\\/\\\/satamanteniments.com\\\/declaracion-de-accesibilidad\\\/#breadcrumb\",\"itemListElement\":[{\"@type\":\"ListItem\",\"position\":1,\"name\":\"Portada\",\"item\":\"https:\\\/\\\/satamanteniments.com\\\/\"},{\"@type\":\"ListItem\",\"position\":2,\"name\":\"Declaraci\u00f3n de accesibilidad\"}]},{\"@type\":\"WebSite\",\"@id\":\"https:\\\/\\\/satamanteniments.com\\\/#website\",\"url\":\"https:\\\/\\\/satamanteniments.com\\\/\",\"name\":\"Tratamiento de agua en Barcelona \u2013 Sata Manteniments\",\"description\":\"Expertos en \u00f3smosis, descalcificadores y purificadores de agua. Instalaci\u00f3n y mantenimiento profesional para hogares y empresas en Barcelona y toda Catalu\u00f1a.\",\"potentialAction\":[{\"@type\":\"SearchAction\",\"target\":{\"@type\":\"EntryPoint\",\"urlTemplate\":\"https:\\\/\\\/satamanteniments.com\\\/?s={search_term_string}\"},\"query-input\":{\"@type\":\"PropertyValueSpecification\",\"valueRequired\":true,\"valueName\":\"search_term_string\"}}],\"inLanguage\":\"ca\"}]}<\/script>\n<!-- \/ Yoast SEO plugin. -->","yoast_head_json":{"title":"Declaraci\u00f3n de accesibilidad - Sata Manteniments","robots":{"index":"index","follow":"follow","max-snippet":"max-snippet:-1","max-image-preview":"max-image-preview:large","max-video-preview":"max-video-preview:-1"},"canonical":"https:\/\/satamanteniments.com\/ca\/declaracion-de-accesibilidad\/","og_locale":"ca_ES","og_type":"article","og_title":"Declaraci\u00f3n de accesibilidad - Sata Manteniments","og_description":"SATA MANTENIMENTS, S.L.U se ha comprometido a hacer accesible su sitio web, de conformidad con el Real Decreto 1112\/2018, de 7 de septiembre, sobre accesibilidad de los sitios web y aplicaciones para dispositivos m\u00f3viles del sector p\u00fablico. La presente declaraci\u00f3n de accesibilidad se aplica al sitio web\u00a0https:\/\/www.satamanteniments.com Situaci\u00f3n de cumplimiento Este sitio web se encuentra&hellip;&nbsp;","og_url":"https:\/\/satamanteniments.com\/ca\/declaracion-de-accesibilidad\/","og_site_name":"SATA | Soluciones t\u00e9cnicas del agua","article_modified_time":"2023-12-25T18:05:51+00:00","twitter_card":"summary_large_image","schema":{"@context":"https:\/\/schema.org","@graph":[{"@type":"WebPage","@id":"https:\/\/satamanteniments.com\/declaracion-de-accesibilidad\/","url":"https:\/\/satamanteniments.com\/declaracion-de-accesibilidad\/","name":"Declaraci\u00f3n de accesibilidad - Sata Manteniments","isPartOf":{"@id":"https:\/\/satamanteniments.com\/#website"},"datePublished":"2023-12-25T18:05:06+00:00","dateModified":"2023-12-25T18:05:51+00:00","breadcrumb":{"@id":"https:\/\/satamanteniments.com\/declaracion-de-accesibilidad\/#breadcrumb"},"inLanguage":"ca","potentialAction":[{"@type":"ReadAction","target":["https:\/\/satamanteniments.com\/declaracion-de-accesibilidad\/"]}]},{"@type":"BreadcrumbList","@id":"https:\/\/satamanteniments.com\/declaracion-de-accesibilidad\/#breadcrumb","itemListElement":[{"@type":"ListItem","position":1,"name":"Portada","item":"https:\/\/satamanteniments.com\/"},{"@type":"ListItem","position":2,"name":"Declaraci\u00f3n de accesibilidad"}]},{"@type":"WebSite","@id":"https:\/\/satamanteniments.com\/#website","url":"https:\/\/satamanteniments.com\/","name":"Tractament d\u2019aigua a Barcelona \u2013 Sata Manteniments","description":"Experts en osmosi, descalcificadors i purificadors d\u2019aigua. Instal\u00b7laci\u00f3 i manteniment professional per a llars i empreses a Barcelona i a tota Catalunya.","potentialAction":[{"@type":"SearchAction","target":{"@type":"EntryPoint","urlTemplate":"https:\/\/satamanteniments.com\/?s={search_term_string}"},"query-input":{"@type":"PropertyValueSpecification","valueRequired":true,"valueName":"search_term_string"}}],"inLanguage":"ca"}]}},"_links":{"self":[{"href":"https:\/\/satamanteniments.com\/ca\/wp-json\/wp\/v2\/pages\/367","targetHints":{"allow":["GET"]}}],"collection":[{"href":"https:\/\/satamanteniments.com\/ca\/wp-json\/wp\/v2\/pages"}],"about":[{"href":"https:\/\/satamanteniments.com\/ca\/wp-json\/wp\/v2\/types\/page"}],"author":[{"embeddable":true,"href":"https:\/\/satamanteniments.com\/ca\/wp-json\/wp\/v2\/users\/1"}],"replies":[{"embeddable":true,"href":"https:\/\/satamanteniments.com\/ca\/wp-json\/wp\/v2\/comments?post=367"}],"version-history":[{"count":4,"href":"https:\/\/satamanteniments.com\/ca\/wp-json\/wp\/v2\/pages\/367\/revisions"}],"predecessor-version":[{"id":371,"href":"https:\/\/satamanteniments.com\/ca\/wp-json\/wp\/v2\/pages\/367\/revisions\/371"}],"wp:attachment":[{"href":"https:\/\/satamanteniments.com\/ca\/wp-json\/wp\/v2\/media?parent=367"}],"curies":[{"name":"wp","href":"https:\/\/api.w.org\/{rel}","templated":true}]}}