{"id":1513,"date":"2025-09-03T08:54:19","date_gmt":"2025-09-03T06:54:19","guid":{"rendered":"https:\/\/satamanteniments.com\/?post_type=product&#038;p=1513"},"modified":"2026-02-16T08:41:50","modified_gmt":"2026-02-16T07:41:50","slug":"pro-plus-101","status":"publish","type":"product","link":"https:\/\/satamanteniments.com\/ca\/producte\/pro-plus-101\/","title":{"rendered":"Equipo descalcificador de agua dom\u00e9stico Pro-Plus 101"},"content":{"rendered":"<h3>Equipo descalcificador de agua y eliminador de cloro dom\u00e9stico Pro-Plus 101<\/h3>\n<p>El <strong>Pro-Plus 101<\/strong> \u00e9s un descalcificador dom\u00e8stic compacte que ofereix un tractament integral de l\u2019aigua per a llars de mida mitjana. A m\u00e9s de <strong>eliminar la cal i protegir les canonades<\/strong>, electrodom\u00e8stics i aixetes, aquest model tamb\u00e9 <strong>redueix el clor i la seva olor<\/strong>,<strong> filtra sediments i elimina ferro<\/strong>aportant una aigua m\u00e9s neta, suau i de millor gust.<\/p>\n<p>La seva tecnologia d\u2019intercanvi i\u00f2nic i la seva v\u00e0lvula autom\u00e0tica asseguren un funcionament eficient amb baix consum de sal. Gr\u00e0cies al seu disseny redu\u00eft, s\u2019adapta f\u00e0cilment a espais petits, convertint-se en una soluci\u00f3 pr\u00e0ctica i completa per millorar la qualitat de l\u2019aigua de la llar.<\/p>\n<p>&nbsp;<\/p>","protected":false},"excerpt":{"rendered":"<p>Equipo descalcificador de agua y eliminador de cloro dom\u00e9stico Pro-Plus 101 El Pro-Plus 101 es un descalcificador dom\u00e9stico compacto que ofrece un tratamiento integral del agua para hogares de tama\u00f1o medio. Adem\u00e1s de eliminar la cal y proteger tuber\u00edas, electrodom\u00e9sticos y grifer\u00edas, este modelo tambi\u00e9n reduce el cloro y su olor, filtra sedimentos y elimina&hellip;&nbsp;<\/p>","protected":false},"featured_media":1514,"comment_status":"open","ping_status":"closed","template":"","meta":{"_acf_changed":false,"inline_featured_image":false,"neve_meta_sidebar":"","neve_meta_container":"","neve_meta_enable_content_width":"off","neve_meta_content_width":100,"neve_meta_title_alignment":"","neve_meta_author_avatar":"","neve_post_elements_order":"","neve_meta_disable_header":"","neve_meta_disable_footer":"","neve_meta_disable_title":""},"product_brand":[],"product_cat":[43],"product_tag":[],"class_list":{"0":"post-1513","1":"product","2":"type-product","3":"status-publish","4":"has-post-thumbnail","6":"product_cat-descalcificadores","8":"first","9":"instock","10":"shipping-taxable","11":"product-type-simple"},"acf":[],"yoast_head":"<!-- This site is optimized with the Yoast SEO plugin v27.3 - https:\/\/yoast.com\/product\/yoast-seo-wordpress\/ -->\n<title>Equipo descalcificador de agua dom\u00e9stico Pro-Plus 101<\/title>\n<meta name=\"description\" content=\"Descalcificador dom\u00e9stico compacto. Descalcifica y, adem\u00e1s, elimina cloro y olor, filtra sedimentos y elimina hierro.\" \/>\n<meta name=\"robots\" content=\"index, follow, max-snippet:-1, max-image-preview:large, max-video-preview:-1\" \/>\n<link rel=\"canonical\" href=\"https:\/\/satamanteniments.com\/ca\/producte\/pro-plus-101\/\" \/>\n<meta property=\"og:locale\" content=\"ca_ES\" \/>\n<meta property=\"og:type\" content=\"article\" \/>\n<meta property=\"og:title\" content=\"Equipo descalcificador de agua dom\u00e9stico Pro-Plus 101\" \/>\n<meta property=\"og:description\" content=\"Descalcificador dom\u00e9stico compacto. Descalcifica y, adem\u00e1s, elimina cloro y olor, filtra sedimentos y elimina hierro.\" \/>\n<meta property=\"og:url\" content=\"https:\/\/satamanteniments.com\/ca\/producte\/pro-plus-101\/\" \/>\n<meta property=\"og:site_name\" content=\"SATA | Soluciones t\u00e9cnicas del agua\" \/>\n<meta property=\"article:modified_time\" content=\"2026-02-16T07:41:50+00:00\" \/>\n<meta property=\"og:image\" content=\"https:\/\/satamanteniments.com\/wp-content\/uploads\/2025\/09\/descalcificador-domestico-bermax-pro-plus-101.jpg\" \/>\n\t<meta property=\"og:image:width\" content=\"700\" \/>\n\t<meta property=\"og:image:height\" content=\"700\" \/>\n\t<meta property=\"og:image:type\" content=\"image\/jpeg\" \/>\n<meta name=\"twitter:card\" content=\"summary_large_image\" \/>\n<script type=\"application\/ld+json\" class=\"yoast-schema-graph\">{\"@context\":\"https:\\\/\\\/schema.org\",\"@graph\":[{\"@type\":\"WebPage\",\"@id\":\"https:\\\/\\\/satamanteniments.com\\\/producto\\\/pro-plus-101\\\/\",\"url\":\"https:\\\/\\\/satamanteniments.com\\\/producto\\\/pro-plus-101\\\/\",\"name\":\"Equipo descalcificador de agua dom\u00e9stico Pro-Plus 101\",\"isPartOf\":{\"@id\":\"https:\\\/\\\/satamanteniments.com\\\/#website\"},\"primaryImageOfPage\":{\"@id\":\"https:\\\/\\\/satamanteniments.com\\\/producto\\\/pro-plus-101\\\/#primaryimage\"},\"image\":{\"@id\":\"https:\\\/\\\/satamanteniments.com\\\/producto\\\/pro-plus-101\\\/#primaryimage\"},\"thumbnailUrl\":\"https:\\\/\\\/satamanteniments.com\\\/wp-content\\\/uploads\\\/2025\\\/09\\\/descalcificador-domestico-bermax-pro-plus-101.jpg\",\"datePublished\":\"2025-09-03T06:54:19+00:00\",\"dateModified\":\"2026-02-16T07:41:50+00:00\",\"description\":\"Descalcificador dom\u00e9stico compacto. Descalcifica y, adem\u00e1s, elimina cloro y olor, filtra sedimentos y elimina hierro.\",\"breadcrumb\":{\"@id\":\"https:\\\/\\\/satamanteniments.com\\\/producto\\\/pro-plus-101\\\/#breadcrumb\"},\"inLanguage\":\"ca\",\"potentialAction\":[{\"@type\":\"ReadAction\",\"target\":[\"https:\\\/\\\/satamanteniments.com\\\/producto\\\/pro-plus-101\\\/\"]}]},{\"@type\":\"ImageObject\",\"inLanguage\":\"ca\",\"@id\":\"https:\\\/\\\/satamanteniments.com\\\/producto\\\/pro-plus-101\\\/#primaryimage\",\"url\":\"https:\\\/\\\/satamanteniments.com\\\/wp-content\\\/uploads\\\/2025\\\/09\\\/descalcificador-domestico-bermax-pro-plus-101.jpg\",\"contentUrl\":\"https:\\\/\\\/satamanteniments.com\\\/wp-content\\\/uploads\\\/2025\\\/09\\\/descalcificador-domestico-bermax-pro-plus-101.jpg\",\"width\":700,\"height\":700,\"caption\":\"Descalcificador Dom\u00e9stico Bermax Pro-Plus 101\"},{\"@type\":\"BreadcrumbList\",\"@id\":\"https:\\\/\\\/satamanteniments.com\\\/producto\\\/pro-plus-101\\\/#breadcrumb\",\"itemListElement\":[{\"@type\":\"ListItem\",\"position\":1,\"name\":\"Portada\",\"item\":\"https:\\\/\\\/satamanteniments.com\\\/\"},{\"@type\":\"ListItem\",\"position\":2,\"name\":\"Tienda\",\"item\":\"https:\\\/\\\/satamanteniments.com\\\/?page_id=892\"},{\"@type\":\"ListItem\",\"position\":3,\"name\":\"Equipo descalcificador de agua dom\u00e9stico Pro-Plus 101\"}]},{\"@type\":\"WebSite\",\"@id\":\"https:\\\/\\\/satamanteniments.com\\\/#website\",\"url\":\"https:\\\/\\\/satamanteniments.com\\\/\",\"name\":\"Tratamiento de agua en Barcelona \u2013 Sata Manteniments\",\"description\":\"Expertos en \u00f3smosis, descalcificadores y purificadores de agua. Instalaci\u00f3n y mantenimiento profesional para hogares y empresas en Barcelona y toda Catalu\u00f1a.\",\"potentialAction\":[{\"@type\":\"SearchAction\",\"target\":{\"@type\":\"EntryPoint\",\"urlTemplate\":\"https:\\\/\\\/satamanteniments.com\\\/?s={search_term_string}\"},\"query-input\":{\"@type\":\"PropertyValueSpecification\",\"valueRequired\":true,\"valueName\":\"search_term_string\"}}],\"inLanguage\":\"ca\"}]}<\/script>\n<!-- \/ Yoast SEO plugin. -->","yoast_head_json":{"title":"Equipo descalcificador de agua dom\u00e9stico Pro-Plus 101","description":"Descalcificador dom\u00e8stic compacte. Descalcifica i, a m\u00e9s, elimina clor i olor, filtra sediments i elimina ferro.","robots":{"index":"index","follow":"follow","max-snippet":"max-snippet:-1","max-image-preview":"max-image-preview:large","max-video-preview":"max-video-preview:-1"},"canonical":"https:\/\/satamanteniments.com\/ca\/producte\/pro-plus-101\/","og_locale":"ca_ES","og_type":"article","og_title":"Equipo descalcificador de agua dom\u00e9stico Pro-Plus 101","og_description":"Descalcificador dom\u00e9stico compacto. Descalcifica y, adem\u00e1s, elimina cloro y olor, filtra sedimentos y elimina hierro.","og_url":"https:\/\/satamanteniments.com\/ca\/producte\/pro-plus-101\/","og_site_name":"SATA | Soluciones t\u00e9cnicas del agua","article_modified_time":"2026-02-16T07:41:50+00:00","og_image":[{"width":700,"height":700,"url":"https:\/\/satamanteniments.com\/wp-content\/uploads\/2025\/09\/descalcificador-domestico-bermax-pro-plus-101.jpg","type":"image\/jpeg"}],"twitter_card":"summary_large_image","schema":{"@context":"https:\/\/schema.org","@graph":[{"@type":"WebPage","@id":"https:\/\/satamanteniments.com\/producto\/pro-plus-101\/","url":"https:\/\/satamanteniments.com\/producto\/pro-plus-101\/","name":"Equipo descalcificador de agua dom\u00e9stico Pro-Plus 101","isPartOf":{"@id":"https:\/\/satamanteniments.com\/#website"},"primaryImageOfPage":{"@id":"https:\/\/satamanteniments.com\/producto\/pro-plus-101\/#primaryimage"},"image":{"@id":"https:\/\/satamanteniments.com\/producto\/pro-plus-101\/#primaryimage"},"thumbnailUrl":"https:\/\/satamanteniments.com\/wp-content\/uploads\/2025\/09\/descalcificador-domestico-bermax-pro-plus-101.jpg","datePublished":"2025-09-03T06:54:19+00:00","dateModified":"2026-02-16T07:41:50+00:00","description":"Descalcificador dom\u00e8stic compacte. Descalcifica i, a m\u00e9s, elimina clor i olor, filtra sediments i elimina ferro.","breadcrumb":{"@id":"https:\/\/satamanteniments.com\/producto\/pro-plus-101\/#breadcrumb"},"inLanguage":"ca","potentialAction":[{"@type":"ReadAction","target":["https:\/\/satamanteniments.com\/producto\/pro-plus-101\/"]}]},{"@type":"ImageObject","inLanguage":"ca","@id":"https:\/\/satamanteniments.com\/producto\/pro-plus-101\/#primaryimage","url":"https:\/\/satamanteniments.com\/wp-content\/uploads\/2025\/09\/descalcificador-domestico-bermax-pro-plus-101.jpg","contentUrl":"https:\/\/satamanteniments.com\/wp-content\/uploads\/2025\/09\/descalcificador-domestico-bermax-pro-plus-101.jpg","width":700,"height":700,"caption":"Descalcificador Dom\u00e9stico Bermax Pro-Plus 101"},{"@type":"BreadcrumbList","@id":"https:\/\/satamanteniments.com\/producto\/pro-plus-101\/#breadcrumb","itemListElement":[{"@type":"ListItem","position":1,"name":"Portada","item":"https:\/\/satamanteniments.com\/"},{"@type":"ListItem","position":2,"name":"Tienda","item":"https:\/\/satamanteniments.com\/?page_id=892"},{"@type":"ListItem","position":3,"name":"Equipo descalcificador de agua dom\u00e9stico Pro-Plus 101"}]},{"@type":"WebSite","@id":"https:\/\/satamanteniments.com\/#website","url":"https:\/\/satamanteniments.com\/","name":"Tractament d\u2019aigua a Barcelona \u2013 Sata Manteniments","description":"Experts en osmosi, descalcificadors i purificadors d\u2019aigua. Instal\u00b7laci\u00f3 i manteniment professional per a llars i empreses a Barcelona i a tota Catalunya.","potentialAction":[{"@type":"SearchAction","target":{"@type":"EntryPoint","urlTemplate":"https:\/\/satamanteniments.com\/?s={search_term_string}"},"query-input":{"@type":"PropertyValueSpecification","valueRequired":true,"valueName":"search_term_string"}}],"inLanguage":"ca"}]}},"_links":{"self":[{"href":"https:\/\/satamanteniments.com\/ca\/wp-json\/wp\/v2\/product\/1513","targetHints":{"allow":["GET"]}}],"collection":[{"href":"https:\/\/satamanteniments.com\/ca\/wp-json\/wp\/v2\/product"}],"about":[{"href":"https:\/\/satamanteniments.com\/ca\/wp-json\/wp\/v2\/types\/product"}],"replies":[{"embeddable":true,"href":"https:\/\/satamanteniments.com\/ca\/wp-json\/wp\/v2\/comments?post=1513"}],"wp:featuredmedia":[{"embeddable":true,"href":"https:\/\/satamanteniments.com\/ca\/wp-json\/wp\/v2\/media\/1514"}],"wp:attachment":[{"href":"https:\/\/satamanteniments.com\/ca\/wp-json\/wp\/v2\/media?parent=1513"}],"wp:term":[{"taxonomy":"product_brand","embeddable":true,"href":"https:\/\/satamanteniments.com\/ca\/wp-json\/wp\/v2\/product_brand?post=1513"},{"taxonomy":"product_cat","embeddable":true,"href":"https:\/\/satamanteniments.com\/ca\/wp-json\/wp\/v2\/product_cat?post=1513"},{"taxonomy":"product_tag","embeddable":true,"href":"https:\/\/satamanteniments.com\/ca\/wp-json\/wp\/v2\/product_tag?post=1513"}],"curies":[{"name":"wp","href":"https:\/\/api.w.org\/{rel}","templated":true}]}}