{"id":1515,"date":"2025-09-04T10:34:59","date_gmt":"2025-09-04T08:34:59","guid":{"rendered":"https:\/\/satamanteniments.com\/?post_type=product&#038;p=1515"},"modified":"2026-02-16T09:32:34","modified_gmt":"2026-02-16T08:32:34","slug":"vyrta-direct-flow-1000","status":"publish","type":"product","link":"https:\/\/satamanteniments.com\/ca\/producte\/vyrta-direct-flow-1000\/","title":{"rendered":"Sistema d'osmosi inversa dom\u00e8stic VYRTA Direct Flow 1000"},"content":{"rendered":"<h3>Osmosi inversa Vyrta Direct Flow 1000<\/h3>\n<p>La <strong>Vyrta Direct Flow 1000<\/strong> \u00e9s un sistema d\u2019osmosi inversa d\u2019\u00faltima generaci\u00f3 que ofereix aigua pura i de millor gust directament de l\u2019aixeta, sense necessitat de dip\u00f2sit acumulador. La seva tecnologia de flux directe garanteix un subministrament continu i eficient, ideal per a llars i oficines que busquen comoditat i qualitat.<\/p>\n<p>Incorpora m\u00faltiples etapes de filtraci\u00f3 i una membrana RO amb autorentat autom\u00e0tic, cosa que assegura una major durabilitat del sistema. A m\u00e9s, compta amb un sistema intel\u00b7ligent que inclou <strong>avisos de canvi de filtres i membrana<\/strong>,<strong> sensor electr\u00f2nic de fuites i alertes sonores<\/strong>La seva aixeta intel\u00b7ligent amb anell LED permet visualitzar en tot moment l\u2019estat de l\u2019equip, aportant seguretat i confian\u00e7a en l\u2019\u00fas diari.<\/p>\n<p>Compacta, pr\u00e0ctica i f\u00e0cil de mantenir, la Vyrta Direct Flow 1000 \u00e9s la soluci\u00f3 perfecta per a aquells que volen gaudir d\u2019una aigua m\u00e9s neta, sense clor ni impureses, amb el suport d\u2019un equip robust i fiable.<\/p>\n<p>&nbsp;<\/p>","protected":false},"excerpt":{"rendered":"<p>\u00d3smosis Inversa Vyrta Direct Flow 1000 La Vyrta Direct Flow 1000 es un sistema de \u00f3smosis inversa de \u00faltima generaci\u00f3n que ofrece agua pura y de mejor sabor directamente del grifo, sin necesidad de dep\u00f3sito acumulador. Su tecnolog\u00eda de flujo directo garantiza un suministro continuo y eficiente, ideal para hogares y oficinas que buscan comodidad&hellip;&nbsp;<\/p>","protected":false},"featured_media":1504,"comment_status":"open","ping_status":"closed","template":"","meta":{"_acf_changed":false,"inline_featured_image":false,"neve_meta_sidebar":"","neve_meta_container":"","neve_meta_enable_content_width":"off","neve_meta_content_width":100,"neve_meta_title_alignment":"","neve_meta_author_avatar":"","neve_post_elements_order":"","neve_meta_disable_header":"","neve_meta_disable_footer":"","neve_meta_disable_title":""},"product_brand":[],"product_cat":[42],"product_tag":[],"class_list":{"0":"post-1515","1":"product","2":"type-product","3":"status-publish","4":"has-post-thumbnail","6":"product_cat-osmosis","8":"first","9":"instock","10":"shipping-taxable","11":"product-type-simple"},"acf":[],"yoast_head":"<!-- This site is optimized with the Yoast SEO plugin v27.3 - https:\/\/yoast.com\/product\/yoast-seo-wordpress\/ -->\n<title>Equipo de \u00f3smosis dom\u00e9stica VYRTA Direct Flow 1000<\/title>\n<meta name=\"description\" content=\"\u00d3smosis de flujo directo sin dep\u00f3sito: control de calidad, avisos de filtros\/membrana, sensor de fugas, autolavado y grifo inteligente con LED.\" \/>\n<meta name=\"robots\" content=\"index, follow, max-snippet:-1, max-image-preview:large, max-video-preview:-1\" \/>\n<link rel=\"canonical\" href=\"https:\/\/satamanteniments.com\/ca\/producte\/vyrta-direct-flow-1000\/\" \/>\n<meta property=\"og:locale\" content=\"ca_ES\" \/>\n<meta property=\"og:type\" content=\"article\" \/>\n<meta property=\"og:title\" content=\"Equipo de \u00f3smosis dom\u00e9stica VYRTA Direct Flow 1000\" \/>\n<meta property=\"og:description\" content=\"\u00d3smosis de flujo directo sin dep\u00f3sito: control de calidad, avisos de filtros\/membrana, sensor de fugas, autolavado y grifo inteligente con LED.\" \/>\n<meta property=\"og:url\" content=\"https:\/\/satamanteniments.com\/ca\/producte\/vyrta-direct-flow-1000\/\" \/>\n<meta property=\"og:site_name\" content=\"SATA | Soluciones t\u00e9cnicas del agua\" \/>\n<meta property=\"article:modified_time\" content=\"2026-02-16T08:32:34+00:00\" \/>\n<meta property=\"og:image\" content=\"https:\/\/satamanteniments.com\/wp-content\/uploads\/2025\/09\/vyrta-osmosis.jpg\" \/>\n\t<meta property=\"og:image:width\" content=\"700\" \/>\n\t<meta property=\"og:image:height\" content=\"700\" \/>\n\t<meta property=\"og:image:type\" content=\"image\/jpeg\" \/>\n<meta name=\"twitter:card\" content=\"summary_large_image\" \/>\n<script type=\"application\/ld+json\" class=\"yoast-schema-graph\">{\"@context\":\"https:\\\/\\\/schema.org\",\"@graph\":[{\"@type\":\"WebPage\",\"@id\":\"https:\\\/\\\/satamanteniments.com\\\/producto\\\/vyrta-direct-flow-1000\\\/\",\"url\":\"https:\\\/\\\/satamanteniments.com\\\/producto\\\/vyrta-direct-flow-1000\\\/\",\"name\":\"Equipo de \u00f3smosis dom\u00e9stica VYRTA Direct Flow 1000\",\"isPartOf\":{\"@id\":\"https:\\\/\\\/satamanteniments.com\\\/#website\"},\"primaryImageOfPage\":{\"@id\":\"https:\\\/\\\/satamanteniments.com\\\/producto\\\/vyrta-direct-flow-1000\\\/#primaryimage\"},\"image\":{\"@id\":\"https:\\\/\\\/satamanteniments.com\\\/producto\\\/vyrta-direct-flow-1000\\\/#primaryimage\"},\"thumbnailUrl\":\"https:\\\/\\\/satamanteniments.com\\\/wp-content\\\/uploads\\\/2025\\\/09\\\/vyrta-osmosis.jpg\",\"datePublished\":\"2025-09-04T08:34:59+00:00\",\"dateModified\":\"2026-02-16T08:32:34+00:00\",\"description\":\"\u00d3smosis de flujo directo sin dep\u00f3sito: control de calidad, avisos de filtros\\\/membrana, sensor de fugas, autolavado y grifo inteligente con LED.\",\"breadcrumb\":{\"@id\":\"https:\\\/\\\/satamanteniments.com\\\/producto\\\/vyrta-direct-flow-1000\\\/#breadcrumb\"},\"inLanguage\":\"ca\",\"potentialAction\":[{\"@type\":\"ReadAction\",\"target\":[\"https:\\\/\\\/satamanteniments.com\\\/producto\\\/vyrta-direct-flow-1000\\\/\"]}]},{\"@type\":\"ImageObject\",\"inLanguage\":\"ca\",\"@id\":\"https:\\\/\\\/satamanteniments.com\\\/producto\\\/vyrta-direct-flow-1000\\\/#primaryimage\",\"url\":\"https:\\\/\\\/satamanteniments.com\\\/wp-content\\\/uploads\\\/2025\\\/09\\\/vyrta-osmosis.jpg\",\"contentUrl\":\"https:\\\/\\\/satamanteniments.com\\\/wp-content\\\/uploads\\\/2025\\\/09\\\/vyrta-osmosis.jpg\",\"width\":700,\"height\":700,\"caption\":\"Osmosis Vyrta\"},{\"@type\":\"BreadcrumbList\",\"@id\":\"https:\\\/\\\/satamanteniments.com\\\/producto\\\/vyrta-direct-flow-1000\\\/#breadcrumb\",\"itemListElement\":[{\"@type\":\"ListItem\",\"position\":1,\"name\":\"Portada\",\"item\":\"https:\\\/\\\/satamanteniments.com\\\/\"},{\"@type\":\"ListItem\",\"position\":2,\"name\":\"Tienda\",\"item\":\"https:\\\/\\\/satamanteniments.com\\\/?page_id=892\"},{\"@type\":\"ListItem\",\"position\":3,\"name\":\"Equipo de \u00f3smosis inversa de flujo directo dom\u00e9stico VYRTA Direct Flow 1000\"}]},{\"@type\":\"WebSite\",\"@id\":\"https:\\\/\\\/satamanteniments.com\\\/#website\",\"url\":\"https:\\\/\\\/satamanteniments.com\\\/\",\"name\":\"Tratamiento de agua en Barcelona \u2013 Sata Manteniments\",\"description\":\"Expertos en \u00f3smosis, descalcificadores y purificadores de agua. Instalaci\u00f3n y mantenimiento profesional para hogares y empresas en Barcelona y toda Catalu\u00f1a.\",\"potentialAction\":[{\"@type\":\"SearchAction\",\"target\":{\"@type\":\"EntryPoint\",\"urlTemplate\":\"https:\\\/\\\/satamanteniments.com\\\/?s={search_term_string}\"},\"query-input\":{\"@type\":\"PropertyValueSpecification\",\"valueRequired\":true,\"valueName\":\"search_term_string\"}}],\"inLanguage\":\"ca\"}]}<\/script>\n<!-- \/ Yoast SEO plugin. -->","yoast_head_json":{"title":"Equip d\u2019osmosi dom\u00e8stica VYRTA Direct Flow 1000","description":"Osmosi de flux directe sense dip\u00f2sit: control de qualitat, avisos de filtres\/membrana, sensor de fuites, autorentat i aixeta intel\u00b7ligent amb LED.","robots":{"index":"index","follow":"follow","max-snippet":"max-snippet:-1","max-image-preview":"max-image-preview:large","max-video-preview":"max-video-preview:-1"},"canonical":"https:\/\/satamanteniments.com\/ca\/producte\/vyrta-direct-flow-1000\/","og_locale":"ca_ES","og_type":"article","og_title":"Equipo de \u00f3smosis dom\u00e9stica VYRTA Direct Flow 1000","og_description":"\u00d3smosis de flujo directo sin dep\u00f3sito: control de calidad, avisos de filtros\/membrana, sensor de fugas, autolavado y grifo inteligente con LED.","og_url":"https:\/\/satamanteniments.com\/ca\/producte\/vyrta-direct-flow-1000\/","og_site_name":"SATA | Soluciones t\u00e9cnicas del agua","article_modified_time":"2026-02-16T08:32:34+00:00","og_image":[{"width":700,"height":700,"url":"https:\/\/satamanteniments.com\/wp-content\/uploads\/2025\/09\/vyrta-osmosis.jpg","type":"image\/jpeg"}],"twitter_card":"summary_large_image","schema":{"@context":"https:\/\/schema.org","@graph":[{"@type":"WebPage","@id":"https:\/\/satamanteniments.com\/producto\/vyrta-direct-flow-1000\/","url":"https:\/\/satamanteniments.com\/producto\/vyrta-direct-flow-1000\/","name":"Equip d\u2019osmosi dom\u00e8stica VYRTA Direct Flow 1000","isPartOf":{"@id":"https:\/\/satamanteniments.com\/#website"},"primaryImageOfPage":{"@id":"https:\/\/satamanteniments.com\/producto\/vyrta-direct-flow-1000\/#primaryimage"},"image":{"@id":"https:\/\/satamanteniments.com\/producto\/vyrta-direct-flow-1000\/#primaryimage"},"thumbnailUrl":"https:\/\/satamanteniments.com\/wp-content\/uploads\/2025\/09\/vyrta-osmosis.jpg","datePublished":"2025-09-04T08:34:59+00:00","dateModified":"2026-02-16T08:32:34+00:00","description":"Osmosi de flux directe sense dip\u00f2sit: control de qualitat, avisos de filtres\/membrana, sensor de fuites, autorentat i aixeta intel\u00b7ligent amb LED.","breadcrumb":{"@id":"https:\/\/satamanteniments.com\/producto\/vyrta-direct-flow-1000\/#breadcrumb"},"inLanguage":"ca","potentialAction":[{"@type":"ReadAction","target":["https:\/\/satamanteniments.com\/producto\/vyrta-direct-flow-1000\/"]}]},{"@type":"ImageObject","inLanguage":"ca","@id":"https:\/\/satamanteniments.com\/producto\/vyrta-direct-flow-1000\/#primaryimage","url":"https:\/\/satamanteniments.com\/wp-content\/uploads\/2025\/09\/vyrta-osmosis.jpg","contentUrl":"https:\/\/satamanteniments.com\/wp-content\/uploads\/2025\/09\/vyrta-osmosis.jpg","width":700,"height":700,"caption":"Osmosis Vyrta"},{"@type":"BreadcrumbList","@id":"https:\/\/satamanteniments.com\/producto\/vyrta-direct-flow-1000\/#breadcrumb","itemListElement":[{"@type":"ListItem","position":1,"name":"Portada","item":"https:\/\/satamanteniments.com\/"},{"@type":"ListItem","position":2,"name":"Tienda","item":"https:\/\/satamanteniments.com\/?page_id=892"},{"@type":"ListItem","position":3,"name":"Equipo de \u00f3smosis inversa de flujo directo dom\u00e9stico VYRTA Direct Flow 1000"}]},{"@type":"WebSite","@id":"https:\/\/satamanteniments.com\/#website","url":"https:\/\/satamanteniments.com\/","name":"Tractament d\u2019aigua a Barcelona \u2013 Sata Manteniments","description":"Experts en osmosi, descalcificadors i purificadors d\u2019aigua. Instal\u00b7laci\u00f3 i manteniment professional per a llars i empreses a Barcelona i a tota Catalunya.","potentialAction":[{"@type":"SearchAction","target":{"@type":"EntryPoint","urlTemplate":"https:\/\/satamanteniments.com\/?s={search_term_string}"},"query-input":{"@type":"PropertyValueSpecification","valueRequired":true,"valueName":"search_term_string"}}],"inLanguage":"ca"}]}},"_links":{"self":[{"href":"https:\/\/satamanteniments.com\/ca\/wp-json\/wp\/v2\/product\/1515","targetHints":{"allow":["GET"]}}],"collection":[{"href":"https:\/\/satamanteniments.com\/ca\/wp-json\/wp\/v2\/product"}],"about":[{"href":"https:\/\/satamanteniments.com\/ca\/wp-json\/wp\/v2\/types\/product"}],"replies":[{"embeddable":true,"href":"https:\/\/satamanteniments.com\/ca\/wp-json\/wp\/v2\/comments?post=1515"}],"wp:featuredmedia":[{"embeddable":true,"href":"https:\/\/satamanteniments.com\/ca\/wp-json\/wp\/v2\/media\/1504"}],"wp:attachment":[{"href":"https:\/\/satamanteniments.com\/ca\/wp-json\/wp\/v2\/media?parent=1515"}],"wp:term":[{"taxonomy":"product_brand","embeddable":true,"href":"https:\/\/satamanteniments.com\/ca\/wp-json\/wp\/v2\/product_brand?post=1515"},{"taxonomy":"product_cat","embeddable":true,"href":"https:\/\/satamanteniments.com\/ca\/wp-json\/wp\/v2\/product_cat?post=1515"},{"taxonomy":"product_tag","embeddable":true,"href":"https:\/\/satamanteniments.com\/ca\/wp-json\/wp\/v2\/product_tag?post=1515"}],"curies":[{"name":"wp","href":"https:\/\/api.w.org\/{rel}","templated":true}]}}