{"id":1516,"date":"2025-09-04T10:35:35","date_gmt":"2025-09-04T08:35:35","guid":{"rendered":"https:\/\/satamanteniments.com\/?post_type=product&#038;p=1516"},"modified":"2026-02-16T08:40:27","modified_gmt":"2026-02-16T07:40:27","slug":"creative","status":"publish","type":"product","link":"https:\/\/satamanteniments.com\/ca\/producte\/creative\/","title":{"rendered":"Fuente purificadora de agua Creative para hogar y oficina"},"content":{"rendered":"<h3>Fuente purificadora de agua Creative<\/h3>\n<p>La Creative es <strong>una font purificadora de peu<\/strong> que combina disseny pr\u00e0ctic i tecnologia avan\u00e7ada per oferir-te aigua m\u00e9s neta i segura a casa o a l\u2019oficina. El seu sistema de filtraci\u00f3 multietapa \u2014amb carb\u00f3 activat, polipropil\u00e8 i membrana de 100 GPD\u2014 <strong>redueix fins al 99 % el clor i els bacteris<\/strong>, millorant el gust i la qualitat de l\u2019aigua cada dia.<\/p>\n<p>Disposa de dip\u00f2sits d\u2019acer inoxidable que garanteixen la m\u00e0xima higiene i durabilitat, amb dues temperatures sempre disponibles: aigua freda entre 3\u20138 \u00b0C (3,8 L) i aigua calenta (2 L), amb bot\u00f3 de seguretat per a un \u00fas fiable en fam\u00edlia o en espais compartits.<\/p>\n<p>Compacta i eficient, la <strong>Creative<\/strong> est\u00e0 dissenyada per a un \u00fas intensiu en llars modernes i oficines que busquen comoditat i benestar. <strong>Certificada segons normes UNE i RD<\/strong> vigents, \u00e9s la soluci\u00f3 perfecta per a aquells que volen gaudir d\u2019aigua de qualitat, amb la tranquil\u00b7litat de comptar amb un sistema robust i segur.<\/p>","protected":false},"excerpt":{"rendered":"<p>Fuente purificadora de agua Creative La Creative es una fuente purificadora de pie que combina dise\u00f1o pr\u00e1ctico y tecnolog\u00eda avanzada para ofrecerte agua m\u00e1s limpia y segura en tu hogar u oficina. Su sistema de filtraci\u00f3n multietapa \u2014con carb\u00f3n activado, polipropileno y membrana de 100 GPD\u2014 reduce hasta un 99 % el cloro y bacterias,&hellip;&nbsp;<\/p>","protected":false},"featured_media":1517,"comment_status":"open","ping_status":"closed","template":"","meta":{"_acf_changed":false,"inline_featured_image":false,"neve_meta_sidebar":"","neve_meta_container":"","neve_meta_enable_content_width":"off","neve_meta_content_width":100,"neve_meta_title_alignment":"","neve_meta_author_avatar":"","neve_post_elements_order":"","neve_meta_disable_header":"","neve_meta_disable_footer":"","neve_meta_disable_title":""},"product_brand":[],"product_cat":[42],"product_tag":[],"class_list":{"0":"post-1516","1":"product","2":"type-product","3":"status-publish","4":"has-post-thumbnail","6":"product_cat-osmosis","8":"first","9":"instock","10":"shipping-taxable","11":"product-type-simple"},"acf":[],"yoast_head":"<!-- This site is optimized with the Yoast SEO plugin v27.3 - https:\/\/yoast.com\/product\/yoast-seo-wordpress\/ -->\n<title>Fuente purificadora Creative para hogar y oficina<\/title>\n<meta name=\"description\" content=\"Disfruta de agua m\u00e1s limpia con la fuente Creative. Filtraci\u00f3n multietapa, dep\u00f3sitos inoxidables, agua fr\u00eda y caliente, y reducci\u00f3n del cloro.\" \/>\n<meta name=\"robots\" content=\"index, follow, max-snippet:-1, max-image-preview:large, max-video-preview:-1\" \/>\n<link rel=\"canonical\" href=\"https:\/\/satamanteniments.com\/ca\/producte\/creative\/\" \/>\n<meta property=\"og:locale\" content=\"ca_ES\" \/>\n<meta property=\"og:type\" content=\"article\" \/>\n<meta property=\"og:title\" content=\"Fuente purificadora Creative para hogar y oficina\" \/>\n<meta property=\"og:description\" content=\"Disfruta de agua m\u00e1s limpia con la fuente Creative. Filtraci\u00f3n multietapa, dep\u00f3sitos inoxidables, agua fr\u00eda y caliente, y reducci\u00f3n del cloro.\" \/>\n<meta property=\"og:url\" content=\"https:\/\/satamanteniments.com\/ca\/producte\/creative\/\" \/>\n<meta property=\"og:site_name\" content=\"SATA | Soluciones t\u00e9cnicas del agua\" \/>\n<meta property=\"article:modified_time\" content=\"2026-02-16T07:40:27+00:00\" \/>\n<meta property=\"og:image\" content=\"https:\/\/satamanteniments.com\/wp-content\/uploads\/2025\/09\/fuente-bermax-creative.jpg\" \/>\n\t<meta property=\"og:image:width\" content=\"700\" \/>\n\t<meta property=\"og:image:height\" content=\"700\" \/>\n\t<meta property=\"og:image:type\" content=\"image\/jpeg\" \/>\n<meta name=\"twitter:card\" content=\"summary_large_image\" \/>\n<script type=\"application\/ld+json\" class=\"yoast-schema-graph\">{\"@context\":\"https:\\\/\\\/schema.org\",\"@graph\":[{\"@type\":\"WebPage\",\"@id\":\"https:\\\/\\\/satamanteniments.com\\\/producto\\\/creative\\\/\",\"url\":\"https:\\\/\\\/satamanteniments.com\\\/producto\\\/creative\\\/\",\"name\":\"Fuente purificadora Creative para hogar y oficina\",\"isPartOf\":{\"@id\":\"https:\\\/\\\/satamanteniments.com\\\/#website\"},\"primaryImageOfPage\":{\"@id\":\"https:\\\/\\\/satamanteniments.com\\\/producto\\\/creative\\\/#primaryimage\"},\"image\":{\"@id\":\"https:\\\/\\\/satamanteniments.com\\\/producto\\\/creative\\\/#primaryimage\"},\"thumbnailUrl\":\"https:\\\/\\\/satamanteniments.com\\\/wp-content\\\/uploads\\\/2025\\\/09\\\/fuente-bermax-creative.jpg\",\"datePublished\":\"2025-09-04T08:35:35+00:00\",\"dateModified\":\"2026-02-16T07:40:27+00:00\",\"description\":\"Disfruta de agua m\u00e1s limpia con la fuente Creative. Filtraci\u00f3n multietapa, dep\u00f3sitos inoxidables, agua fr\u00eda y caliente, y reducci\u00f3n del cloro.\",\"breadcrumb\":{\"@id\":\"https:\\\/\\\/satamanteniments.com\\\/producto\\\/creative\\\/#breadcrumb\"},\"inLanguage\":\"ca\",\"potentialAction\":[{\"@type\":\"ReadAction\",\"target\":[\"https:\\\/\\\/satamanteniments.com\\\/producto\\\/creative\\\/\"]}]},{\"@type\":\"ImageObject\",\"inLanguage\":\"ca\",\"@id\":\"https:\\\/\\\/satamanteniments.com\\\/producto\\\/creative\\\/#primaryimage\",\"url\":\"https:\\\/\\\/satamanteniments.com\\\/wp-content\\\/uploads\\\/2025\\\/09\\\/fuente-bermax-creative.jpg\",\"contentUrl\":\"https:\\\/\\\/satamanteniments.com\\\/wp-content\\\/uploads\\\/2025\\\/09\\\/fuente-bermax-creative.jpg\",\"width\":700,\"height\":700,\"caption\":\"Fuente purificadora de agua Bermax Creative\"},{\"@type\":\"BreadcrumbList\",\"@id\":\"https:\\\/\\\/satamanteniments.com\\\/producto\\\/creative\\\/#breadcrumb\",\"itemListElement\":[{\"@type\":\"ListItem\",\"position\":1,\"name\":\"Portada\",\"item\":\"https:\\\/\\\/satamanteniments.com\\\/\"},{\"@type\":\"ListItem\",\"position\":2,\"name\":\"Tienda\",\"item\":\"https:\\\/\\\/satamanteniments.com\\\/?page_id=892\"},{\"@type\":\"ListItem\",\"position\":3,\"name\":\"Fuente purificadora de agua Creative para hogar y oficina\"}]},{\"@type\":\"WebSite\",\"@id\":\"https:\\\/\\\/satamanteniments.com\\\/#website\",\"url\":\"https:\\\/\\\/satamanteniments.com\\\/\",\"name\":\"Tratamiento de agua en Barcelona \u2013 Sata Manteniments\",\"description\":\"Expertos en \u00f3smosis, descalcificadores y purificadores de agua. Instalaci\u00f3n y mantenimiento profesional para hogares y empresas en Barcelona y toda Catalu\u00f1a.\",\"potentialAction\":[{\"@type\":\"SearchAction\",\"target\":{\"@type\":\"EntryPoint\",\"urlTemplate\":\"https:\\\/\\\/satamanteniments.com\\\/?s={search_term_string}\"},\"query-input\":{\"@type\":\"PropertyValueSpecification\",\"valueRequired\":true,\"valueName\":\"search_term_string\"}}],\"inLanguage\":\"ca\"}]}<\/script>\n<!-- \/ Yoast SEO plugin. -->","yoast_head_json":{"title":"Fuente purificadora Creative para hogar y oficina","description":"Disfruta de agua m\u00e1s limpia con la fuente Creative. Filtraci\u00f3n multietapa, dep\u00f3sitos inoxidables, agua fr\u00eda y caliente, y reducci\u00f3n del cloro.","robots":{"index":"index","follow":"follow","max-snippet":"max-snippet:-1","max-image-preview":"max-image-preview:large","max-video-preview":"max-video-preview:-1"},"canonical":"https:\/\/satamanteniments.com\/ca\/producte\/creative\/","og_locale":"ca_ES","og_type":"article","og_title":"Fuente purificadora Creative para hogar y oficina","og_description":"Disfruta de agua m\u00e1s limpia con la fuente Creative. Filtraci\u00f3n multietapa, dep\u00f3sitos inoxidables, agua fr\u00eda y caliente, y reducci\u00f3n del cloro.","og_url":"https:\/\/satamanteniments.com\/ca\/producte\/creative\/","og_site_name":"SATA | Soluciones t\u00e9cnicas del agua","article_modified_time":"2026-02-16T07:40:27+00:00","og_image":[{"width":700,"height":700,"url":"https:\/\/satamanteniments.com\/wp-content\/uploads\/2025\/09\/fuente-bermax-creative.jpg","type":"image\/jpeg"}],"twitter_card":"summary_large_image","schema":{"@context":"https:\/\/schema.org","@graph":[{"@type":"WebPage","@id":"https:\/\/satamanteniments.com\/producto\/creative\/","url":"https:\/\/satamanteniments.com\/producto\/creative\/","name":"Fuente purificadora Creative para hogar y oficina","isPartOf":{"@id":"https:\/\/satamanteniments.com\/#website"},"primaryImageOfPage":{"@id":"https:\/\/satamanteniments.com\/producto\/creative\/#primaryimage"},"image":{"@id":"https:\/\/satamanteniments.com\/producto\/creative\/#primaryimage"},"thumbnailUrl":"https:\/\/satamanteniments.com\/wp-content\/uploads\/2025\/09\/fuente-bermax-creative.jpg","datePublished":"2025-09-04T08:35:35+00:00","dateModified":"2026-02-16T07:40:27+00:00","description":"Disfruta de agua m\u00e1s limpia con la fuente Creative. Filtraci\u00f3n multietapa, dep\u00f3sitos inoxidables, agua fr\u00eda y caliente, y reducci\u00f3n del cloro.","breadcrumb":{"@id":"https:\/\/satamanteniments.com\/producto\/creative\/#breadcrumb"},"inLanguage":"ca","potentialAction":[{"@type":"ReadAction","target":["https:\/\/satamanteniments.com\/producto\/creative\/"]}]},{"@type":"ImageObject","inLanguage":"ca","@id":"https:\/\/satamanteniments.com\/producto\/creative\/#primaryimage","url":"https:\/\/satamanteniments.com\/wp-content\/uploads\/2025\/09\/fuente-bermax-creative.jpg","contentUrl":"https:\/\/satamanteniments.com\/wp-content\/uploads\/2025\/09\/fuente-bermax-creative.jpg","width":700,"height":700,"caption":"Fuente purificadora de agua Bermax Creative"},{"@type":"BreadcrumbList","@id":"https:\/\/satamanteniments.com\/producto\/creative\/#breadcrumb","itemListElement":[{"@type":"ListItem","position":1,"name":"Portada","item":"https:\/\/satamanteniments.com\/"},{"@type":"ListItem","position":2,"name":"Tienda","item":"https:\/\/satamanteniments.com\/?page_id=892"},{"@type":"ListItem","position":3,"name":"Fuente purificadora de agua Creative para hogar y oficina"}]},{"@type":"WebSite","@id":"https:\/\/satamanteniments.com\/#website","url":"https:\/\/satamanteniments.com\/","name":"Tractament d\u2019aigua a Barcelona \u2013 Sata Manteniments","description":"Experts en osmosi, descalcificadors i purificadors d\u2019aigua. Instal\u00b7laci\u00f3 i manteniment professional per a llars i empreses a Barcelona i a tota Catalunya.","potentialAction":[{"@type":"SearchAction","target":{"@type":"EntryPoint","urlTemplate":"https:\/\/satamanteniments.com\/?s={search_term_string}"},"query-input":{"@type":"PropertyValueSpecification","valueRequired":true,"valueName":"search_term_string"}}],"inLanguage":"ca"}]}},"_links":{"self":[{"href":"https:\/\/satamanteniments.com\/ca\/wp-json\/wp\/v2\/product\/1516","targetHints":{"allow":["GET"]}}],"collection":[{"href":"https:\/\/satamanteniments.com\/ca\/wp-json\/wp\/v2\/product"}],"about":[{"href":"https:\/\/satamanteniments.com\/ca\/wp-json\/wp\/v2\/types\/product"}],"replies":[{"embeddable":true,"href":"https:\/\/satamanteniments.com\/ca\/wp-json\/wp\/v2\/comments?post=1516"}],"wp:featuredmedia":[{"embeddable":true,"href":"https:\/\/satamanteniments.com\/ca\/wp-json\/wp\/v2\/media\/1517"}],"wp:attachment":[{"href":"https:\/\/satamanteniments.com\/ca\/wp-json\/wp\/v2\/media?parent=1516"}],"wp:term":[{"taxonomy":"product_brand","embeddable":true,"href":"https:\/\/satamanteniments.com\/ca\/wp-json\/wp\/v2\/product_brand?post=1516"},{"taxonomy":"product_cat","embeddable":true,"href":"https:\/\/satamanteniments.com\/ca\/wp-json\/wp\/v2\/product_cat?post=1516"},{"taxonomy":"product_tag","embeddable":true,"href":"https:\/\/satamanteniments.com\/ca\/wp-json\/wp\/v2\/product_tag?post=1516"}],"curies":[{"name":"wp","href":"https:\/\/api.w.org\/{rel}","templated":true}]}}