{"id":1518,"date":"2025-09-04T10:36:04","date_gmt":"2025-09-04T08:36:04","guid":{"rendered":"https:\/\/satamanteniments.com\/?post_type=product&#038;p=1518"},"modified":"2026-02-16T08:37:01","modified_gmt":"2026-02-16T07:37:01","slug":"hidrologik","status":"publish","type":"product","link":"https:\/\/satamanteniments.com\/ca\/producte\/hidrologik\/","title":{"rendered":"Equipo de agua hidrogenada dom\u00e9stico Hidrologik"},"content":{"rendered":"<h3>Hidrogenador dom\u00e9stico Hidrologik<\/h3>\n<p>El <strong>Hidrologik<\/strong> \u00e9s un equip compacte dissenyat per generar aigua hidrogenada de qualitat directament a casa. La seva avan\u00e7ada tecnologia permet enriquir l\u2019aigua amb hidrogen, cosa que millora el seu gust i aporta un extra de benestar en el consum diari.<\/p>\n<p>Funciona de manera segura en un rang de pressi\u00f3 de 1\u20135 bar i temperatura de 5\u201335 \u00b0C, amb requisits d\u2019aigua d\u2019entrada lliure de clor i duresa inferior a 5\u00b0HF. El seu disseny redu\u00eft (148 \u00d7 360 \u00d7 360 mm i 4,5 kg) el fa perfecte per a cuines modernes, on l\u2019espai \u00e9s limitat per\u00f2 no es vol renunciar a un equip d\u2019alt rendiment.<\/p>\n<p>El <strong>Hidrologik<\/strong> combina efici\u00e8ncia, facilitat d\u2019\u00fas i un format pensat per a aquells que volen cuidar la seva salut amb aigua m\u00e9s neta i saludable, sense complicacions.<\/p>\n<p>&nbsp;<\/p>","protected":false},"excerpt":{"rendered":"<p>Hidrogenador dom\u00e9stico Hidrologik El Hidrologik es un equipo compacto dise\u00f1ado para generar agua hidrogenada de calidad directamente en el hogar. Su avanzada tecnolog\u00eda permite enriquecer el agua con hidr\u00f3geno, lo que mejora su sabor y aporta un extra de bienestar en el consumo diario. Funciona de forma segura en un rango de presi\u00f3n de 1\u20135&hellip;&nbsp;<\/p>","protected":false},"featured_media":1503,"comment_status":"open","ping_status":"closed","template":"","meta":{"_acf_changed":false,"inline_featured_image":false,"neve_meta_sidebar":"","neve_meta_container":"","neve_meta_enable_content_width":"off","neve_meta_content_width":100,"neve_meta_title_alignment":"","neve_meta_author_avatar":"","neve_post_elements_order":"","neve_meta_disable_header":"","neve_meta_disable_footer":"","neve_meta_disable_title":""},"product_brand":[],"product_cat":[42],"product_tag":[],"class_list":{"0":"post-1518","1":"product","2":"type-product","3":"status-publish","4":"has-post-thumbnail","6":"product_cat-osmosis","8":"first","9":"instock","10":"shipping-taxable","11":"product-type-simple"},"acf":[],"yoast_head":"<!-- This site is optimized with the Yoast SEO plugin v27.3 - https:\/\/yoast.com\/product\/yoast-seo-wordpress\/ -->\n<title>Equipo de agua hidrogenada dom\u00e9stico Hidrologik<\/title>\n<meta name=\"description\" content=\"Hidrologik, equipo compacto para agua hidrogenada en casa. Instalaci\u00f3n sencilla, bajo consumo y agua m\u00e1s saludable cada d\u00eda.\" \/>\n<meta name=\"robots\" content=\"index, follow, max-snippet:-1, max-image-preview:large, max-video-preview:-1\" \/>\n<link rel=\"canonical\" href=\"https:\/\/satamanteniments.com\/ca\/producte\/hidrologik\/\" \/>\n<meta property=\"og:locale\" content=\"ca_ES\" \/>\n<meta property=\"og:type\" content=\"article\" \/>\n<meta property=\"og:title\" content=\"Equipo de agua hidrogenada dom\u00e9stico Hidrologik\" \/>\n<meta property=\"og:description\" content=\"Hidrologik, equipo compacto para agua hidrogenada en casa. Instalaci\u00f3n sencilla, bajo consumo y agua m\u00e1s saludable cada d\u00eda.\" \/>\n<meta property=\"og:url\" content=\"https:\/\/satamanteniments.com\/ca\/producte\/hidrologik\/\" \/>\n<meta property=\"og:site_name\" content=\"SATA | Soluciones t\u00e9cnicas del agua\" \/>\n<meta property=\"article:modified_time\" content=\"2026-02-16T07:37:01+00:00\" \/>\n<meta property=\"og:image\" content=\"https:\/\/satamanteniments.com\/wp-content\/uploads\/2025\/09\/hidro-logik-hidrogenador-de-agua.jpg\" \/>\n\t<meta property=\"og:image:width\" content=\"700\" \/>\n\t<meta property=\"og:image:height\" content=\"700\" \/>\n\t<meta property=\"og:image:type\" content=\"image\/jpeg\" \/>\n<meta name=\"twitter:card\" content=\"summary_large_image\" \/>\n<script type=\"application\/ld+json\" class=\"yoast-schema-graph\">{\"@context\":\"https:\\\/\\\/schema.org\",\"@graph\":[{\"@type\":\"WebPage\",\"@id\":\"https:\\\/\\\/satamanteniments.com\\\/producto\\\/hidrologik\\\/\",\"url\":\"https:\\\/\\\/satamanteniments.com\\\/producto\\\/hidrologik\\\/\",\"name\":\"Equipo de agua hidrogenada dom\u00e9stico Hidrologik\",\"isPartOf\":{\"@id\":\"https:\\\/\\\/satamanteniments.com\\\/#website\"},\"primaryImageOfPage\":{\"@id\":\"https:\\\/\\\/satamanteniments.com\\\/producto\\\/hidrologik\\\/#primaryimage\"},\"image\":{\"@id\":\"https:\\\/\\\/satamanteniments.com\\\/producto\\\/hidrologik\\\/#primaryimage\"},\"thumbnailUrl\":\"https:\\\/\\\/satamanteniments.com\\\/wp-content\\\/uploads\\\/2025\\\/09\\\/hidro-logik-hidrogenador-de-agua.jpg\",\"datePublished\":\"2025-09-04T08:36:04+00:00\",\"dateModified\":\"2026-02-16T07:37:01+00:00\",\"description\":\"Hidrologik, equipo compacto para agua hidrogenada en casa. Instalaci\u00f3n sencilla, bajo consumo y agua m\u00e1s saludable cada d\u00eda.\",\"breadcrumb\":{\"@id\":\"https:\\\/\\\/satamanteniments.com\\\/producto\\\/hidrologik\\\/#breadcrumb\"},\"inLanguage\":\"ca\",\"potentialAction\":[{\"@type\":\"ReadAction\",\"target\":[\"https:\\\/\\\/satamanteniments.com\\\/producto\\\/hidrologik\\\/\"]}]},{\"@type\":\"ImageObject\",\"inLanguage\":\"ca\",\"@id\":\"https:\\\/\\\/satamanteniments.com\\\/producto\\\/hidrologik\\\/#primaryimage\",\"url\":\"https:\\\/\\\/satamanteniments.com\\\/wp-content\\\/uploads\\\/2025\\\/09\\\/hidro-logik-hidrogenador-de-agua.jpg\",\"contentUrl\":\"https:\\\/\\\/satamanteniments.com\\\/wp-content\\\/uploads\\\/2025\\\/09\\\/hidro-logik-hidrogenador-de-agua.jpg\",\"width\":700,\"height\":700,\"caption\":\"Equipo Hidrogenador Hidro-Logik\"},{\"@type\":\"BreadcrumbList\",\"@id\":\"https:\\\/\\\/satamanteniments.com\\\/producto\\\/hidrologik\\\/#breadcrumb\",\"itemListElement\":[{\"@type\":\"ListItem\",\"position\":1,\"name\":\"Portada\",\"item\":\"https:\\\/\\\/satamanteniments.com\\\/\"},{\"@type\":\"ListItem\",\"position\":2,\"name\":\"Tienda\",\"item\":\"https:\\\/\\\/satamanteniments.com\\\/?page_id=892\"},{\"@type\":\"ListItem\",\"position\":3,\"name\":\"Equipo de agua hidrogenada dom\u00e9stico Hidrologik\"}]},{\"@type\":\"WebSite\",\"@id\":\"https:\\\/\\\/satamanteniments.com\\\/#website\",\"url\":\"https:\\\/\\\/satamanteniments.com\\\/\",\"name\":\"Tratamiento de agua en Barcelona \u2013 Sata Manteniments\",\"description\":\"Expertos en \u00f3smosis, descalcificadores y purificadores de agua. Instalaci\u00f3n y mantenimiento profesional para hogares y empresas en Barcelona y toda Catalu\u00f1a.\",\"potentialAction\":[{\"@type\":\"SearchAction\",\"target\":{\"@type\":\"EntryPoint\",\"urlTemplate\":\"https:\\\/\\\/satamanteniments.com\\\/?s={search_term_string}\"},\"query-input\":{\"@type\":\"PropertyValueSpecification\",\"valueRequired\":true,\"valueName\":\"search_term_string\"}}],\"inLanguage\":\"ca\"}]}<\/script>\n<!-- \/ Yoast SEO plugin. -->","yoast_head_json":{"title":"Equipo de agua hidrogenada dom\u00e9stico Hidrologik","description":"Hidrologik, equipo compacto para agua hidrogenada en casa. Instalaci\u00f3n sencilla, bajo consumo y agua m\u00e1s saludable cada d\u00eda.","robots":{"index":"index","follow":"follow","max-snippet":"max-snippet:-1","max-image-preview":"max-image-preview:large","max-video-preview":"max-video-preview:-1"},"canonical":"https:\/\/satamanteniments.com\/ca\/producte\/hidrologik\/","og_locale":"ca_ES","og_type":"article","og_title":"Equipo de agua hidrogenada dom\u00e9stico Hidrologik","og_description":"Hidrologik, equipo compacto para agua hidrogenada en casa. Instalaci\u00f3n sencilla, bajo consumo y agua m\u00e1s saludable cada d\u00eda.","og_url":"https:\/\/satamanteniments.com\/ca\/producte\/hidrologik\/","og_site_name":"SATA | Soluciones t\u00e9cnicas del agua","article_modified_time":"2026-02-16T07:37:01+00:00","og_image":[{"width":700,"height":700,"url":"https:\/\/satamanteniments.com\/wp-content\/uploads\/2025\/09\/hidro-logik-hidrogenador-de-agua.jpg","type":"image\/jpeg"}],"twitter_card":"summary_large_image","schema":{"@context":"https:\/\/schema.org","@graph":[{"@type":"WebPage","@id":"https:\/\/satamanteniments.com\/producto\/hidrologik\/","url":"https:\/\/satamanteniments.com\/producto\/hidrologik\/","name":"Equipo de agua hidrogenada dom\u00e9stico Hidrologik","isPartOf":{"@id":"https:\/\/satamanteniments.com\/#website"},"primaryImageOfPage":{"@id":"https:\/\/satamanteniments.com\/producto\/hidrologik\/#primaryimage"},"image":{"@id":"https:\/\/satamanteniments.com\/producto\/hidrologik\/#primaryimage"},"thumbnailUrl":"https:\/\/satamanteniments.com\/wp-content\/uploads\/2025\/09\/hidro-logik-hidrogenador-de-agua.jpg","datePublished":"2025-09-04T08:36:04+00:00","dateModified":"2026-02-16T07:37:01+00:00","description":"Hidrologik, equipo compacto para agua hidrogenada en casa. Instalaci\u00f3n sencilla, bajo consumo y agua m\u00e1s saludable cada d\u00eda.","breadcrumb":{"@id":"https:\/\/satamanteniments.com\/producto\/hidrologik\/#breadcrumb"},"inLanguage":"ca","potentialAction":[{"@type":"ReadAction","target":["https:\/\/satamanteniments.com\/producto\/hidrologik\/"]}]},{"@type":"ImageObject","inLanguage":"ca","@id":"https:\/\/satamanteniments.com\/producto\/hidrologik\/#primaryimage","url":"https:\/\/satamanteniments.com\/wp-content\/uploads\/2025\/09\/hidro-logik-hidrogenador-de-agua.jpg","contentUrl":"https:\/\/satamanteniments.com\/wp-content\/uploads\/2025\/09\/hidro-logik-hidrogenador-de-agua.jpg","width":700,"height":700,"caption":"Equipo Hidrogenador Hidro-Logik"},{"@type":"BreadcrumbList","@id":"https:\/\/satamanteniments.com\/producto\/hidrologik\/#breadcrumb","itemListElement":[{"@type":"ListItem","position":1,"name":"Portada","item":"https:\/\/satamanteniments.com\/"},{"@type":"ListItem","position":2,"name":"Tienda","item":"https:\/\/satamanteniments.com\/?page_id=892"},{"@type":"ListItem","position":3,"name":"Equipo de agua hidrogenada dom\u00e9stico Hidrologik"}]},{"@type":"WebSite","@id":"https:\/\/satamanteniments.com\/#website","url":"https:\/\/satamanteniments.com\/","name":"Tractament d\u2019aigua a Barcelona \u2013 Sata Manteniments","description":"Experts en osmosi, descalcificadors i purificadors d\u2019aigua. Instal\u00b7laci\u00f3 i manteniment professional per a llars i empreses a Barcelona i a tota Catalunya.","potentialAction":[{"@type":"SearchAction","target":{"@type":"EntryPoint","urlTemplate":"https:\/\/satamanteniments.com\/?s={search_term_string}"},"query-input":{"@type":"PropertyValueSpecification","valueRequired":true,"valueName":"search_term_string"}}],"inLanguage":"ca"}]}},"_links":{"self":[{"href":"https:\/\/satamanteniments.com\/ca\/wp-json\/wp\/v2\/product\/1518","targetHints":{"allow":["GET"]}}],"collection":[{"href":"https:\/\/satamanteniments.com\/ca\/wp-json\/wp\/v2\/product"}],"about":[{"href":"https:\/\/satamanteniments.com\/ca\/wp-json\/wp\/v2\/types\/product"}],"replies":[{"embeddable":true,"href":"https:\/\/satamanteniments.com\/ca\/wp-json\/wp\/v2\/comments?post=1518"}],"wp:featuredmedia":[{"embeddable":true,"href":"https:\/\/satamanteniments.com\/ca\/wp-json\/wp\/v2\/media\/1503"}],"wp:attachment":[{"href":"https:\/\/satamanteniments.com\/ca\/wp-json\/wp\/v2\/media?parent=1518"}],"wp:term":[{"taxonomy":"product_brand","embeddable":true,"href":"https:\/\/satamanteniments.com\/ca\/wp-json\/wp\/v2\/product_brand?post=1518"},{"taxonomy":"product_cat","embeddable":true,"href":"https:\/\/satamanteniments.com\/ca\/wp-json\/wp\/v2\/product_cat?post=1518"},{"taxonomy":"product_tag","embeddable":true,"href":"https:\/\/satamanteniments.com\/ca\/wp-json\/wp\/v2\/product_tag?post=1518"}],"curies":[{"name":"wp","href":"https:\/\/api.w.org\/{rel}","templated":true}]}}