{"id":1519,"date":"2025-09-04T10:36:35","date_gmt":"2025-09-04T08:36:35","guid":{"rendered":"https:\/\/satamanteniments.com\/?post_type=product&#038;p=1519"},"modified":"2026-02-16T09:32:07","modified_gmt":"2026-02-16T08:32:07","slug":"luxus-wasser-blanca","status":"publish","type":"product","link":"https:\/\/satamanteniments.com\/ca\/producte\/luxus-wasser-blanca\/","title":{"rendered":"Sistema d\u2019oxigen actiu dom\u00e8stic Luxus Wasser Blanca"},"content":{"rendered":"<h3>Ionitzador d\u2019aigua dom\u00e8stic Luxus Wasser Blanc<\/h3>\n<p>El <strong>Luxus Wasser Blanca<\/strong> \u00e9s un dispositiu dom\u00e8stic innovador d\u2019oxigen actiu (oz\u00f3) dissenyat per transformar l\u2019aigua corrent en una potent eina de neteja i higiene. Amb un cabal de 4,5 L\/min i un nivell d\u2019oz\u00f3 aproximat d\u2019entre 0,6 i 1,4 ppm, aquest equip converteix cada gota en un aliat per desinfectar fruites, verdures, roba, joguines, terres, vidres i superf\u00edcies de la llar.<\/p>\n<p>Gr\u00e0cies a la seva capacitat de generar oz\u00f3 dissolt directament a l\u2019aigua, elimina olors, bacteris i residus sense necessitat de productes qu\u00edmics, aportant una neteja m\u00e9s saludable, segura i respectuosa amb el medi ambient. \u00c9s ideal per a fam\u00edlies que busquen una llar lliure d\u2019agents agressius, amb la tranquil\u00b7litat de cuidar tant la seva salut com el seu entorn.<\/p>","protected":false},"excerpt":{"rendered":"<p>El <strong>Luxus Wasser Blanca<\/strong> \u00e9s un dispositiu dom\u00e8stic innovador d\u2019oxigen actiu (oz\u00f3) dissenyat per transformar l\u2019aigua corrent en una potent eina de neteja i higiene. Amb un cabal de 4,5 L\/min i un nivell d\u2019oz\u00f3 aproximat d\u2019entre 0,6 i 1,4 ppm, aquest equip converteix cada gota en un aliat per desinfectar fruites, verdures, roba, joguines, terres, vidres i superf\u00edcies de la llar.<\/p>","protected":false},"featured_media":1501,"comment_status":"open","ping_status":"closed","template":"","meta":{"_acf_changed":false,"inline_featured_image":false,"neve_meta_sidebar":"","neve_meta_container":"","neve_meta_enable_content_width":"off","neve_meta_content_width":100,"neve_meta_title_alignment":"","neve_meta_author_avatar":"","neve_post_elements_order":"","neve_meta_disable_header":"","neve_meta_disable_footer":"","neve_meta_disable_title":""},"product_brand":[],"product_cat":[45],"product_tag":[],"class_list":{"0":"post-1519","1":"product","2":"type-product","3":"status-publish","4":"has-post-thumbnail","6":"product_cat-ozono","8":"first","9":"instock","10":"shipping-taxable","11":"product-type-simple"},"acf":[],"yoast_head":"<!-- This site is optimized with the Yoast SEO plugin v27.3 - https:\/\/yoast.com\/product\/yoast-seo-wordpress\/ -->\n<title>Equipo de ox\u00edgeno activo dom\u00e9stico Luxus Wasser blanca<\/title>\n<meta name=\"description\" content=\"Sistema de Ox\u00edgeno activo (ozono) para la limpieza del Hogar.\" \/>\n<meta name=\"robots\" content=\"index, follow, max-snippet:-1, max-image-preview:large, max-video-preview:-1\" \/>\n<link rel=\"canonical\" href=\"https:\/\/satamanteniments.com\/ca\/producte\/luxus-wasser-blanca\/\" \/>\n<meta property=\"og:locale\" content=\"ca_ES\" \/>\n<meta property=\"og:type\" content=\"article\" \/>\n<meta property=\"og:title\" content=\"Equipo de ox\u00edgeno activo dom\u00e9stico Luxus Wasser blanca\" \/>\n<meta property=\"og:description\" content=\"Sistema de Ox\u00edgeno activo (ozono) para la limpieza del Hogar.\" \/>\n<meta property=\"og:url\" content=\"https:\/\/satamanteniments.com\/ca\/producte\/luxus-wasser-blanca\/\" \/>\n<meta property=\"og:site_name\" content=\"SATA | Soluciones t\u00e9cnicas del agua\" \/>\n<meta property=\"article:modified_time\" content=\"2026-02-16T08:32:07+00:00\" \/>\n<meta property=\"og:image\" content=\"https:\/\/satamanteniments.com\/wp-content\/uploads\/2025\/09\/agua-ozono-luxus-wasser.jpg\" \/>\n\t<meta property=\"og:image:width\" content=\"700\" \/>\n\t<meta property=\"og:image:height\" content=\"700\" \/>\n\t<meta property=\"og:image:type\" content=\"image\/jpeg\" \/>\n<meta name=\"twitter:card\" content=\"summary_large_image\" \/>\n<script type=\"application\/ld+json\" class=\"yoast-schema-graph\">{\"@context\":\"https:\\\/\\\/schema.org\",\"@graph\":[{\"@type\":\"WebPage\",\"@id\":\"https:\\\/\\\/satamanteniments.com\\\/producto\\\/luxus-wasser-blanca\\\/\",\"url\":\"https:\\\/\\\/satamanteniments.com\\\/producto\\\/luxus-wasser-blanca\\\/\",\"name\":\"Equipo de ox\u00edgeno activo dom\u00e9stico Luxus Wasser blanca\",\"isPartOf\":{\"@id\":\"https:\\\/\\\/satamanteniments.com\\\/#website\"},\"primaryImageOfPage\":{\"@id\":\"https:\\\/\\\/satamanteniments.com\\\/producto\\\/luxus-wasser-blanca\\\/#primaryimage\"},\"image\":{\"@id\":\"https:\\\/\\\/satamanteniments.com\\\/producto\\\/luxus-wasser-blanca\\\/#primaryimage\"},\"thumbnailUrl\":\"https:\\\/\\\/satamanteniments.com\\\/wp-content\\\/uploads\\\/2025\\\/09\\\/agua-ozono-luxus-wasser.jpg\",\"datePublished\":\"2025-09-04T08:36:35+00:00\",\"dateModified\":\"2026-02-16T08:32:07+00:00\",\"description\":\"Sistema de Ox\u00edgeno activo (ozono) para la limpieza del Hogar.\",\"breadcrumb\":{\"@id\":\"https:\\\/\\\/satamanteniments.com\\\/producto\\\/luxus-wasser-blanca\\\/#breadcrumb\"},\"inLanguage\":\"ca\",\"potentialAction\":[{\"@type\":\"ReadAction\",\"target\":[\"https:\\\/\\\/satamanteniments.com\\\/producto\\\/luxus-wasser-blanca\\\/\"]}]},{\"@type\":\"ImageObject\",\"inLanguage\":\"ca\",\"@id\":\"https:\\\/\\\/satamanteniments.com\\\/producto\\\/luxus-wasser-blanca\\\/#primaryimage\",\"url\":\"https:\\\/\\\/satamanteniments.com\\\/wp-content\\\/uploads\\\/2025\\\/09\\\/agua-ozono-luxus-wasser.jpg\",\"contentUrl\":\"https:\\\/\\\/satamanteniments.com\\\/wp-content\\\/uploads\\\/2025\\\/09\\\/agua-ozono-luxus-wasser.jpg\",\"width\":700,\"height\":700,\"caption\":\"Agua Ozono Luxus Wasser Blanca\"},{\"@type\":\"BreadcrumbList\",\"@id\":\"https:\\\/\\\/satamanteniments.com\\\/producto\\\/luxus-wasser-blanca\\\/#breadcrumb\",\"itemListElement\":[{\"@type\":\"ListItem\",\"position\":1,\"name\":\"Portada\",\"item\":\"https:\\\/\\\/satamanteniments.com\\\/\"},{\"@type\":\"ListItem\",\"position\":2,\"name\":\"Tienda\",\"item\":\"https:\\\/\\\/satamanteniments.com\\\/?page_id=892\"},{\"@type\":\"ListItem\",\"position\":3,\"name\":\"Equipo de ox\u00edgeno activo dom\u00e9stico Luxus Wasser blanca\"}]},{\"@type\":\"WebSite\",\"@id\":\"https:\\\/\\\/satamanteniments.com\\\/#website\",\"url\":\"https:\\\/\\\/satamanteniments.com\\\/\",\"name\":\"Tratamiento de agua en Barcelona \u2013 Sata Manteniments\",\"description\":\"Expertos en \u00f3smosis, descalcificadores y purificadores de agua. Instalaci\u00f3n y mantenimiento profesional para hogares y empresas en Barcelona y toda Catalu\u00f1a.\",\"potentialAction\":[{\"@type\":\"SearchAction\",\"target\":{\"@type\":\"EntryPoint\",\"urlTemplate\":\"https:\\\/\\\/satamanteniments.com\\\/?s={search_term_string}\"},\"query-input\":{\"@type\":\"PropertyValueSpecification\",\"valueRequired\":true,\"valueName\":\"search_term_string\"}}],\"inLanguage\":\"ca\"}]}<\/script>\n<!-- \/ Yoast SEO plugin. -->","yoast_head_json":{"title":"Sistema d\u2019oxigen actiu dom\u00e8stic Luxus Wasser Blanca","description":"Sistema d\u2019Oxigen actiu (oz\u00f3) per a la neteja de la llar.","robots":{"index":"index","follow":"follow","max-snippet":"max-snippet:-1","max-image-preview":"max-image-preview:large","max-video-preview":"max-video-preview:-1"},"canonical":"https:\/\/satamanteniments.com\/ca\/producte\/luxus-wasser-blanca\/","og_locale":"ca_ES","og_type":"article","og_title":"Equipo de ox\u00edgeno activo dom\u00e9stico Luxus Wasser blanca","og_description":"Sistema de Ox\u00edgeno activo (ozono) para la limpieza del Hogar.","og_url":"https:\/\/satamanteniments.com\/ca\/producte\/luxus-wasser-blanca\/","og_site_name":"SATA | Soluciones t\u00e9cnicas del agua","article_modified_time":"2026-02-16T08:32:07+00:00","og_image":[{"width":700,"height":700,"url":"https:\/\/satamanteniments.com\/wp-content\/uploads\/2025\/09\/agua-ozono-luxus-wasser.jpg","type":"image\/jpeg"}],"twitter_card":"summary_large_image","schema":{"@context":"https:\/\/schema.org","@graph":[{"@type":"WebPage","@id":"https:\/\/satamanteniments.com\/producto\/luxus-wasser-blanca\/","url":"https:\/\/satamanteniments.com\/producto\/luxus-wasser-blanca\/","name":"Sistema d\u2019oxigen actiu dom\u00e8stic Luxus Wasser Blanca","isPartOf":{"@id":"https:\/\/satamanteniments.com\/#website"},"primaryImageOfPage":{"@id":"https:\/\/satamanteniments.com\/producto\/luxus-wasser-blanca\/#primaryimage"},"image":{"@id":"https:\/\/satamanteniments.com\/producto\/luxus-wasser-blanca\/#primaryimage"},"thumbnailUrl":"https:\/\/satamanteniments.com\/wp-content\/uploads\/2025\/09\/agua-ozono-luxus-wasser.jpg","datePublished":"2025-09-04T08:36:35+00:00","dateModified":"2026-02-16T08:32:07+00:00","description":"Sistema d\u2019Oxigen actiu (oz\u00f3) per a la neteja de la llar.","breadcrumb":{"@id":"https:\/\/satamanteniments.com\/producto\/luxus-wasser-blanca\/#breadcrumb"},"inLanguage":"ca","potentialAction":[{"@type":"ReadAction","target":["https:\/\/satamanteniments.com\/producto\/luxus-wasser-blanca\/"]}]},{"@type":"ImageObject","inLanguage":"ca","@id":"https:\/\/satamanteniments.com\/producto\/luxus-wasser-blanca\/#primaryimage","url":"https:\/\/satamanteniments.com\/wp-content\/uploads\/2025\/09\/agua-ozono-luxus-wasser.jpg","contentUrl":"https:\/\/satamanteniments.com\/wp-content\/uploads\/2025\/09\/agua-ozono-luxus-wasser.jpg","width":700,"height":700,"caption":"Agua Ozono Luxus Wasser Blanca"},{"@type":"BreadcrumbList","@id":"https:\/\/satamanteniments.com\/producto\/luxus-wasser-blanca\/#breadcrumb","itemListElement":[{"@type":"ListItem","position":1,"name":"Portada","item":"https:\/\/satamanteniments.com\/"},{"@type":"ListItem","position":2,"name":"Tienda","item":"https:\/\/satamanteniments.com\/?page_id=892"},{"@type":"ListItem","position":3,"name":"Equipo de ox\u00edgeno activo dom\u00e9stico Luxus Wasser blanca"}]},{"@type":"WebSite","@id":"https:\/\/satamanteniments.com\/#website","url":"https:\/\/satamanteniments.com\/","name":"Tractament d\u2019aigua a Barcelona \u2013 Sata Manteniments","description":"Experts en osmosi, descalcificadors i purificadors d\u2019aigua. Instal\u00b7laci\u00f3 i manteniment professional per a llars i empreses a Barcelona i a tota Catalunya.","potentialAction":[{"@type":"SearchAction","target":{"@type":"EntryPoint","urlTemplate":"https:\/\/satamanteniments.com\/?s={search_term_string}"},"query-input":{"@type":"PropertyValueSpecification","valueRequired":true,"valueName":"search_term_string"}}],"inLanguage":"ca"}]}},"_links":{"self":[{"href":"https:\/\/satamanteniments.com\/ca\/wp-json\/wp\/v2\/product\/1519","targetHints":{"allow":["GET"]}}],"collection":[{"href":"https:\/\/satamanteniments.com\/ca\/wp-json\/wp\/v2\/product"}],"about":[{"href":"https:\/\/satamanteniments.com\/ca\/wp-json\/wp\/v2\/types\/product"}],"replies":[{"embeddable":true,"href":"https:\/\/satamanteniments.com\/ca\/wp-json\/wp\/v2\/comments?post=1519"}],"wp:featuredmedia":[{"embeddable":true,"href":"https:\/\/satamanteniments.com\/ca\/wp-json\/wp\/v2\/media\/1501"}],"wp:attachment":[{"href":"https:\/\/satamanteniments.com\/ca\/wp-json\/wp\/v2\/media?parent=1519"}],"wp:term":[{"taxonomy":"product_brand","embeddable":true,"href":"https:\/\/satamanteniments.com\/ca\/wp-json\/wp\/v2\/product_brand?post=1519"},{"taxonomy":"product_cat","embeddable":true,"href":"https:\/\/satamanteniments.com\/ca\/wp-json\/wp\/v2\/product_cat?post=1519"},{"taxonomy":"product_tag","embeddable":true,"href":"https:\/\/satamanteniments.com\/ca\/wp-json\/wp\/v2\/product_tag?post=1519"}],"curies":[{"name":"wp","href":"https:\/\/api.w.org\/{rel}","templated":true}]}}