{"id":1700,"date":"2025-09-15T11:10:38","date_gmt":"2025-09-15T09:10:38","guid":{"rendered":"https:\/\/satamanteniments.com\/?post_type=product&#038;p=1700"},"modified":"2026-02-17T08:23:20","modified_gmt":"2026-02-17T07:23:20","slug":"purificador-aigua-bluedrop-osmosi","status":"publish","type":"product","link":"https:\/\/satamanteniments.com\/ca\/producte\/purificador-aigua-bluedrop-osmosi\/","title":{"rendered":"Purificador d\u2019aigua BLUEDROP"},"content":{"rendered":"<h3>Purificador d\u2019aigua dom\u00e8stic <b>BLUEDROP<\/b><\/h3>\n<p>El<strong> Purificador d\u2019Aigua <b>BLUEDROP<\/b><\/strong> \u00e9s un sistema compacte d\u2019osmosi inversa dissenyat per millorar la qualitat de l\u2019aigua a la llar. Incorpora filtres de sediments, bloc de carb\u00f3, membrana de 75 GPD i postfiltre GAC, oferint una purificaci\u00f3 completa que elimina el clor, els sediments i els compostos que alteren el gust i l\u2019olor de l\u2019aigua.<\/p>\n<p>Amb <strong>dip\u00f2sit pressuritzat extern<\/strong>, bomba booster i sistema d\u2019autoneteja de membrana, garanteix un cabal m\u00e9s gran i durabilitat. A m\u00e9s, disposa de <strong>avisos autom\u00e0tics de manteniment<\/strong>, <strong>alertes sonores<\/strong>, indicador LED d\u2019estat i bloqueig de seguretat, proporcionant comoditat i tranquil\u00b7litat en l\u2019\u00fas diari.<\/p>\n<p>El seu disseny lleuger (3,5 kg) i compacte (181 \u00d7 183 \u00d7 334 mm) el fa perfecte per a cuines modernes amb poc espai.<\/p>","protected":false},"excerpt":{"rendered":"<p>Purificador de agua dom\u00e9stica BLUEDROP El Purificador de Agua BLUEDROP es un sistema compacto de \u00f3smosis inversa dise\u00f1ado para mejorar la calidad del agua en el hogar. Incorpora filtros de sedimentos, bloque de carb\u00f3n, membrana de 75 GPD y postfiltro GAC, ofreciendo una purificaci\u00f3n completa que elimina cloro, sedimentos y compuestos que alteran el sabor&hellip;&nbsp;<\/p>","protected":false},"featured_media":1701,"comment_status":"open","ping_status":"closed","template":"","meta":{"_acf_changed":false,"inline_featured_image":false,"neve_meta_sidebar":"","neve_meta_container":"","neve_meta_enable_content_width":"off","neve_meta_content_width":100,"neve_meta_title_alignment":"","neve_meta_author_avatar":"","neve_post_elements_order":"","neve_meta_disable_header":"","neve_meta_disable_footer":"","neve_meta_disable_title":""},"product_brand":[],"product_cat":[42],"product_tag":[],"class_list":{"0":"post-1700","1":"product","2":"type-product","3":"status-publish","4":"has-post-thumbnail","6":"product_cat-osmosis","8":"first","9":"instock","10":"shipping-taxable","11":"product-type-simple"},"acf":[],"yoast_head":"<!-- This site is optimized with the Yoast SEO plugin v27.3 - https:\/\/yoast.com\/product\/yoast-seo-wordpress\/ -->\n<title>Purificador de agua BLUEDROP con \u00f3smosis inversa - Sata Manteniments<\/title>\n<meta name=\"description\" content=\"Purificador de agua BLUEDROP con \u00f3smosis inversa, tanque presurizado y bomba booster. Agua m\u00e1s pura con avisos autom\u00e1ticos y LED de control.\" \/>\n<meta name=\"robots\" content=\"index, follow, max-snippet:-1, max-image-preview:large, max-video-preview:-1\" \/>\n<link rel=\"canonical\" href=\"https:\/\/satamanteniments.com\/ca\/producte\/purificador-aigua-bluedrop-osmosi\/\" \/>\n<meta property=\"og:locale\" content=\"ca_ES\" \/>\n<meta property=\"og:type\" content=\"article\" \/>\n<meta property=\"og:title\" content=\"Purificador de agua BLUEDROP con \u00f3smosis inversa - Sata Manteniments\" \/>\n<meta property=\"og:description\" content=\"Purificador de agua BLUEDROP con \u00f3smosis inversa, tanque presurizado y bomba booster. Agua m\u00e1s pura con avisos autom\u00e1ticos y LED de control.\" \/>\n<meta property=\"og:url\" content=\"https:\/\/satamanteniments.com\/ca\/producte\/purificador-aigua-bluedrop-osmosi\/\" \/>\n<meta property=\"og:site_name\" content=\"SATA | Soluciones t\u00e9cnicas del agua\" \/>\n<meta property=\"article:modified_time\" content=\"2026-02-17T07:23:20+00:00\" \/>\n<meta property=\"og:image\" content=\"https:\/\/satamanteniments.com\/wp-content\/uploads\/2025\/09\/Bermax-Hidrologik.jpg\" \/>\n\t<meta property=\"og:image:width\" content=\"700\" \/>\n\t<meta property=\"og:image:height\" content=\"700\" \/>\n\t<meta property=\"og:image:type\" content=\"image\/jpeg\" \/>\n<meta name=\"twitter:card\" content=\"summary_large_image\" \/>\n<script type=\"application\/ld+json\" class=\"yoast-schema-graph\">{\"@context\":\"https:\\\/\\\/schema.org\",\"@graph\":[{\"@type\":\"WebPage\",\"@id\":\"https:\\\/\\\/satamanteniments.com\\\/producto\\\/purificador-agua-bluedrop-osmosis\\\/\",\"url\":\"https:\\\/\\\/satamanteniments.com\\\/producto\\\/purificador-agua-bluedrop-osmosis\\\/\",\"name\":\"Purificador de agua BLUEDROP con \u00f3smosis inversa - Sata Manteniments\",\"isPartOf\":{\"@id\":\"https:\\\/\\\/satamanteniments.com\\\/#website\"},\"primaryImageOfPage\":{\"@id\":\"https:\\\/\\\/satamanteniments.com\\\/producto\\\/purificador-agua-bluedrop-osmosis\\\/#primaryimage\"},\"image\":{\"@id\":\"https:\\\/\\\/satamanteniments.com\\\/producto\\\/purificador-agua-bluedrop-osmosis\\\/#primaryimage\"},\"thumbnailUrl\":\"https:\\\/\\\/satamanteniments.com\\\/wp-content\\\/uploads\\\/2025\\\/09\\\/Bermax-Hidrologik.jpg\",\"datePublished\":\"2025-09-15T09:10:38+00:00\",\"dateModified\":\"2026-02-17T07:23:20+00:00\",\"description\":\"Purificador de agua BLUEDROP con \u00f3smosis inversa, tanque presurizado y bomba booster. Agua m\u00e1s pura con avisos autom\u00e1ticos y LED de control.\",\"breadcrumb\":{\"@id\":\"https:\\\/\\\/satamanteniments.com\\\/producto\\\/purificador-agua-bluedrop-osmosis\\\/#breadcrumb\"},\"inLanguage\":\"ca\",\"potentialAction\":[{\"@type\":\"ReadAction\",\"target\":[\"https:\\\/\\\/satamanteniments.com\\\/producto\\\/purificador-agua-bluedrop-osmosis\\\/\"]}]},{\"@type\":\"ImageObject\",\"inLanguage\":\"ca\",\"@id\":\"https:\\\/\\\/satamanteniments.com\\\/producto\\\/purificador-agua-bluedrop-osmosis\\\/#primaryimage\",\"url\":\"https:\\\/\\\/satamanteniments.com\\\/wp-content\\\/uploads\\\/2025\\\/09\\\/Bermax-Hidrologik.jpg\",\"contentUrl\":\"https:\\\/\\\/satamanteniments.com\\\/wp-content\\\/uploads\\\/2025\\\/09\\\/Bermax-Hidrologik.jpg\",\"width\":700,\"height\":700,\"caption\":\"Purificador de agua Sati\"},{\"@type\":\"BreadcrumbList\",\"@id\":\"https:\\\/\\\/satamanteniments.com\\\/producto\\\/purificador-agua-bluedrop-osmosis\\\/#breadcrumb\",\"itemListElement\":[{\"@type\":\"ListItem\",\"position\":1,\"name\":\"Portada\",\"item\":\"https:\\\/\\\/satamanteniments.com\\\/\"},{\"@type\":\"ListItem\",\"position\":2,\"name\":\"Tienda\",\"item\":\"https:\\\/\\\/satamanteniments.com\\\/?page_id=892\"},{\"@type\":\"ListItem\",\"position\":3,\"name\":\"Purificador de agua BLUEDROP\"}]},{\"@type\":\"WebSite\",\"@id\":\"https:\\\/\\\/satamanteniments.com\\\/#website\",\"url\":\"https:\\\/\\\/satamanteniments.com\\\/\",\"name\":\"Tratamiento de agua en Barcelona \u2013 Sata Manteniments\",\"description\":\"Expertos en \u00f3smosis, descalcificadores y purificadores de agua. Instalaci\u00f3n y mantenimiento profesional para hogares y empresas en Barcelona y toda Catalu\u00f1a.\",\"potentialAction\":[{\"@type\":\"SearchAction\",\"target\":{\"@type\":\"EntryPoint\",\"urlTemplate\":\"https:\\\/\\\/satamanteniments.com\\\/?s={search_term_string}\"},\"query-input\":{\"@type\":\"PropertyValueSpecification\",\"valueRequired\":true,\"valueName\":\"search_term_string\"}}],\"inLanguage\":\"ca\"}]}<\/script>\n<!-- \/ Yoast SEO plugin. -->","yoast_head_json":{"title":"Purificador d\u2019aigua BLUEDROP amb osmosi inversa - Sata Manteniments","description":"Purificador d\u2019aigua BLUEDROP amb osmosi inversa, dip\u00f2sit pressuritzat i bomba booster. Aigua m\u00e9s pura amb avisos autom\u00e0tics i LED de control.","robots":{"index":"index","follow":"follow","max-snippet":"max-snippet:-1","max-image-preview":"max-image-preview:large","max-video-preview":"max-video-preview:-1"},"canonical":"https:\/\/satamanteniments.com\/ca\/producte\/purificador-aigua-bluedrop-osmosi\/","og_locale":"ca_ES","og_type":"article","og_title":"Purificador de agua BLUEDROP con \u00f3smosis inversa - Sata Manteniments","og_description":"Purificador de agua BLUEDROP con \u00f3smosis inversa, tanque presurizado y bomba booster. Agua m\u00e1s pura con avisos autom\u00e1ticos y LED de control.","og_url":"https:\/\/satamanteniments.com\/ca\/producte\/purificador-aigua-bluedrop-osmosi\/","og_site_name":"SATA | Soluciones t\u00e9cnicas del agua","article_modified_time":"2026-02-17T07:23:20+00:00","og_image":[{"width":700,"height":700,"url":"https:\/\/satamanteniments.com\/wp-content\/uploads\/2025\/09\/Bermax-Hidrologik.jpg","type":"image\/jpeg"}],"twitter_card":"summary_large_image","schema":{"@context":"https:\/\/schema.org","@graph":[{"@type":"WebPage","@id":"https:\/\/satamanteniments.com\/producto\/purificador-agua-bluedrop-osmosis\/","url":"https:\/\/satamanteniments.com\/producto\/purificador-agua-bluedrop-osmosis\/","name":"Purificador d\u2019aigua BLUEDROP amb osmosi inversa - Sata Manteniments","isPartOf":{"@id":"https:\/\/satamanteniments.com\/#website"},"primaryImageOfPage":{"@id":"https:\/\/satamanteniments.com\/producto\/purificador-agua-bluedrop-osmosis\/#primaryimage"},"image":{"@id":"https:\/\/satamanteniments.com\/producto\/purificador-agua-bluedrop-osmosis\/#primaryimage"},"thumbnailUrl":"https:\/\/satamanteniments.com\/wp-content\/uploads\/2025\/09\/Bermax-Hidrologik.jpg","datePublished":"2025-09-15T09:10:38+00:00","dateModified":"2026-02-17T07:23:20+00:00","description":"Purificador d\u2019aigua BLUEDROP amb osmosi inversa, dip\u00f2sit pressuritzat i bomba booster. Aigua m\u00e9s pura amb avisos autom\u00e0tics i LED de control.","breadcrumb":{"@id":"https:\/\/satamanteniments.com\/producto\/purificador-agua-bluedrop-osmosis\/#breadcrumb"},"inLanguage":"ca","potentialAction":[{"@type":"ReadAction","target":["https:\/\/satamanteniments.com\/producto\/purificador-agua-bluedrop-osmosis\/"]}]},{"@type":"ImageObject","inLanguage":"ca","@id":"https:\/\/satamanteniments.com\/producto\/purificador-agua-bluedrop-osmosis\/#primaryimage","url":"https:\/\/satamanteniments.com\/wp-content\/uploads\/2025\/09\/Bermax-Hidrologik.jpg","contentUrl":"https:\/\/satamanteniments.com\/wp-content\/uploads\/2025\/09\/Bermax-Hidrologik.jpg","width":700,"height":700,"caption":"Purificador de agua Sati"},{"@type":"BreadcrumbList","@id":"https:\/\/satamanteniments.com\/producto\/purificador-agua-bluedrop-osmosis\/#breadcrumb","itemListElement":[{"@type":"ListItem","position":1,"name":"Portada","item":"https:\/\/satamanteniments.com\/"},{"@type":"ListItem","position":2,"name":"Tienda","item":"https:\/\/satamanteniments.com\/?page_id=892"},{"@type":"ListItem","position":3,"name":"Purificador de agua BLUEDROP"}]},{"@type":"WebSite","@id":"https:\/\/satamanteniments.com\/#website","url":"https:\/\/satamanteniments.com\/","name":"Tractament d\u2019aigua a Barcelona \u2013 Sata Manteniments","description":"Experts en osmosi, descalcificadors i purificadors d\u2019aigua. Instal\u00b7laci\u00f3 i manteniment professional per a llars i empreses a Barcelona i a tota Catalunya.","potentialAction":[{"@type":"SearchAction","target":{"@type":"EntryPoint","urlTemplate":"https:\/\/satamanteniments.com\/?s={search_term_string}"},"query-input":{"@type":"PropertyValueSpecification","valueRequired":true,"valueName":"search_term_string"}}],"inLanguage":"ca"}]}},"_links":{"self":[{"href":"https:\/\/satamanteniments.com\/ca\/wp-json\/wp\/v2\/product\/1700","targetHints":{"allow":["GET"]}}],"collection":[{"href":"https:\/\/satamanteniments.com\/ca\/wp-json\/wp\/v2\/product"}],"about":[{"href":"https:\/\/satamanteniments.com\/ca\/wp-json\/wp\/v2\/types\/product"}],"replies":[{"embeddable":true,"href":"https:\/\/satamanteniments.com\/ca\/wp-json\/wp\/v2\/comments?post=1700"}],"wp:featuredmedia":[{"embeddable":true,"href":"https:\/\/satamanteniments.com\/ca\/wp-json\/wp\/v2\/media\/1701"}],"wp:attachment":[{"href":"https:\/\/satamanteniments.com\/ca\/wp-json\/wp\/v2\/media?parent=1700"}],"wp:term":[{"taxonomy":"product_brand","embeddable":true,"href":"https:\/\/satamanteniments.com\/ca\/wp-json\/wp\/v2\/product_brand?post=1700"},{"taxonomy":"product_cat","embeddable":true,"href":"https:\/\/satamanteniments.com\/ca\/wp-json\/wp\/v2\/product_cat?post=1700"},{"taxonomy":"product_tag","embeddable":true,"href":"https:\/\/satamanteniments.com\/ca\/wp-json\/wp\/v2\/product_tag?post=1700"}],"curies":[{"name":"wp","href":"https:\/\/api.w.org\/{rel}","templated":true}]}}