{"id":3056,"date":"2025-12-01T12:11:49","date_gmt":"2025-12-01T11:11:49","guid":{"rendered":"https:\/\/satamanteniments.com\/?post_type=product&#038;p=3056"},"modified":"2026-02-16T08:35:34","modified_gmt":"2026-02-16T07:35:34","slug":"font-purificadora-d-aigua-creative-s-per-a-casa-i-oficina","status":"publish","type":"product","link":"https:\/\/satamanteniments.com\/ca\/producte\/font-purificadora-d-aigua-creative-s-per-a-casa-i-oficina\/","title":{"rendered":"Fuente purificadora de agua Creative-S para hogar y oficina"},"content":{"rendered":"<p>La<strong>\u00a0Creative-S<\/strong> \u00e9s una font purificadora dissenyada per a llars i oficines que busquen un subministrament continu d\u2019aigua de qualitat. Incorpora un sistema de <strong>filtraci\u00f3 multietapa<\/strong> compost per prefiltres de carb\u00f3 i polipropil\u00e8, postfiltre de carb\u00f3 i membrana de <strong>100 GPD<\/strong>, capa\u00e7 de reduir fins a un <strong>99 % del clor<\/strong>, un <strong>99 % de compostos org\u00e0nics<\/strong>, un <strong>99 % de bacteris<\/strong> i al voltant del <strong>95 % del TDS<\/strong>.<br \/>\nDisposa de <strong>aigua freda <\/strong>(3\u20138 \u00b0C, 3,8 L) i <strong>aigua calenta<\/strong> (1,5 L) amb bot\u00f3 de seguretat. Els seus dip\u00f2sits d\u2019acer inoxidable, la v\u00e0lvula de tancament de 4 vies i la boia mec\u00e0nica garanteixen un funcionament higi\u00e8nic, estable i durador. \u00c9s una soluci\u00f3 ideal per gaudir d\u2019aigua purificada sense necessitat de garrafes ni consumibles addicionals.<\/p>","protected":false},"excerpt":{"rendered":"<p>La\u00a0Creative-S es una fuente purificadora dise\u00f1ada para hogares y oficinas que buscan un suministro continuo de agua de calidad. Incorpora un sistema de filtraci\u00f3n multietapa compuesto por prefiltros de carb\u00f3n y polipropileno, postfiltro de carb\u00f3n y membrana de 100 GPD, capaz de reducir hasta un 99 % del cloro, un 99 % de compuestos org\u00e1nicos,&hellip;&nbsp;<\/p>","protected":false},"featured_media":3057,"comment_status":"open","ping_status":"closed","template":"","meta":{"_acf_changed":false,"inline_featured_image":false,"neve_meta_sidebar":"","neve_meta_container":"","neve_meta_enable_content_width":"off","neve_meta_content_width":100,"neve_meta_title_alignment":"","neve_meta_author_avatar":"","neve_post_elements_order":"","neve_meta_disable_header":"","neve_meta_disable_footer":"","neve_meta_disable_title":""},"product_brand":[],"product_cat":[42],"product_tag":[],"class_list":{"0":"post-3056","1":"product","2":"type-product","3":"status-publish","4":"has-post-thumbnail","6":"product_cat-osmosis","8":"first","9":"instock","10":"shipping-taxable","11":"product-type-simple"},"acf":[],"yoast_head":"<!-- This site is optimized with the Yoast SEO plugin v27.3 - https:\/\/yoast.com\/product\/yoast-seo-wordpress\/ -->\n<title>Fuente purificadora de agua Creative-S para hogar y oficina - SATA | Soluciones t\u00e9cnicas del agua<\/title>\n<meta name=\"robots\" content=\"index, follow, max-snippet:-1, max-image-preview:large, max-video-preview:-1\" \/>\n<link rel=\"canonical\" href=\"https:\/\/satamanteniments.com\/ca\/producte\/font-purificadora-d-aigua-creative-s-per-a-casa-i-oficina\/\" \/>\n<meta property=\"og:locale\" content=\"ca_ES\" \/>\n<meta property=\"og:type\" content=\"article\" \/>\n<meta property=\"og:title\" content=\"Fuente purificadora de agua Creative-S para hogar y oficina - SATA | Soluciones t\u00e9cnicas del agua\" \/>\n<meta property=\"og:description\" content=\"La\u00a0Creative-S es una fuente purificadora dise\u00f1ada para hogares y oficinas que buscan un suministro continuo de agua de calidad. Incorpora un sistema de filtraci\u00f3n multietapa compuesto por prefiltros de carb\u00f3n y polipropileno, postfiltro de carb\u00f3n y membrana de 100 GPD, capaz de reducir hasta un 99 % del cloro, un 99 % de compuestos org\u00e1nicos,&hellip;&nbsp;\" \/>\n<meta property=\"og:url\" content=\"https:\/\/satamanteniments.com\/ca\/producte\/font-purificadora-d-aigua-creative-s-per-a-casa-i-oficina\/\" \/>\n<meta property=\"og:site_name\" content=\"SATA | Soluciones t\u00e9cnicas del agua\" \/>\n<meta property=\"article:modified_time\" content=\"2026-02-16T07:35:34+00:00\" \/>\n<meta property=\"og:image\" content=\"https:\/\/satamanteniments.com\/wp-content\/uploads\/2025\/12\/FUENTE-CREATIVE-S-e1764588315892.png\" \/>\n\t<meta property=\"og:image:width\" content=\"1315\" \/>\n\t<meta property=\"og:image:height\" content=\"1200\" \/>\n\t<meta property=\"og:image:type\" content=\"image\/png\" \/>\n<meta name=\"twitter:card\" content=\"summary_large_image\" \/>\n<script type=\"application\/ld+json\" class=\"yoast-schema-graph\">{\"@context\":\"https:\\\/\\\/schema.org\",\"@graph\":[{\"@type\":\"WebPage\",\"@id\":\"https:\\\/\\\/satamanteniments.com\\\/producto\\\/fuente-purificadora-de-agua-creative-s-para-hogar-y-oficina\\\/\",\"url\":\"https:\\\/\\\/satamanteniments.com\\\/producto\\\/fuente-purificadora-de-agua-creative-s-para-hogar-y-oficina\\\/\",\"name\":\"Fuente purificadora de agua Creative-S para hogar y oficina - SATA | Soluciones t\u00e9cnicas del agua\",\"isPartOf\":{\"@id\":\"https:\\\/\\\/satamanteniments.com\\\/#website\"},\"primaryImageOfPage\":{\"@id\":\"https:\\\/\\\/satamanteniments.com\\\/producto\\\/fuente-purificadora-de-agua-creative-s-para-hogar-y-oficina\\\/#primaryimage\"},\"image\":{\"@id\":\"https:\\\/\\\/satamanteniments.com\\\/producto\\\/fuente-purificadora-de-agua-creative-s-para-hogar-y-oficina\\\/#primaryimage\"},\"thumbnailUrl\":\"https:\\\/\\\/satamanteniments.com\\\/wp-content\\\/uploads\\\/2025\\\/12\\\/FUENTE-CREATIVE-S-e1764588315892.png\",\"datePublished\":\"2025-12-01T11:11:49+00:00\",\"dateModified\":\"2026-02-16T07:35:34+00:00\",\"breadcrumb\":{\"@id\":\"https:\\\/\\\/satamanteniments.com\\\/producto\\\/fuente-purificadora-de-agua-creative-s-para-hogar-y-oficina\\\/#breadcrumb\"},\"inLanguage\":\"ca\",\"potentialAction\":[{\"@type\":\"ReadAction\",\"target\":[\"https:\\\/\\\/satamanteniments.com\\\/producto\\\/fuente-purificadora-de-agua-creative-s-para-hogar-y-oficina\\\/\"]}]},{\"@type\":\"ImageObject\",\"inLanguage\":\"ca\",\"@id\":\"https:\\\/\\\/satamanteniments.com\\\/producto\\\/fuente-purificadora-de-agua-creative-s-para-hogar-y-oficina\\\/#primaryimage\",\"url\":\"https:\\\/\\\/satamanteniments.com\\\/wp-content\\\/uploads\\\/2025\\\/12\\\/FUENTE-CREATIVE-S-e1764588315892.png\",\"contentUrl\":\"https:\\\/\\\/satamanteniments.com\\\/wp-content\\\/uploads\\\/2025\\\/12\\\/FUENTE-CREATIVE-S-e1764588315892.png\",\"width\":1315,\"height\":1200,\"caption\":\"Fuente purificadora Bermax Creative S\"},{\"@type\":\"BreadcrumbList\",\"@id\":\"https:\\\/\\\/satamanteniments.com\\\/producto\\\/fuente-purificadora-de-agua-creative-s-para-hogar-y-oficina\\\/#breadcrumb\",\"itemListElement\":[{\"@type\":\"ListItem\",\"position\":1,\"name\":\"Portada\",\"item\":\"https:\\\/\\\/satamanteniments.com\\\/\"},{\"@type\":\"ListItem\",\"position\":2,\"name\":\"Tienda\",\"item\":\"https:\\\/\\\/satamanteniments.com\\\/?page_id=892\"},{\"@type\":\"ListItem\",\"position\":3,\"name\":\"Fuente purificadora de agua Creative-S para hogar y oficina\"}]},{\"@type\":\"WebSite\",\"@id\":\"https:\\\/\\\/satamanteniments.com\\\/#website\",\"url\":\"https:\\\/\\\/satamanteniments.com\\\/\",\"name\":\"Tratamiento de agua en Barcelona \u2013 Sata Manteniments\",\"description\":\"Expertos en \u00f3smosis, descalcificadores y purificadores de agua. Instalaci\u00f3n y mantenimiento profesional para hogares y empresas en Barcelona y toda Catalu\u00f1a.\",\"potentialAction\":[{\"@type\":\"SearchAction\",\"target\":{\"@type\":\"EntryPoint\",\"urlTemplate\":\"https:\\\/\\\/satamanteniments.com\\\/?s={search_term_string}\"},\"query-input\":{\"@type\":\"PropertyValueSpecification\",\"valueRequired\":true,\"valueName\":\"search_term_string\"}}],\"inLanguage\":\"ca\"}]}<\/script>\n<!-- \/ Yoast SEO plugin. -->","yoast_head_json":{"title":"Font purificadora d\u2019aigua Creative-S per a la llar i l\u2019oficina - SATA | Solucions t\u00e8cniques de l\u2019aigua","robots":{"index":"index","follow":"follow","max-snippet":"max-snippet:-1","max-image-preview":"max-image-preview:large","max-video-preview":"max-video-preview:-1"},"canonical":"https:\/\/satamanteniments.com\/ca\/producte\/font-purificadora-d-aigua-creative-s-per-a-casa-i-oficina\/","og_locale":"ca_ES","og_type":"article","og_title":"Fuente purificadora de agua Creative-S para hogar y oficina - SATA | Soluciones t\u00e9cnicas del agua","og_description":"La\u00a0Creative-S es una fuente purificadora dise\u00f1ada para hogares y oficinas que buscan un suministro continuo de agua de calidad. Incorpora un sistema de filtraci\u00f3n multietapa compuesto por prefiltros de carb\u00f3n y polipropileno, postfiltro de carb\u00f3n y membrana de 100 GPD, capaz de reducir hasta un 99 % del cloro, un 99 % de compuestos org\u00e1nicos,&hellip;&nbsp;","og_url":"https:\/\/satamanteniments.com\/ca\/producte\/font-purificadora-d-aigua-creative-s-per-a-casa-i-oficina\/","og_site_name":"SATA | Soluciones t\u00e9cnicas del agua","article_modified_time":"2026-02-16T07:35:34+00:00","og_image":[{"width":1315,"height":1200,"url":"https:\/\/satamanteniments.com\/wp-content\/uploads\/2025\/12\/FUENTE-CREATIVE-S-e1764588315892.png","type":"image\/png"}],"twitter_card":"summary_large_image","schema":{"@context":"https:\/\/schema.org","@graph":[{"@type":"WebPage","@id":"https:\/\/satamanteniments.com\/producto\/fuente-purificadora-de-agua-creative-s-para-hogar-y-oficina\/","url":"https:\/\/satamanteniments.com\/producto\/fuente-purificadora-de-agua-creative-s-para-hogar-y-oficina\/","name":"Font purificadora d\u2019aigua Creative-S per a la llar i l\u2019oficina - SATA | Solucions t\u00e8cniques de l\u2019aigua","isPartOf":{"@id":"https:\/\/satamanteniments.com\/#website"},"primaryImageOfPage":{"@id":"https:\/\/satamanteniments.com\/producto\/fuente-purificadora-de-agua-creative-s-para-hogar-y-oficina\/#primaryimage"},"image":{"@id":"https:\/\/satamanteniments.com\/producto\/fuente-purificadora-de-agua-creative-s-para-hogar-y-oficina\/#primaryimage"},"thumbnailUrl":"https:\/\/satamanteniments.com\/wp-content\/uploads\/2025\/12\/FUENTE-CREATIVE-S-e1764588315892.png","datePublished":"2025-12-01T11:11:49+00:00","dateModified":"2026-02-16T07:35:34+00:00","breadcrumb":{"@id":"https:\/\/satamanteniments.com\/producto\/fuente-purificadora-de-agua-creative-s-para-hogar-y-oficina\/#breadcrumb"},"inLanguage":"ca","potentialAction":[{"@type":"ReadAction","target":["https:\/\/satamanteniments.com\/producto\/fuente-purificadora-de-agua-creative-s-para-hogar-y-oficina\/"]}]},{"@type":"ImageObject","inLanguage":"ca","@id":"https:\/\/satamanteniments.com\/producto\/fuente-purificadora-de-agua-creative-s-para-hogar-y-oficina\/#primaryimage","url":"https:\/\/satamanteniments.com\/wp-content\/uploads\/2025\/12\/FUENTE-CREATIVE-S-e1764588315892.png","contentUrl":"https:\/\/satamanteniments.com\/wp-content\/uploads\/2025\/12\/FUENTE-CREATIVE-S-e1764588315892.png","width":1315,"height":1200,"caption":"Fuente purificadora Bermax Creative S"},{"@type":"BreadcrumbList","@id":"https:\/\/satamanteniments.com\/producto\/fuente-purificadora-de-agua-creative-s-para-hogar-y-oficina\/#breadcrumb","itemListElement":[{"@type":"ListItem","position":1,"name":"Portada","item":"https:\/\/satamanteniments.com\/"},{"@type":"ListItem","position":2,"name":"Tienda","item":"https:\/\/satamanteniments.com\/?page_id=892"},{"@type":"ListItem","position":3,"name":"Fuente purificadora de agua Creative-S para hogar y oficina"}]},{"@type":"WebSite","@id":"https:\/\/satamanteniments.com\/#website","url":"https:\/\/satamanteniments.com\/","name":"Tractament d\u2019aigua a Barcelona \u2013 Sata Manteniments","description":"Experts en osmosi, descalcificadors i purificadors d\u2019aigua. Instal\u00b7laci\u00f3 i manteniment professional per a llars i empreses a Barcelona i a tota Catalunya.","potentialAction":[{"@type":"SearchAction","target":{"@type":"EntryPoint","urlTemplate":"https:\/\/satamanteniments.com\/?s={search_term_string}"},"query-input":{"@type":"PropertyValueSpecification","valueRequired":true,"valueName":"search_term_string"}}],"inLanguage":"ca"}]}},"_links":{"self":[{"href":"https:\/\/satamanteniments.com\/ca\/wp-json\/wp\/v2\/product\/3056","targetHints":{"allow":["GET"]}}],"collection":[{"href":"https:\/\/satamanteniments.com\/ca\/wp-json\/wp\/v2\/product"}],"about":[{"href":"https:\/\/satamanteniments.com\/ca\/wp-json\/wp\/v2\/types\/product"}],"replies":[{"embeddable":true,"href":"https:\/\/satamanteniments.com\/ca\/wp-json\/wp\/v2\/comments?post=3056"}],"wp:featuredmedia":[{"embeddable":true,"href":"https:\/\/satamanteniments.com\/ca\/wp-json\/wp\/v2\/media\/3057"}],"wp:attachment":[{"href":"https:\/\/satamanteniments.com\/ca\/wp-json\/wp\/v2\/media?parent=3056"}],"wp:term":[{"taxonomy":"product_brand","embeddable":true,"href":"https:\/\/satamanteniments.com\/ca\/wp-json\/wp\/v2\/product_brand?post=3056"},{"taxonomy":"product_cat","embeddable":true,"href":"https:\/\/satamanteniments.com\/ca\/wp-json\/wp\/v2\/product_cat?post=3056"},{"taxonomy":"product_tag","embeddable":true,"href":"https:\/\/satamanteniments.com\/ca\/wp-json\/wp\/v2\/product_tag?post=3056"}],"curies":[{"name":"wp","href":"https:\/\/api.w.org\/{rel}","templated":true}]}}