{"id":347,"date":"2023-12-25T17:58:35","date_gmt":"2023-12-25T17:58:35","guid":{"rendered":"http:\/\/sata.cat\/?page_id=347"},"modified":"2023-12-25T18:00:46","modified_gmt":"2023-12-25T18:00:46","slug":"aviso-legal","status":"publish","type":"page","link":"https:\/\/satamanteniments.com\/en\/aviso-legal\/","title":{"rendered":"Legal warning"},"content":{"rendered":"<style>.elementor-347 .elementor-element.elementor-element-5dcc49ff > .elementor-container{max-width:1180px;}.elementor-347 .elementor-element.elementor-element-5dcc49ff:not(.elementor-motion-effects-element-type-background), .elementor-347 .elementor-element.elementor-element-5dcc49ff > .elementor-motion-effects-container > .elementor-motion-effects-layer{background-image:url(\"https:\/\/satamanteniments.com\/wp-content\/uploads\/2023\/12\/AGUA-HIDROGENADA-3.jpg\");background-position:0px -562px;background-size:cover;}.elementor-347 .elementor-element.elementor-element-5dcc49ff > .elementor-background-overlay{background-color:#000000;opacity:0.4;transition:background 0.3s, border-radius 0.3s, opacity 0.3s;}.elementor-347 .elementor-element.elementor-element-5dcc49ff{transition:background 0.3s, border 0.3s, border-radius 0.3s, box-shadow 0.3s;padding:150px 0px 150px 0px;}.elementor-347 .elementor-element.elementor-element-612282a{text-align:center;}.elementor-347 .elementor-element.elementor-element-612282a .elementor-heading-title{font-family:var( --e-global-typography-a3f921e-font-family ), Sans-serif;font-size:var( --e-global-typography-a3f921e-font-size );font-weight:var( --e-global-typography-a3f921e-font-weight );line-height:var( --e-global-typography-a3f921e-line-height );letter-spacing:var( --e-global-typography-a3f921e-letter-spacing );word-spacing:var( --e-global-typography-a3f921e-word-spacing );color:#FFFFFF;}.elementor-347 .elementor-element.elementor-element-612282a > .elementor-widget-container{margin:0px 0px 0px 0px;}.elementor-347 .elementor-element.elementor-element-7393ca5c > .elementor-container{max-width:1300px;}.elementor-347 .elementor-element.elementor-element-7393ca5c > .elementor-container > .elementor-column > .elementor-widget-wrap{align-content:center;align-items:center;}.elementor-347 .elementor-element.elementor-element-7393ca5c{transition:background 0.3s, border 0.3s, border-radius 0.3s, box-shadow 0.3s;padding:100px 0px 100px 0px;}.elementor-347 .elementor-element.elementor-element-7393ca5c > .elementor-background-overlay{transition:background 0.3s, border-radius 0.3s, opacity 0.3s;}.elementor-347 .elementor-element.elementor-element-bf342.elementor-column > .elementor-widget-wrap{justify-content:center;}.elementor-347 .elementor-element.elementor-element-bf342 > .elementor-element-populated{padding:0px 0px 0px 0px;}.elementor-347 .elementor-element.elementor-element-e81244d{text-align:start;font-family:var( --e-global-typography-text-font-family ), Sans-serif;font-size:var( --e-global-typography-text-font-size );font-weight:var( --e-global-typography-text-font-weight );color:#000000;}@media(max-width:1024px) and (min-width:768px){.elementor-347 .elementor-element.elementor-element-bf342{width:100%;}}@media(max-width:1024px){.elementor-347 .elementor-element.elementor-element-5dcc49ff:not(.elementor-motion-effects-element-type-background), .elementor-347 .elementor-element.elementor-element-5dcc49ff > .elementor-motion-effects-container > .elementor-motion-effects-layer{background-position:center center;}.elementor-347 .elementor-element.elementor-element-612282a .elementor-heading-title{font-size:var( --e-global-typography-a3f921e-font-size );line-height:var( --e-global-typography-a3f921e-line-height );letter-spacing:var( --e-global-typography-a3f921e-letter-spacing );word-spacing:var( --e-global-typography-a3f921e-word-spacing );}.elementor-347 .elementor-element.elementor-element-7393ca5c{padding:80px 10px 80px 10px;}.elementor-347 .elementor-element.elementor-element-bf342 > .elementor-element-populated{padding:0px 10px 0px 10px;}.elementor-347 .elementor-element.elementor-element-e81244d{font-size:var( --e-global-typography-text-font-size );}}@media(max-width:767px){.elementor-347 .elementor-element.elementor-element-5dcc49ff:not(.elementor-motion-effects-element-type-background), .elementor-347 .elementor-element.elementor-element-5dcc49ff > .elementor-motion-effects-container > .elementor-motion-effects-layer{background-position:center center;}.elementor-347 .elementor-element.elementor-element-612282a .elementor-heading-title{font-size:var( --e-global-typography-a3f921e-font-size );line-height:var( --e-global-typography-a3f921e-line-height );letter-spacing:var( --e-global-typography-a3f921e-letter-spacing );word-spacing:var( --e-global-typography-a3f921e-word-spacing );}.elementor-347 .elementor-element.elementor-element-7393ca5c{padding:60px 10px 80px 10px;}.elementor-347 .elementor-element.elementor-element-bf342 > .elementor-element-populated{margin:0px 0px 0px 0px;--e-column-margin-right:0px;--e-column-margin-left:0px;padding:0px 0px 0px 0px;}.elementor-347 .elementor-element.elementor-element-e81244d{font-size:var( --e-global-typography-text-font-size );}}<\/style>\t\t<div data-elementor-type=\"wp-page\" data-elementor-id=\"347\" class=\"elementor elementor-347\" data-elementor-post-type=\"page\">\n\t\t\t\t\t\t<section class=\"elementor-section elementor-top-section elementor-element elementor-element-5dcc49ff elementor-section-boxed elementor-section-height-default elementor-section-height-default\" data-id=\"5dcc49ff\" data-element_type=\"section\" data-e-type=\"section\" data-settings=\"{&quot;background_background&quot;:&quot;classic&quot;}\">\n\t\t\t\t\t\t\t<div class=\"elementor-background-overlay\"><\/div>\n\t\t\t\t\t\t\t<div class=\"elementor-container elementor-column-gap-no\">\n\t\t\t\t\t<div class=\"elementor-column elementor-col-100 elementor-top-column elementor-element elementor-element-35d0784d\" data-id=\"35d0784d\" data-element_type=\"column\" data-e-type=\"column\">\n\t\t\t<div class=\"elementor-widget-wrap elementor-element-populated\">\n\t\t\t\t\t\t\t<\/div>\n\t\t<\/div>\n\t\t\t\t\t<\/div>\n\t\t<\/section>\n\t\t\t\t<section class=\"elementor-section elementor-top-section elementor-element elementor-element-7393ca5c elementor-section-content-middle elementor-section-boxed elementor-section-height-default elementor-section-height-default\" data-id=\"7393ca5c\" data-element_type=\"section\" data-e-type=\"section\" data-settings=\"{&quot;background_background&quot;:&quot;classic&quot;}\">\n\t\t\t\t\t\t<div class=\"elementor-container elementor-column-gap-no\">\n\t\t\t\t\t<div class=\"elementor-column elementor-col-100 elementor-top-column elementor-element elementor-element-bf342\" data-id=\"bf342\" data-element_type=\"column\" data-e-type=\"column\">\n\t\t\t<div class=\"elementor-widget-wrap elementor-element-populated\">\n\t\t\t\t\t\t<div class=\"elementor-element elementor-element-e81244d elementor-widget elementor-widget-text-editor\" data-id=\"e81244d\" data-element_type=\"widget\" data-e-type=\"widget\" data-widget_type=\"text-editor.default\">\n\t\t\t\t<div class=\"elementor-widget-container\">\n\t\t\t\t\t\t\t\t\t<p>In accordance with Law 34\/2002, on Information Society Services and Electronic Commerce, we inform you that this website is owned by SATA MANTENIMENTS, SLU, (hereinafter \u201cTHE OWNER\u201d), with CIF: B66954561, with address at c. Calle Cadiz, 11 08940 Cornell\u00e0 de Llobregat, Barcelona; telephone 935 15 62 11.<\/p><p>\u00a0<\/p><p class=\"titol text-bold text-uppercase\"><strong>INTELLECTUAL AND INDUSTRIAL PROPERTY<\/strong><\/p><p>The contents of this site, including texts, images and graphic designs, belong to THE OWNER, or to third parties who have authorized their use. THE OWNER presents these contents for information and promotion purposes. THE OWNER authorizes its use exclusively for these purposes. Any use of these designs, images or texts must expressly cite their belonging to THE OWNER, who reserves the right to initiate appropriate legal actions to repair the damages caused by any act that violates their intellectual or industrial property rights.<\/p><p>\u00a0<\/p><p class=\"titol text-bold text-uppercase\"><strong>EXCLUSION OF LIABILITY<\/strong><\/p><p>THE OWNER acts with the greatest possible diligence so that the data and information offered on its website is updated at all times, although it does not guarantee or take responsibility for the accuracy and updating of the contents of the website, reserving the right to modify said contents at any time. THE OWNER will not be responsible for the information that can be obtained through links included on the website.<\/p><p>Commercial relations with clients will be governed by the General Conditions that, where appropriate, are established by THE OWNER in a specific document for this purpose, or by the specific agreements that may be agreed with clients.<\/p><p>\u00a0<\/p><p class=\"titol text-bold text-uppercase\"><strong>TERMS OF USE<\/strong><\/p><p>The use of this website implies full acceptance of the terms of this legal notice. Possible conflicts related to this website will be governed exclusively by the law of the Spanish State. Every user of the website, regardless of the territorial jurisdiction from which access occurs, accepts compliance with and respect for these clauses, expressly waiving any other jurisdiction that may apply.<\/p>\t\t\t\t\t\t\t\t<\/div>\n\t\t\t\t<\/div>\n\t\t\t\t\t<\/div>\n\t\t<\/div>\n\t\t\t\t\t<\/div>\n\t\t<\/section>\n\t\t\t\t<\/div>","protected":false},"excerpt":{"rendered":"<p>In accordance with Law 34\/2002, on Information Society Services and Electronic Commerce, we inform you that this website is owned by SATA MANTENIMENTS, SLU, (hereinafter \u201cTHE OWNER\u201d), with CIF: B66954561, with address at c. Calle Cadiz, 11 08940 Cornell\u00e0 de Llobregat, Barcelona; telephone 935 15 62 11. PROPERTY\u2026&nbsp;<\/p>","protected":false},"author":1,"featured_media":0,"parent":0,"menu_order":0,"comment_status":"closed","ping_status":"closed","template":"page-templates\/template-pagebuilder-full-width.php","meta":{"_acf_changed":false,"inline_featured_image":false,"neve_meta_sidebar":"","neve_meta_container":"","neve_meta_enable_content_width":"off","neve_meta_content_width":100,"neve_meta_title_alignment":"","neve_meta_author_avatar":"","neve_post_elements_order":"","neve_meta_disable_header":"","neve_meta_disable_footer":"","neve_meta_disable_title":"","footnotes":""},"class_list":["post-347","page","type-page","status-publish","hentry"],"acf":[],"yoast_head":"<!-- This site is optimized with the Yoast SEO plugin v27.3 - https:\/\/yoast.com\/product\/yoast-seo-wordpress\/ -->\n<title>Aviso legal - Sata Manteniments<\/title>\n<meta name=\"robots\" content=\"index, follow, max-snippet:-1, max-image-preview:large, max-video-preview:-1\" \/>\n<link rel=\"canonical\" href=\"https:\/\/satamanteniments.com\/en\/aviso-legal\/\" \/>\n<meta property=\"og:locale\" content=\"en_GB\" \/>\n<meta property=\"og:type\" content=\"article\" \/>\n<meta property=\"og:title\" content=\"Aviso legal - Sata Manteniments\" \/>\n<meta property=\"og:description\" content=\"De conformidad con la Ley 34\/2002, de Servicios de la Sociedad de la Informaci\u00f3n y de Comercio Electr\u00f3nico, le informamos que esta web es titularidad de SATA MANTENIMENTS, S.L.U, (en adelante \u201cEL TITULAR\u201d), con CIF: B66954561, con domicilio en c. Calle Cadiz, 11 08940 Cornell\u00e0 de Llobregat, Barcelona; tel\u00e9fono 935 15 62 11. \u00a0 PROPIEDAD&hellip;&nbsp;\" \/>\n<meta property=\"og:url\" content=\"https:\/\/satamanteniments.com\/en\/aviso-legal\/\" \/>\n<meta property=\"og:site_name\" content=\"SATA | Soluciones t\u00e9cnicas del agua\" \/>\n<meta property=\"article:modified_time\" content=\"2023-12-25T18:00:46+00:00\" \/>\n<meta name=\"twitter:card\" content=\"summary_large_image\" \/>\n<script type=\"application\/ld+json\" class=\"yoast-schema-graph\">{\"@context\":\"https:\\\/\\\/schema.org\",\"@graph\":[{\"@type\":\"WebPage\",\"@id\":\"https:\\\/\\\/satamanteniments.com\\\/aviso-legal\\\/\",\"url\":\"https:\\\/\\\/satamanteniments.com\\\/aviso-legal\\\/\",\"name\":\"Aviso legal - Sata Manteniments\",\"isPartOf\":{\"@id\":\"https:\\\/\\\/satamanteniments.com\\\/#website\"},\"datePublished\":\"2023-12-25T17:58:35+00:00\",\"dateModified\":\"2023-12-25T18:00:46+00:00\",\"breadcrumb\":{\"@id\":\"https:\\\/\\\/satamanteniments.com\\\/aviso-legal\\\/#breadcrumb\"},\"inLanguage\":\"en-GB\",\"potentialAction\":[{\"@type\":\"ReadAction\",\"target\":[\"https:\\\/\\\/satamanteniments.com\\\/aviso-legal\\\/\"]}]},{\"@type\":\"BreadcrumbList\",\"@id\":\"https:\\\/\\\/satamanteniments.com\\\/aviso-legal\\\/#breadcrumb\",\"itemListElement\":[{\"@type\":\"ListItem\",\"position\":1,\"name\":\"Portada\",\"item\":\"https:\\\/\\\/satamanteniments.com\\\/\"},{\"@type\":\"ListItem\",\"position\":2,\"name\":\"Aviso legal\"}]},{\"@type\":\"WebSite\",\"@id\":\"https:\\\/\\\/satamanteniments.com\\\/#website\",\"url\":\"https:\\\/\\\/satamanteniments.com\\\/\",\"name\":\"Tratamiento de agua en Barcelona \u2013 Sata Manteniments\",\"description\":\"Expertos en \u00f3smosis, descalcificadores y purificadores de agua. Instalaci\u00f3n y mantenimiento profesional para hogares y empresas en Barcelona y toda Catalu\u00f1a.\",\"potentialAction\":[{\"@type\":\"SearchAction\",\"target\":{\"@type\":\"EntryPoint\",\"urlTemplate\":\"https:\\\/\\\/satamanteniments.com\\\/?s={search_term_string}\"},\"query-input\":{\"@type\":\"PropertyValueSpecification\",\"valueRequired\":true,\"valueName\":\"search_term_string\"}}],\"inLanguage\":\"en-GB\"}]}<\/script>\n<!-- \/ Yoast SEO plugin. -->","yoast_head_json":{"title":"Aviso legal - Sata Manteniments","robots":{"index":"index","follow":"follow","max-snippet":"max-snippet:-1","max-image-preview":"max-image-preview:large","max-video-preview":"max-video-preview:-1"},"canonical":"https:\/\/satamanteniments.com\/en\/aviso-legal\/","og_locale":"en_GB","og_type":"article","og_title":"Aviso legal - Sata Manteniments","og_description":"De conformidad con la Ley 34\/2002, de Servicios de la Sociedad de la Informaci\u00f3n y de Comercio Electr\u00f3nico, le informamos que esta web es titularidad de SATA MANTENIMENTS, S.L.U, (en adelante \u201cEL TITULAR\u201d), con CIF: B66954561, con domicilio en c. Calle Cadiz, 11 08940 Cornell\u00e0 de Llobregat, Barcelona; tel\u00e9fono 935 15 62 11. \u00a0 PROPIEDAD&hellip;&nbsp;","og_url":"https:\/\/satamanteniments.com\/en\/aviso-legal\/","og_site_name":"SATA | Soluciones t\u00e9cnicas del agua","article_modified_time":"2023-12-25T18:00:46+00:00","twitter_card":"summary_large_image","schema":{"@context":"https:\/\/schema.org","@graph":[{"@type":"WebPage","@id":"https:\/\/satamanteniments.com\/aviso-legal\/","url":"https:\/\/satamanteniments.com\/aviso-legal\/","name":"Aviso legal - Sata Manteniments","isPartOf":{"@id":"https:\/\/satamanteniments.com\/#website"},"datePublished":"2023-12-25T17:58:35+00:00","dateModified":"2023-12-25T18:00:46+00:00","breadcrumb":{"@id":"https:\/\/satamanteniments.com\/aviso-legal\/#breadcrumb"},"inLanguage":"en-GB","potentialAction":[{"@type":"ReadAction","target":["https:\/\/satamanteniments.com\/aviso-legal\/"]}]},{"@type":"BreadcrumbList","@id":"https:\/\/satamanteniments.com\/aviso-legal\/#breadcrumb","itemListElement":[{"@type":"ListItem","position":1,"name":"Portada","item":"https:\/\/satamanteniments.com\/"},{"@type":"ListItem","position":2,"name":"Aviso legal"}]},{"@type":"WebSite","@id":"https:\/\/satamanteniments.com\/#website","url":"https:\/\/satamanteniments.com\/","name":"Water treatment in Barcelona \u2013 Sata Manteniments","description":"Experts in osmosis, water softeners, and water purifiers. Professional installation and maintenance for homes and businesses in Barcelona and throughout Catalonia.","potentialAction":[{"@type":"SearchAction","target":{"@type":"EntryPoint","urlTemplate":"https:\/\/satamanteniments.com\/?s={search_term_string}"},"query-input":{"@type":"PropertyValueSpecification","valueRequired":true,"valueName":"search_term_string"}}],"inLanguage":"en-GB"}]}},"_links":{"self":[{"href":"https:\/\/satamanteniments.com\/en\/wp-json\/wp\/v2\/pages\/347","targetHints":{"allow":["GET"]}}],"collection":[{"href":"https:\/\/satamanteniments.com\/en\/wp-json\/wp\/v2\/pages"}],"about":[{"href":"https:\/\/satamanteniments.com\/en\/wp-json\/wp\/v2\/types\/page"}],"author":[{"embeddable":true,"href":"https:\/\/satamanteniments.com\/en\/wp-json\/wp\/v2\/users\/1"}],"replies":[{"embeddable":true,"href":"https:\/\/satamanteniments.com\/en\/wp-json\/wp\/v2\/comments?post=347"}],"version-history":[{"count":4,"href":"https:\/\/satamanteniments.com\/en\/wp-json\/wp\/v2\/pages\/347\/revisions"}],"predecessor-version":[{"id":351,"href":"https:\/\/satamanteniments.com\/en\/wp-json\/wp\/v2\/pages\/347\/revisions\/351"}],"wp:attachment":[{"href":"https:\/\/satamanteniments.com\/en\/wp-json\/wp\/v2\/media?parent=347"}],"curies":[{"name":"wp","href":"https:\/\/api.w.org\/{rel}","templated":true}]}}