{"id":352,"date":"2023-12-25T18:01:03","date_gmt":"2023-12-25T18:01:03","guid":{"rendered":"http:\/\/sata.cat\/?page_id=352"},"modified":"2023-12-25T18:01:37","modified_gmt":"2023-12-25T18:01:37","slug":"politica-de-cookies","status":"publish","type":"page","link":"https:\/\/satamanteniments.com\/en\/politica-de-cookies\/","title":{"rendered":"Cookies policy"},"content":{"rendered":"<style>.elementor-352 .elementor-element.elementor-element-5dcc49ff > .elementor-container{max-width:1180px;}.elementor-352 .elementor-element.elementor-element-5dcc49ff:not(.elementor-motion-effects-element-type-background), .elementor-352 .elementor-element.elementor-element-5dcc49ff > .elementor-motion-effects-container > .elementor-motion-effects-layer{background-image:url(\"https:\/\/satamanteniments.com\/wp-content\/uploads\/2023\/12\/AGUA-HIDROGENADA-3.jpg\");background-position:0px -562px;background-size:cover;}.elementor-352 .elementor-element.elementor-element-5dcc49ff > .elementor-background-overlay{background-color:#000000;opacity:0.4;transition:background 0.3s, border-radius 0.3s, opacity 0.3s;}.elementor-352 .elementor-element.elementor-element-5dcc49ff{transition:background 0.3s, border 0.3s, border-radius 0.3s, box-shadow 0.3s;padding:150px 0px 150px 0px;}.elementor-352 .elementor-element.elementor-element-612282a{text-align:center;}.elementor-352 .elementor-element.elementor-element-612282a .elementor-heading-title{font-family:var( --e-global-typography-a3f921e-font-family ), Sans-serif;font-size:var( --e-global-typography-a3f921e-font-size );font-weight:var( --e-global-typography-a3f921e-font-weight );line-height:var( --e-global-typography-a3f921e-line-height );letter-spacing:var( --e-global-typography-a3f921e-letter-spacing );word-spacing:var( --e-global-typography-a3f921e-word-spacing );color:#FFFFFF;}.elementor-352 .elementor-element.elementor-element-612282a > .elementor-widget-container{margin:0px 0px 0px 0px;}.elementor-352 .elementor-element.elementor-element-7393ca5c > .elementor-container{max-width:1300px;}.elementor-352 .elementor-element.elementor-element-7393ca5c > .elementor-container > .elementor-column > .elementor-widget-wrap{align-content:center;align-items:center;}.elementor-352 .elementor-element.elementor-element-7393ca5c{transition:background 0.3s, border 0.3s, border-radius 0.3s, box-shadow 0.3s;padding:100px 0px 100px 0px;}.elementor-352 .elementor-element.elementor-element-7393ca5c > .elementor-background-overlay{transition:background 0.3s, border-radius 0.3s, opacity 0.3s;}.elementor-352 .elementor-element.elementor-element-bf342.elementor-column > .elementor-widget-wrap{justify-content:center;}.elementor-352 .elementor-element.elementor-element-bf342 > .elementor-element-populated{padding:0px 0px 0px 0px;}.elementor-352 .elementor-element.elementor-element-e81244d{text-align:start;font-family:var( --e-global-typography-text-font-family ), Sans-serif;font-size:var( --e-global-typography-text-font-size );font-weight:var( --e-global-typography-text-font-weight );color:#000000;}@media(max-width:1024px) and (min-width:768px){.elementor-352 .elementor-element.elementor-element-bf342{width:100%;}}@media(max-width:1024px){.elementor-352 .elementor-element.elementor-element-5dcc49ff:not(.elementor-motion-effects-element-type-background), .elementor-352 .elementor-element.elementor-element-5dcc49ff > .elementor-motion-effects-container > .elementor-motion-effects-layer{background-position:center center;}.elementor-352 .elementor-element.elementor-element-612282a .elementor-heading-title{font-size:var( --e-global-typography-a3f921e-font-size );line-height:var( --e-global-typography-a3f921e-line-height );letter-spacing:var( --e-global-typography-a3f921e-letter-spacing );word-spacing:var( --e-global-typography-a3f921e-word-spacing );}.elementor-352 .elementor-element.elementor-element-7393ca5c{padding:80px 10px 80px 10px;}.elementor-352 .elementor-element.elementor-element-bf342 > .elementor-element-populated{padding:0px 10px 0px 10px;}.elementor-352 .elementor-element.elementor-element-e81244d{font-size:var( --e-global-typography-text-font-size );}}@media(max-width:767px){.elementor-352 .elementor-element.elementor-element-5dcc49ff:not(.elementor-motion-effects-element-type-background), .elementor-352 .elementor-element.elementor-element-5dcc49ff > .elementor-motion-effects-container > .elementor-motion-effects-layer{background-position:center center;}.elementor-352 .elementor-element.elementor-element-612282a .elementor-heading-title{font-size:var( --e-global-typography-a3f921e-font-size );line-height:var( --e-global-typography-a3f921e-line-height );letter-spacing:var( --e-global-typography-a3f921e-letter-spacing );word-spacing:var( --e-global-typography-a3f921e-word-spacing );}.elementor-352 .elementor-element.elementor-element-7393ca5c{padding:60px 10px 80px 10px;}.elementor-352 .elementor-element.elementor-element-bf342 > .elementor-element-populated{margin:0px 0px 0px 0px;--e-column-margin-right:0px;--e-column-margin-left:0px;padding:0px 0px 0px 0px;}.elementor-352 .elementor-element.elementor-element-e81244d{font-size:var( --e-global-typography-text-font-size );}}<\/style>\t\t<div data-elementor-type=\"wp-page\" data-elementor-id=\"352\" class=\"elementor elementor-352\" data-elementor-post-type=\"page\">\n\t\t\t\t\t\t<section class=\"elementor-section elementor-top-section elementor-element elementor-element-5dcc49ff elementor-section-boxed elementor-section-height-default elementor-section-height-default\" data-id=\"5dcc49ff\" data-element_type=\"section\" data-e-type=\"section\" data-settings=\"{&quot;background_background&quot;:&quot;classic&quot;}\">\n\t\t\t\t\t\t\t<div class=\"elementor-background-overlay\"><\/div>\n\t\t\t\t\t\t\t<div class=\"elementor-container elementor-column-gap-no\">\n\t\t\t\t\t<div class=\"elementor-column elementor-col-100 elementor-top-column elementor-element elementor-element-35d0784d\" data-id=\"35d0784d\" data-element_type=\"column\" data-e-type=\"column\">\n\t\t\t<div class=\"elementor-widget-wrap elementor-element-populated\">\n\t\t\t\t\t\t\t<\/div>\n\t\t<\/div>\n\t\t\t\t\t<\/div>\n\t\t<\/section>\n\t\t\t\t<section class=\"elementor-section elementor-top-section elementor-element elementor-element-7393ca5c elementor-section-content-middle elementor-section-boxed elementor-section-height-default elementor-section-height-default\" data-id=\"7393ca5c\" data-element_type=\"section\" data-e-type=\"section\" data-settings=\"{&quot;background_background&quot;:&quot;classic&quot;}\">\n\t\t\t\t\t\t<div class=\"elementor-container elementor-column-gap-no\">\n\t\t\t\t\t<div class=\"elementor-column elementor-col-100 elementor-top-column elementor-element elementor-element-bf342\" data-id=\"bf342\" data-element_type=\"column\" data-e-type=\"column\">\n\t\t\t<div class=\"elementor-widget-wrap elementor-element-populated\">\n\t\t\t\t\t\t<div class=\"elementor-element elementor-element-e81244d elementor-widget elementor-widget-text-editor\" data-id=\"e81244d\" data-element_type=\"widget\" data-e-type=\"widget\" data-widget_type=\"text-editor.default\">\n\t\t\t\t<div class=\"elementor-widget-container\">\n\t\t\t\t\t\t\t\t\t<p>Our website satamanteniments.com uses a technology called &#039;cookie&#039;, in order to obtain information about the use of the website, improve the user experience and guarantee its correct functioning.<\/p><p>\u00a0<\/p><p class=\"titol text-bold\"><strong>Definition of Cookie<\/strong><\/p><p>A &#039;cookie&#039; is a small fragment of text that websites send to the browser and which are stored on the user&#039;s terminal (computer or mobile device). These files are intended to store data that can be updated and recovered by the entity responsible for its installation. Thus, each time the user visits the same website again, the browser retrieves the file and sends it to the website&#039;s server. Cookies have several functions, including collecting information about the user&#039;s preferences and remembering it, and in general, facilitating the user&#039;s use of the website by making the site more useful by personalizing its content.<\/p><p>\u00a0<\/p><p><strong>Cookies can be classified based on different parameters:<\/strong><\/p><ol class=\"\"><li><div class=\"cont\"><p><span class=\"text-bold\">Ownership:<\/span>\u00a0own cookies and third-party cookies: depending on the entity that manages the domain from which the cookies are sent and the data obtained is processed.<\/p><\/div><\/li><li><div class=\"cont\"><p><span class=\"text-bold\">Duration:<\/span>\u00a0Session cookies and persistent cookies: according to the period of time they remain stored on the user&#039;s terminal.<\/p><\/div><\/li><li><div class=\"cont\"><p><span class=\"text-bold\">Purpose:<\/span>\u00a0technical cookies, personalization cookies, analysis cookies, advertising cookies, behavioral advertising cookies, according to the purpose for which the data obtained is processed.<\/p><ul class=\"\"><li><div class=\"cont\"><p><span class=\"text-underline\">Technical cookies:<\/span>\u00a0are those that allow the user to navigate through the website or application and use the different options or services that exist therein. For example, controlling traffic and data communication, identifying the session or accessing restricted access web parts.<\/p><\/div><\/li><li><div class=\"cont\"><p><span class=\"text-underline\">Personalization cookies:<\/span>\u00a0They are those that allow the user to access the service with some general characteristics predefined in their terminal or that the user themselves define. For example, the language, the type of browser through which you access the service or the selected content design.<\/p><\/div><\/li><li><div class=\"cont\"><p><span class=\"text-underline\">Analysis cookies:<\/span>\u00a0are those that, whether processed by us or by third parties, allow us to quantify the number of users and thus carry out statistical analysis of the use made by users of the service offered. To do this, your browsing on our website is analyzed to improve the offering of products or services that we offer.<\/p><\/div><\/li><li><div class=\"cont\"><p><span class=\"text-underline\">Advertising cookies:<\/span>\u00a0are those that allow the management, in the most efficient way possible, of the advertising spaces that, where appropriate, the editor has included in a web page, application or platform from which the requested service is provided on the basis of criteria such as content edited or the frequency at which the ads are shown.<\/p><\/div><\/li><li><div class=\"cont\"><p><span class=\"text-underline\">Behavioral advertising cookies:<\/span>\u00a0are those that allow the management, in the most efficient way possible, of the advertising spaces that, where appropriate, the editor has included in a web page, application or platform from which the requested service is provided. These cookies store information on user behavior obtained through continuous observation of their browsing habits, which allows the development of a specific profile to display advertising based on it.<\/p><p>\u00a0<\/p><\/div><\/li><\/ul><\/div><\/li><\/ol><p class=\"titol text-bold\"><strong>Cookies used on our website<\/strong><\/p><p>Our website uses both its own cookies, which are sent to your device and managed exclusively by us for the best functioning of the website, and third-party cookies, with the function of serving as a tool for analyzing user interaction with our website. , thanks to them we obtain information that can help improve navigation and provide better service to users.<\/p><p>We use both temporary session cookies and persistent cookies. Session cookies store data only while the user accesses the website and persistent cookies store data on the terminal so that it can be accessed and used in more than one session.<\/p><p>Specifically, the cookies used on our website are:<\/p><p class=\"text-underline\">Own cookies:<\/p><p>The own cookies that we use on our website are of a technical nature, essential for the functioning of the website.<\/p><p class=\"text-underline\">Third party cookies:<\/p><table><tbody><tr><th>Cookie<\/th><th>Headline<\/th><th>Purpose<\/th><th>Duration<\/th><\/tr><tr><td>__utmz, __utmc, __utma, __utmb,__utmt, __ga, __gat<\/td><td>Google Inc. (Google Analytics)<\/td><td>Analytics: analyze the traffic of this website.<\/td><td>Session and persistent<\/td><\/tr><\/tbody><\/table><p>To obtain more information about cookies and\/or to deactivate them, you can click on the links in the names of the different owners.<\/p><p>Finally, plug-in cookies are also used to exchange social content.<\/p><p>\u00a0<\/p><p class=\"titol text-bold\"><strong>Consent<\/strong><\/p><p>By browsing and continuing on our website, the user will be consenting to the use of the aforementioned cookies, for the periods indicated and under the conditions contained in this Cookies Policy.<\/p><p>Likewise, we inform you that if you consult content on our website hosted on third-party websites, they have their own cookie policy.<\/p><p>\u00a0<\/p><p class=\"titol text-bold\"><strong>Withdrawal of consent<\/strong><\/p><p>The user may withdraw their consent related to this Cookies Policy at any time, to do so they will have to delete the cookies stored on their computer using the settings and configurations of their Internet browser.<\/p><p>\u00a0<\/p><p class=\"titol text-bold\"><strong>Modifying cookie settings<\/strong><\/p><p><a name=\"cookies-config\"><\/a><\/p><p>The user can restrict, block or delete cookies from any website, using their browser. In each browser the operation is different, so you can consult the following links how to do it<\/p><div class=\"cont\"><ul><li><b>Internet Explorer:<\/b>\u00a0<a href=\"https:\/\/support.microsoft.com\/es-es\/help\/17442\/windows-internet-explorer-delete-manage-cookies#ie=ie-11\" target=\"_blank\" rel=\"noopener\">https:\/\/support.microsoft.com\/es-es\/help\/17442\/windows-internet-explorer-delete-manage-cookies#ie=ie-11<\/a><\/li><\/ul><\/div><div class=\"cont\"><ul><li><b>Edge:<\/b>\u00a0<a href=\"https:\/\/support.microsoft.com\/es-es\/help\/4468242\/microsoft-edge-browsing-data-and-privacy-microsoft-privacy\" target=\"_blank\" rel=\"noopener\">https:\/\/support.microsoft.com\/es-es\/help\/4468242\/microsoft-edge-browsing-data-and-privacy-microsoft-privacy<\/a><\/li><\/ul><\/div><div class=\"cont\"><ul><li><b>FireFox:<\/b>\u00a0<a href=\"https:\/\/support.mozilla.org\/es\/kb\/clear-cookies-and-site-data-firefox\" target=\"_blank\" rel=\"noopener\">https:\/\/support.mozilla.org\/es\/kb\/clear-cookies-and-site-data-firefox<\/a><\/li><\/ul><\/div><div class=\"cont\"><ul><li><b>Chrome:<\/b>\u00a0<a href=\"https:\/\/support.google.com\/chrome\/answer\/95647?hl=es\" target=\"_blank\" rel=\"noopener\">https:\/\/support.google.com\/chrome\/answer\/95647?hl=es<\/a><\/li><\/ul><\/div><div class=\"cont\"><ul><li><b>Safari (mac):<\/b>\u00a0<a href=\"https:\/\/support.apple.com\/es-es\/guide\/safari\/manage-cookies-and-website-data-sfri11471\/mac\" target=\"_blank\" rel=\"noopener\">https:\/\/support.apple.com\/es-es\/guide\/safari\/manage-cookies-and-website-data-sfri11471\/mac<\/a><\/li><\/ul><\/div><div class=\"cont\"><ul><li><b>Safari (iPhone\/iPad):<\/b>\u00a0<a href=\"https:\/\/support.apple.com\/es-es\/HT201265\" target=\"_blank\" rel=\"noopener\">https:\/\/support.apple.com\/es-es\/HT201265<\/a><\/li><\/ul><\/div><div class=\"cont\"><ul><li><b>Opera:<\/b>\u00a0<a href=\"https:\/\/help.opera.com\/en\/latest\/web-preferences\/#cookies\" target=\"_blank\" rel=\"noopener\">https:\/\/help.opera.com\/en\/latest\/web-preferences\/#cookies<\/a><\/li><\/ul><\/div><p>For more information about deleting, disabling or blocking cookies you can also visit:<br \/><a href=\"http:\/\/www.aboutcookies.org\/Default.aspx?page=2\" target=\"_blank\" rel=\"noopener\">http:\/\/www.aboutcookies.org\/Default.aspx?page=2<\/a><\/p><p>\u00a0<\/p><p class=\"titol text-bold\"><strong>Cookie policy update<\/strong><\/p><p>This website may modify this Cookies Policy, therefore we recommend that you review this policy each time you access our website to be adequately informed about our use of cookies.<\/p>\t\t\t\t\t\t\t\t<\/div>\n\t\t\t\t<\/div>\n\t\t\t\t\t<\/div>\n\t\t<\/div>\n\t\t\t\t\t<\/div>\n\t\t<\/section>\n\t\t\t\t<\/div>","protected":false},"excerpt":{"rendered":"<p>Our website satamanteniments.com uses a technology called &#039;cookie&#039;, in order to obtain information about the use of the website, improve the user experience and guarantee its correct functioning. Definition of Cookie A &#039;cookie&#039; is a small piece of text that websites send to the browser and that is\u2026&nbsp;<\/p>","protected":false},"author":1,"featured_media":0,"parent":0,"menu_order":0,"comment_status":"closed","ping_status":"closed","template":"page-templates\/template-pagebuilder-full-width.php","meta":{"_acf_changed":false,"inline_featured_image":false,"neve_meta_sidebar":"","neve_meta_container":"","neve_meta_enable_content_width":"off","neve_meta_content_width":100,"neve_meta_title_alignment":"","neve_meta_author_avatar":"","neve_post_elements_order":"","neve_meta_disable_header":"","neve_meta_disable_footer":"","neve_meta_disable_title":"","footnotes":""},"class_list":["post-352","page","type-page","status-publish","hentry"],"acf":[],"yoast_head":"<!-- This site is optimized with the Yoast SEO plugin v27.3 - https:\/\/yoast.com\/product\/yoast-seo-wordpress\/ -->\n<title>Pol\u00edtica de cookies - SATA | Soluciones t\u00e9cnicas del agua<\/title>\n<meta name=\"robots\" content=\"index, follow, max-snippet:-1, max-image-preview:large, max-video-preview:-1\" \/>\n<link rel=\"canonical\" href=\"https:\/\/satamanteniments.com\/en\/politica-de-cookies\/\" \/>\n<meta property=\"og:locale\" content=\"en_GB\" \/>\n<meta property=\"og:type\" content=\"article\" \/>\n<meta property=\"og:title\" content=\"Pol\u00edtica de cookies - SATA | Soluciones t\u00e9cnicas del agua\" \/>\n<meta property=\"og:description\" content=\"Nuestro sitio web satamanteniments.com utiliza una tecnolog\u00eda llamada \u2018cookie\u2019, con el fin de poder obtener informaci\u00f3n sobre el uso del sitio web, mejorar la experiencia del usuario y garantizar el su correcto funcionamiento. \u00a0 Definici\u00f3n de Cookie Una \u2018cookie\u2019 es un peque\u00f1o fragmento de texto que los sitios web env\u00edan al navegador y que se&hellip;&nbsp;\" \/>\n<meta property=\"og:url\" content=\"https:\/\/satamanteniments.com\/en\/politica-de-cookies\/\" \/>\n<meta property=\"og:site_name\" content=\"SATA | Soluciones t\u00e9cnicas del agua\" \/>\n<meta property=\"article:modified_time\" content=\"2023-12-25T18:01:37+00:00\" \/>\n<meta name=\"twitter:card\" content=\"summary_large_image\" \/>\n<script type=\"application\/ld+json\" class=\"yoast-schema-graph\">{\"@context\":\"https:\\\/\\\/schema.org\",\"@graph\":[{\"@type\":\"WebPage\",\"@id\":\"https:\\\/\\\/satamanteniments.com\\\/politica-de-cookies\\\/\",\"url\":\"https:\\\/\\\/satamanteniments.com\\\/politica-de-cookies\\\/\",\"name\":\"Pol\u00edtica de cookies - SATA | Soluciones t\u00e9cnicas del agua\",\"isPartOf\":{\"@id\":\"https:\\\/\\\/satamanteniments.com\\\/#website\"},\"datePublished\":\"2023-12-25T18:01:03+00:00\",\"dateModified\":\"2023-12-25T18:01:37+00:00\",\"breadcrumb\":{\"@id\":\"https:\\\/\\\/satamanteniments.com\\\/politica-de-cookies\\\/#breadcrumb\"},\"inLanguage\":\"en-GB\",\"potentialAction\":[{\"@type\":\"ReadAction\",\"target\":[\"https:\\\/\\\/satamanteniments.com\\\/politica-de-cookies\\\/\"]}]},{\"@type\":\"BreadcrumbList\",\"@id\":\"https:\\\/\\\/satamanteniments.com\\\/politica-de-cookies\\\/#breadcrumb\",\"itemListElement\":[{\"@type\":\"ListItem\",\"position\":1,\"name\":\"Portada\",\"item\":\"https:\\\/\\\/satamanteniments.com\\\/\"},{\"@type\":\"ListItem\",\"position\":2,\"name\":\"Pol\u00edtica de cookies\"}]},{\"@type\":\"WebSite\",\"@id\":\"https:\\\/\\\/satamanteniments.com\\\/#website\",\"url\":\"https:\\\/\\\/satamanteniments.com\\\/\",\"name\":\"Tratamiento de agua en Barcelona \u2013 Sata Manteniments\",\"description\":\"Expertos en \u00f3smosis, descalcificadores y purificadores de agua. Instalaci\u00f3n y mantenimiento profesional para hogares y empresas en Barcelona y toda Catalu\u00f1a.\",\"potentialAction\":[{\"@type\":\"SearchAction\",\"target\":{\"@type\":\"EntryPoint\",\"urlTemplate\":\"https:\\\/\\\/satamanteniments.com\\\/?s={search_term_string}\"},\"query-input\":{\"@type\":\"PropertyValueSpecification\",\"valueRequired\":true,\"valueName\":\"search_term_string\"}}],\"inLanguage\":\"en-GB\"}]}<\/script>\n<!-- \/ Yoast SEO plugin. -->","yoast_head_json":{"title":"Pol\u00edtica de cookies - SATA | Soluciones t\u00e9cnicas del agua","robots":{"index":"index","follow":"follow","max-snippet":"max-snippet:-1","max-image-preview":"max-image-preview:large","max-video-preview":"max-video-preview:-1"},"canonical":"https:\/\/satamanteniments.com\/en\/politica-de-cookies\/","og_locale":"en_GB","og_type":"article","og_title":"Pol\u00edtica de cookies - SATA | Soluciones t\u00e9cnicas del agua","og_description":"Nuestro sitio web satamanteniments.com utiliza una tecnolog\u00eda llamada \u2018cookie\u2019, con el fin de poder obtener informaci\u00f3n sobre el uso del sitio web, mejorar la experiencia del usuario y garantizar el su correcto funcionamiento. \u00a0 Definici\u00f3n de Cookie Una \u2018cookie\u2019 es un peque\u00f1o fragmento de texto que los sitios web env\u00edan al navegador y que se&hellip;&nbsp;","og_url":"https:\/\/satamanteniments.com\/en\/politica-de-cookies\/","og_site_name":"SATA | Soluciones t\u00e9cnicas del agua","article_modified_time":"2023-12-25T18:01:37+00:00","twitter_card":"summary_large_image","schema":{"@context":"https:\/\/schema.org","@graph":[{"@type":"WebPage","@id":"https:\/\/satamanteniments.com\/politica-de-cookies\/","url":"https:\/\/satamanteniments.com\/politica-de-cookies\/","name":"Pol\u00edtica de cookies - SATA | Soluciones t\u00e9cnicas del agua","isPartOf":{"@id":"https:\/\/satamanteniments.com\/#website"},"datePublished":"2023-12-25T18:01:03+00:00","dateModified":"2023-12-25T18:01:37+00:00","breadcrumb":{"@id":"https:\/\/satamanteniments.com\/politica-de-cookies\/#breadcrumb"},"inLanguage":"en-GB","potentialAction":[{"@type":"ReadAction","target":["https:\/\/satamanteniments.com\/politica-de-cookies\/"]}]},{"@type":"BreadcrumbList","@id":"https:\/\/satamanteniments.com\/politica-de-cookies\/#breadcrumb","itemListElement":[{"@type":"ListItem","position":1,"name":"Portada","item":"https:\/\/satamanteniments.com\/"},{"@type":"ListItem","position":2,"name":"Pol\u00edtica de cookies"}]},{"@type":"WebSite","@id":"https:\/\/satamanteniments.com\/#website","url":"https:\/\/satamanteniments.com\/","name":"Water treatment in Barcelona \u2013 Sata Manteniments","description":"Experts in osmosis, water softeners, and water purifiers. Professional installation and maintenance for homes and businesses in Barcelona and throughout Catalonia.","potentialAction":[{"@type":"SearchAction","target":{"@type":"EntryPoint","urlTemplate":"https:\/\/satamanteniments.com\/?s={search_term_string}"},"query-input":{"@type":"PropertyValueSpecification","valueRequired":true,"valueName":"search_term_string"}}],"inLanguage":"en-GB"}]}},"_links":{"self":[{"href":"https:\/\/satamanteniments.com\/en\/wp-json\/wp\/v2\/pages\/352","targetHints":{"allow":["GET"]}}],"collection":[{"href":"https:\/\/satamanteniments.com\/en\/wp-json\/wp\/v2\/pages"}],"about":[{"href":"https:\/\/satamanteniments.com\/en\/wp-json\/wp\/v2\/types\/page"}],"author":[{"embeddable":true,"href":"https:\/\/satamanteniments.com\/en\/wp-json\/wp\/v2\/users\/1"}],"replies":[{"embeddable":true,"href":"https:\/\/satamanteniments.com\/en\/wp-json\/wp\/v2\/comments?post=352"}],"version-history":[{"count":4,"href":"https:\/\/satamanteniments.com\/en\/wp-json\/wp\/v2\/pages\/352\/revisions"}],"predecessor-version":[{"id":356,"href":"https:\/\/satamanteniments.com\/en\/wp-json\/wp\/v2\/pages\/352\/revisions\/356"}],"wp:attachment":[{"href":"https:\/\/satamanteniments.com\/en\/wp-json\/wp\/v2\/media?parent=352"}],"curies":[{"name":"wp","href":"https:\/\/api.w.org\/{rel}","templated":true}]}}