{"id":357,"date":"2023-12-25T18:02:38","date_gmt":"2023-12-25T18:02:38","guid":{"rendered":"http:\/\/sata.cat\/?page_id=357"},"modified":"2023-12-25T18:03:06","modified_gmt":"2023-12-25T18:03:06","slug":"politica-de-proteccion-de-datos","status":"publish","type":"page","link":"https:\/\/satamanteniments.com\/en\/politica-de-proteccion-de-datos\/","title":{"rendered":"Data protection policy"},"content":{"rendered":"<style>.elementor-357 .elementor-element.elementor-element-5dcc49ff > .elementor-container{max-width:1180px;}.elementor-357 .elementor-element.elementor-element-5dcc49ff:not(.elementor-motion-effects-element-type-background), .elementor-357 .elementor-element.elementor-element-5dcc49ff > .elementor-motion-effects-container > .elementor-motion-effects-layer{background-image:url(\"https:\/\/satamanteniments.com\/wp-content\/uploads\/2023\/12\/AGUA-HIDROGENADA-3.jpg\");background-position:0px -562px;background-size:cover;}.elementor-357 .elementor-element.elementor-element-5dcc49ff > .elementor-background-overlay{background-color:#000000;opacity:0.4;transition:background 0.3s, border-radius 0.3s, opacity 0.3s;}.elementor-357 .elementor-element.elementor-element-5dcc49ff{transition:background 0.3s, border 0.3s, border-radius 0.3s, box-shadow 0.3s;padding:150px 0px 150px 0px;}.elementor-357 .elementor-element.elementor-element-612282a{text-align:center;}.elementor-357 .elementor-element.elementor-element-612282a .elementor-heading-title{font-family:var( --e-global-typography-a3f921e-font-family ), Sans-serif;font-size:var( --e-global-typography-a3f921e-font-size );font-weight:var( --e-global-typography-a3f921e-font-weight );line-height:var( --e-global-typography-a3f921e-line-height );letter-spacing:var( --e-global-typography-a3f921e-letter-spacing );word-spacing:var( --e-global-typography-a3f921e-word-spacing );color:#FFFFFF;}.elementor-357 .elementor-element.elementor-element-612282a > .elementor-widget-container{margin:0px 0px 0px 0px;}.elementor-357 .elementor-element.elementor-element-7393ca5c > .elementor-container{max-width:1300px;}.elementor-357 .elementor-element.elementor-element-7393ca5c > .elementor-container > .elementor-column > .elementor-widget-wrap{align-content:center;align-items:center;}.elementor-357 .elementor-element.elementor-element-7393ca5c{transition:background 0.3s, border 0.3s, border-radius 0.3s, box-shadow 0.3s;padding:100px 0px 100px 0px;}.elementor-357 .elementor-element.elementor-element-7393ca5c > .elementor-background-overlay{transition:background 0.3s, border-radius 0.3s, opacity 0.3s;}.elementor-357 .elementor-element.elementor-element-bf342.elementor-column > .elementor-widget-wrap{justify-content:center;}.elementor-357 .elementor-element.elementor-element-bf342 > .elementor-element-populated{padding:0px 0px 0px 0px;}.elementor-357 .elementor-element.elementor-element-e81244d{text-align:start;font-family:var( --e-global-typography-text-font-family ), Sans-serif;font-size:var( --e-global-typography-text-font-size );font-weight:var( --e-global-typography-text-font-weight );color:#000000;}@media(max-width:1024px) and (min-width:768px){.elementor-357 .elementor-element.elementor-element-bf342{width:100%;}}@media(max-width:1024px){.elementor-357 .elementor-element.elementor-element-5dcc49ff:not(.elementor-motion-effects-element-type-background), .elementor-357 .elementor-element.elementor-element-5dcc49ff > .elementor-motion-effects-container > .elementor-motion-effects-layer{background-position:center center;}.elementor-357 .elementor-element.elementor-element-612282a .elementor-heading-title{font-size:var( --e-global-typography-a3f921e-font-size );line-height:var( --e-global-typography-a3f921e-line-height );letter-spacing:var( --e-global-typography-a3f921e-letter-spacing );word-spacing:var( --e-global-typography-a3f921e-word-spacing );}.elementor-357 .elementor-element.elementor-element-7393ca5c{padding:80px 10px 80px 10px;}.elementor-357 .elementor-element.elementor-element-bf342 > .elementor-element-populated{padding:0px 10px 0px 10px;}.elementor-357 .elementor-element.elementor-element-e81244d{font-size:var( --e-global-typography-text-font-size );}}@media(max-width:767px){.elementor-357 .elementor-element.elementor-element-5dcc49ff:not(.elementor-motion-effects-element-type-background), .elementor-357 .elementor-element.elementor-element-5dcc49ff > .elementor-motion-effects-container > .elementor-motion-effects-layer{background-position:center center;}.elementor-357 .elementor-element.elementor-element-612282a .elementor-heading-title{font-size:var( --e-global-typography-a3f921e-font-size );line-height:var( --e-global-typography-a3f921e-line-height );letter-spacing:var( --e-global-typography-a3f921e-letter-spacing );word-spacing:var( --e-global-typography-a3f921e-word-spacing );}.elementor-357 .elementor-element.elementor-element-7393ca5c{padding:60px 10px 80px 10px;}.elementor-357 .elementor-element.elementor-element-bf342 > .elementor-element-populated{margin:0px 0px 0px 0px;--e-column-margin-right:0px;--e-column-margin-left:0px;padding:0px 0px 0px 0px;}.elementor-357 .elementor-element.elementor-element-e81244d{font-size:var( --e-global-typography-text-font-size );}}<\/style>\t\t<div data-elementor-type=\"wp-page\" data-elementor-id=\"357\" class=\"elementor elementor-357\" data-elementor-post-type=\"page\">\n\t\t\t\t\t\t<section class=\"elementor-section elementor-top-section elementor-element elementor-element-5dcc49ff elementor-section-boxed elementor-section-height-default elementor-section-height-default\" data-id=\"5dcc49ff\" data-element_type=\"section\" data-e-type=\"section\" data-settings=\"{&quot;background_background&quot;:&quot;classic&quot;}\">\n\t\t\t\t\t\t\t<div class=\"elementor-background-overlay\"><\/div>\n\t\t\t\t\t\t\t<div class=\"elementor-container elementor-column-gap-no\">\n\t\t\t\t\t<div class=\"elementor-column elementor-col-100 elementor-top-column elementor-element elementor-element-35d0784d\" data-id=\"35d0784d\" data-element_type=\"column\" data-e-type=\"column\">\n\t\t\t<div class=\"elementor-widget-wrap elementor-element-populated\">\n\t\t\t\t\t\t\t<\/div>\n\t\t<\/div>\n\t\t\t\t\t<\/div>\n\t\t<\/section>\n\t\t\t\t<section class=\"elementor-section elementor-top-section elementor-element elementor-element-7393ca5c elementor-section-content-middle elementor-section-boxed elementor-section-height-default elementor-section-height-default\" data-id=\"7393ca5c\" data-element_type=\"section\" data-e-type=\"section\" data-settings=\"{&quot;background_background&quot;:&quot;classic&quot;}\">\n\t\t\t\t\t\t<div class=\"elementor-container elementor-column-gap-no\">\n\t\t\t\t\t<div class=\"elementor-column elementor-col-100 elementor-top-column elementor-element elementor-element-bf342\" data-id=\"bf342\" data-element_type=\"column\" data-e-type=\"column\">\n\t\t\t<div class=\"elementor-widget-wrap elementor-element-populated\">\n\t\t\t\t\t\t<div class=\"elementor-element elementor-element-e81244d elementor-widget elementor-widget-text-editor\" data-id=\"e81244d\" data-element_type=\"widget\" data-e-type=\"widget\" data-widget_type=\"text-editor.default\">\n\t\t\t\t<div class=\"elementor-widget-container\">\n\t\t\t\t\t\t\t\t\t<p>THE OWNER undertakes to protect the privacy of users who access this website and\/or any of its services. The use of the website and\/or any of the services offered by THE OWNER implies the user&#039;s acceptance of the provisions contained in this Privacy Policy and that their personal data is processed as stipulated therein. Please keep in mind that although there may be links from our website to other websites or social networks, this Privacy Policy does not apply to the websites of other companies or organizations to which the website is redirected. THE OWNER does not control the content of third-party websites, nor does it accept any responsibility for the content or privacy policies of these websites.<\/p><p>\u00a0<\/p><p class=\"text-bold\"><strong>Basic information on data processing (Regulation (EU) 2016\/679 and LO 3\/2018)<\/strong><\/p><table><tbody><tr><td>Responsible for the treatment<\/td><td>THE OWNER.<br \/>Our data appears in the legal notice of this website.<\/td><\/tr><tr><td>Purpose of treatment<\/td><td>Offer and manage our products and\/or services.<\/td><\/tr><tr><td>Legitimation<\/td><td>Consent obtained from the interested party. Execution of the service contract.<\/td><\/tr><tr><td>Recipients<\/td><td>The data will not be communicated to third parties, unless required by law or necessary to fulfill the purpose of the processing.<\/td><\/tr><tr><td>People rights<\/td><td>Interested parties have the right to exercise their rights of access, rectification, limitation of processing, deletion, portability and opposition, by sending their request to our address.<\/td><\/tr><tr><td>Data retention period<\/td><td>As long as the business relationship is maintained or during the years necessary to comply with legal obligations.<\/td><\/tr><tr><td>Claim<\/td><td>Interested parties can contact the AEPD to present the claim they consider appropriate.<\/td><\/tr><tr><td>Additional Information<\/td><td>Additional detailed information can be found below in the \u201cPrivacy Questions\u201d.<\/td><\/tr><\/tbody><\/table><p>\u00a0<\/p><p class=\"titol text-bold text-uppercase\"><strong>Privacy Questions<\/strong><\/p><p>In compliance with Regulation (EU) 2016\/679 of the European Parliament and of the Council, of April 27, 2016, (RGPD), and Organic Law 3\/2018, of December 5, on the Protection of Personal Data and guarantee of the digital rights (LOPDGDD) we offer you the following information about the processing of your personal data:<\/p><p>\u00a0<\/p><p class=\"text-bold\"><strong>Who is responsible for the processing of your data?<\/strong><\/p><p>THE OWNER.<br \/>Our data appears in the legal notice of this website.<\/p><p class=\"text-bold\">For what purpose do we process your personal data?<\/p><div class=\"cont\"><ul><li>We process the information provided to us to provide and bill our services and products.<\/li><\/ul><\/div><div class=\"cont\"><ul><li>If you give us your consent, we may also process your data to send you information about our activities, services and products.<\/li><\/ul><\/div><div class=\"cont\"><ul><li>If you participate in any of our raffles and\/or contests, we will publish your name and surname, and your image, in the different spaces and means of communication and dissemination that we use, including social networks, in order to promote our activities, services and products. .<\/li><\/ul><p>\u00a0<\/p><\/div><p class=\"text-bold\"><strong>How long will we keep your data?<\/strong><\/p><p>The personal data provided will be kept as long as you are a user of our services or want to receive information, and if you participate in a promotion while it is active, and then for the periods established to comply with our legal obligations.<\/p><p>\u00a0<\/p><p class=\"text-bold\"><strong>What is the legitimacy for the processing of your data?<\/strong><\/p><p>The legal basis for the processing of your data is the consents you give us.<\/p><p>Regarding the information sent to us by minors under 16 years of age, it will be understood that it has been sent with the consent of their legal representatives. If this is not the case, the legal representative of the minor must inform us as soon as he or she becomes aware of it.<\/p><p>\u00a0<\/p><p class=\"text-bold\"><strong>To which recipients will your data be communicated?<\/strong><\/p><p>The data will not be communicated to third parties, unless required by law or necessary to fulfill the purpose of the processing.<\/p><p>\u00a0<\/p><p class=\"text-bold\"><strong>What are your rights when you provide us with your data?<\/strong><\/p><div class=\"cont\"><ul><li>Anyone has the right to obtain confirmation as to whether or not we are processing their personal data.<\/li><\/ul><\/div><div class=\"cont\"><ul><li>The interested parties have the right to access their personal data, as well as to request the rectification of inaccurate data or, where appropriate, request its deletion when, among other reasons, the data is no longer necessary for the purposes for which it was collected. .<\/li><\/ul><\/div><div class=\"cont\"><ul><li>In certain circumstances, interested parties may request the limitation of the processing of their data; in this case, we will only keep them for the exercise or defense of claims.<\/li><\/ul><\/div><div class=\"cont\"><ul><li>Also, in certain circumstances and for reasons related to their particular situation, interested parties may object to the processing of their data.<\/li><\/ul><\/div><div class=\"cont\"><ul><li>Data subjects also have the right to the portability of their data.<\/li><\/ul><\/div><div class=\"cont\"><ul><li>Finally, interested parties have the right to file a claim with the competent Control Authority.<\/li><\/ul><p>\u00a0<\/p><\/div><p class=\"text-bold\"><strong>How can you exercise your rights?<\/strong><\/p><p>Sending a letter attaching a copy of a document that identifies you, to our physical or electronic address.<\/p><p>\u00a0<\/p><p class=\"text-bold\"><strong>How have we obtained your data?<\/strong><\/p><p>The personal data we process comes from the interested party himself. The interested party guarantees that the personal data provided is true and is responsible for communicating any modification thereof. The data marked with an asterisk will be mandatory in order to provide you with the requested service.<\/p><p>\u00a0<\/p><p class=\"text-bold\"><strong>What data do we process?<\/strong><\/p><p>The categories of data that we can process in the provision of our services are:<\/p><div class=\"cont\"><ul><li>Identification data<\/li><\/ul><\/div><div class=\"cont\"><ul><li>Postal or electronic addresses<\/li><\/ul><\/div><div class=\"cont\"><ul><li>Other information requested in our forms<\/li><\/ul><\/div><p>The data is limited, since we only process the data necessary to provide our services and manage our activity.<\/p><p>\u00a0<\/p><p class=\"text-bold\"><strong>Do we use cookies?<\/strong><\/p><p>We use cookies while browsing our website with the user&#039;s informed consent. The user can configure their browser to be warned of the use of cookies and to prevent their use. For more information visit our cookie policy.<\/p><p>\u00a0<\/p><p class=\"text-bold\"><strong>What security measures do we apply?<\/strong><\/p><p>We apply the security measures established in article 32 of the RGPD, therefore, we have adopted the necessary security measures to guarantee a level of security appropriate to the risk of the data processing we carry out, with mechanisms that allow us to guarantee confidentiality, integrity, permanent availability and resilience of treatment systems and services.<\/p><p>Some of these measures are:<\/p><div class=\"cont\"><ul><li>Information on data processing policies for staff.<\/li><\/ul><\/div><div class=\"cont\"><ul><li>Making periodic backups.<\/li><\/ul><\/div><div class=\"cont\"><ul><li>Data access control.<\/li><\/ul><\/div><div class=\"cont\"><ul><li>Regular verification, evaluation and assessment processes.<\/li><\/ul><\/div>\t\t\t\t\t\t\t\t<\/div>\n\t\t\t\t<\/div>\n\t\t\t\t\t<\/div>\n\t\t<\/div>\n\t\t\t\t\t<\/div>\n\t\t<\/section>\n\t\t\t\t<\/div>","protected":false},"excerpt":{"rendered":"<p>THE OWNER undertakes to protect the privacy of users who access this website and\/or any of its services. The use of the website and\/or any of the services offered by THE OWNER implies the user&#039;s acceptance of the provisions contained in this Privacy Policy and that its...&nbsp;<\/p>","protected":false},"author":1,"featured_media":0,"parent":0,"menu_order":0,"comment_status":"closed","ping_status":"closed","template":"page-templates\/template-pagebuilder-full-width.php","meta":{"_acf_changed":false,"inline_featured_image":false,"neve_meta_sidebar":"","neve_meta_container":"","neve_meta_enable_content_width":"off","neve_meta_content_width":100,"neve_meta_title_alignment":"","neve_meta_author_avatar":"","neve_post_elements_order":"","neve_meta_disable_header":"","neve_meta_disable_footer":"","neve_meta_disable_title":"","footnotes":""},"class_list":["post-357","page","type-page","status-publish","hentry"],"acf":[],"yoast_head":"<!-- This site is optimized with the Yoast SEO plugin v27.3 - https:\/\/yoast.com\/product\/yoast-seo-wordpress\/ -->\n<title>Pol\u00edtica de protecci\u00f3n de datos - SATA | Soluciones t\u00e9cnicas del agua<\/title>\n<meta name=\"robots\" content=\"index, follow, max-snippet:-1, max-image-preview:large, max-video-preview:-1\" \/>\n<link rel=\"canonical\" href=\"https:\/\/satamanteniments.com\/en\/politica-de-proteccion-de-datos\/\" \/>\n<meta property=\"og:locale\" content=\"en_GB\" \/>\n<meta property=\"og:type\" content=\"article\" \/>\n<meta property=\"og:title\" content=\"Pol\u00edtica de protecci\u00f3n de datos - SATA | Soluciones t\u00e9cnicas del agua\" \/>\n<meta property=\"og:description\" content=\"EL TITULAR se compromete a proteger la privacidad de los usuarios que accedan a esta web y\/o cualquiera de sus servicios. La utilizaci\u00f3n de la web y\/o de cualquiera de los servicios ofrecidos por EL TITULAR implica la aceptaci\u00f3n por el usuario de las disposiciones contenidas en la presente Pol\u00edtica de Privacidad y que sus&hellip;&nbsp;\" \/>\n<meta property=\"og:url\" content=\"https:\/\/satamanteniments.com\/en\/politica-de-proteccion-de-datos\/\" \/>\n<meta property=\"og:site_name\" content=\"SATA | Soluciones t\u00e9cnicas del agua\" \/>\n<meta property=\"article:modified_time\" content=\"2023-12-25T18:03:06+00:00\" \/>\n<meta name=\"twitter:card\" content=\"summary_large_image\" \/>\n<script type=\"application\/ld+json\" class=\"yoast-schema-graph\">{\"@context\":\"https:\\\/\\\/schema.org\",\"@graph\":[{\"@type\":\"WebPage\",\"@id\":\"https:\\\/\\\/satamanteniments.com\\\/politica-de-proteccion-de-datos\\\/\",\"url\":\"https:\\\/\\\/satamanteniments.com\\\/politica-de-proteccion-de-datos\\\/\",\"name\":\"Pol\u00edtica de protecci\u00f3n de datos - SATA | Soluciones t\u00e9cnicas del agua\",\"isPartOf\":{\"@id\":\"https:\\\/\\\/satamanteniments.com\\\/#website\"},\"datePublished\":\"2023-12-25T18:02:38+00:00\",\"dateModified\":\"2023-12-25T18:03:06+00:00\",\"breadcrumb\":{\"@id\":\"https:\\\/\\\/satamanteniments.com\\\/politica-de-proteccion-de-datos\\\/#breadcrumb\"},\"inLanguage\":\"en-GB\",\"potentialAction\":[{\"@type\":\"ReadAction\",\"target\":[\"https:\\\/\\\/satamanteniments.com\\\/politica-de-proteccion-de-datos\\\/\"]}]},{\"@type\":\"BreadcrumbList\",\"@id\":\"https:\\\/\\\/satamanteniments.com\\\/politica-de-proteccion-de-datos\\\/#breadcrumb\",\"itemListElement\":[{\"@type\":\"ListItem\",\"position\":1,\"name\":\"Portada\",\"item\":\"https:\\\/\\\/satamanteniments.com\\\/\"},{\"@type\":\"ListItem\",\"position\":2,\"name\":\"Pol\u00edtica de protecci\u00f3n de datos\"}]},{\"@type\":\"WebSite\",\"@id\":\"https:\\\/\\\/satamanteniments.com\\\/#website\",\"url\":\"https:\\\/\\\/satamanteniments.com\\\/\",\"name\":\"Tratamiento de agua en Barcelona \u2013 Sata Manteniments\",\"description\":\"Expertos en \u00f3smosis, descalcificadores y purificadores de agua. Instalaci\u00f3n y mantenimiento profesional para hogares y empresas en Barcelona y toda Catalu\u00f1a.\",\"potentialAction\":[{\"@type\":\"SearchAction\",\"target\":{\"@type\":\"EntryPoint\",\"urlTemplate\":\"https:\\\/\\\/satamanteniments.com\\\/?s={search_term_string}\"},\"query-input\":{\"@type\":\"PropertyValueSpecification\",\"valueRequired\":true,\"valueName\":\"search_term_string\"}}],\"inLanguage\":\"en-GB\"}]}<\/script>\n<!-- \/ Yoast SEO plugin. -->","yoast_head_json":{"title":"Pol\u00edtica de protecci\u00f3n de datos - SATA | Soluciones t\u00e9cnicas del agua","robots":{"index":"index","follow":"follow","max-snippet":"max-snippet:-1","max-image-preview":"max-image-preview:large","max-video-preview":"max-video-preview:-1"},"canonical":"https:\/\/satamanteniments.com\/en\/politica-de-proteccion-de-datos\/","og_locale":"en_GB","og_type":"article","og_title":"Pol\u00edtica de protecci\u00f3n de datos - SATA | Soluciones t\u00e9cnicas del agua","og_description":"EL TITULAR se compromete a proteger la privacidad de los usuarios que accedan a esta web y\/o cualquiera de sus servicios. La utilizaci\u00f3n de la web y\/o de cualquiera de los servicios ofrecidos por EL TITULAR implica la aceptaci\u00f3n por el usuario de las disposiciones contenidas en la presente Pol\u00edtica de Privacidad y que sus&hellip;&nbsp;","og_url":"https:\/\/satamanteniments.com\/en\/politica-de-proteccion-de-datos\/","og_site_name":"SATA | Soluciones t\u00e9cnicas del agua","article_modified_time":"2023-12-25T18:03:06+00:00","twitter_card":"summary_large_image","schema":{"@context":"https:\/\/schema.org","@graph":[{"@type":"WebPage","@id":"https:\/\/satamanteniments.com\/politica-de-proteccion-de-datos\/","url":"https:\/\/satamanteniments.com\/politica-de-proteccion-de-datos\/","name":"Pol\u00edtica de protecci\u00f3n de datos - SATA | Soluciones t\u00e9cnicas del agua","isPartOf":{"@id":"https:\/\/satamanteniments.com\/#website"},"datePublished":"2023-12-25T18:02:38+00:00","dateModified":"2023-12-25T18:03:06+00:00","breadcrumb":{"@id":"https:\/\/satamanteniments.com\/politica-de-proteccion-de-datos\/#breadcrumb"},"inLanguage":"en-GB","potentialAction":[{"@type":"ReadAction","target":["https:\/\/satamanteniments.com\/politica-de-proteccion-de-datos\/"]}]},{"@type":"BreadcrumbList","@id":"https:\/\/satamanteniments.com\/politica-de-proteccion-de-datos\/#breadcrumb","itemListElement":[{"@type":"ListItem","position":1,"name":"Portada","item":"https:\/\/satamanteniments.com\/"},{"@type":"ListItem","position":2,"name":"Pol\u00edtica de protecci\u00f3n de datos"}]},{"@type":"WebSite","@id":"https:\/\/satamanteniments.com\/#website","url":"https:\/\/satamanteniments.com\/","name":"Water treatment in Barcelona \u2013 Sata Manteniments","description":"Experts in osmosis, water softeners, and water purifiers. Professional installation and maintenance for homes and businesses in Barcelona and throughout Catalonia.","potentialAction":[{"@type":"SearchAction","target":{"@type":"EntryPoint","urlTemplate":"https:\/\/satamanteniments.com\/?s={search_term_string}"},"query-input":{"@type":"PropertyValueSpecification","valueRequired":true,"valueName":"search_term_string"}}],"inLanguage":"en-GB"}]}},"_links":{"self":[{"href":"https:\/\/satamanteniments.com\/en\/wp-json\/wp\/v2\/pages\/357","targetHints":{"allow":["GET"]}}],"collection":[{"href":"https:\/\/satamanteniments.com\/en\/wp-json\/wp\/v2\/pages"}],"about":[{"href":"https:\/\/satamanteniments.com\/en\/wp-json\/wp\/v2\/types\/page"}],"author":[{"embeddable":true,"href":"https:\/\/satamanteniments.com\/en\/wp-json\/wp\/v2\/users\/1"}],"replies":[{"embeddable":true,"href":"https:\/\/satamanteniments.com\/en\/wp-json\/wp\/v2\/comments?post=357"}],"version-history":[{"count":4,"href":"https:\/\/satamanteniments.com\/en\/wp-json\/wp\/v2\/pages\/357\/revisions"}],"predecessor-version":[{"id":361,"href":"https:\/\/satamanteniments.com\/en\/wp-json\/wp\/v2\/pages\/357\/revisions\/361"}],"wp:attachment":[{"href":"https:\/\/satamanteniments.com\/en\/wp-json\/wp\/v2\/media?parent=357"}],"curies":[{"name":"wp","href":"https:\/\/api.w.org\/{rel}","templated":true}]}}