{"id":1700,"date":"2025-09-15T11:10:38","date_gmt":"2025-09-15T09:10:38","guid":{"rendered":"https:\/\/satamanteniments.com\/?post_type=product&#038;p=1700"},"modified":"2026-02-17T08:23:20","modified_gmt":"2026-02-17T07:23:20","slug":"bluedrop-water-purifier-osmosis","status":"publish","type":"product","link":"https:\/\/satamanteniments.com\/en\/product\/bluedrop-water-purifier-osmosis\/","title":{"rendered":"BLUEDROP Water Purifier"},"content":{"rendered":"<h3>Domestic water purifier <b>BLUEDROP<\/b><\/h3>\n<p>The<strong> Water Purifier <b>BLUEDROP<\/b><\/strong> is a compact reverse osmosis system designed to improve water quality at home. It includes sediment filters, a carbon block, a 75 GPD membrane, and a GAC post-filter, providing complete purification that removes chlorine, sediments, and compounds that affect the taste and smell of the water.<\/p>\n<p>With <strong>external pressurized tank<\/strong>, booster pump and membrane self-cleaning system, ensuring greater flow rate and durability. It also features <strong>automatic maintenance alerts<\/strong>, <strong>sound alerts<\/strong>, LED status indicator and safety lock, providing comfort and peace of mind in daily use.<\/p>\n<p>Its lightweight (3.5 kg) and compact design (181 \u00d7 183 \u00d7 334 mm) make it perfect for modern kitchens with limited space.<\/p>","protected":false},"excerpt":{"rendered":"<p>Purificador de agua dom\u00e9stica BLUEDROP El Purificador de Agua BLUEDROP es un sistema compacto de \u00f3smosis inversa dise\u00f1ado para mejorar la calidad del agua en el hogar. Incorpora filtros de sedimentos, bloque de carb\u00f3n, membrana de 75 GPD y postfiltro GAC, ofreciendo una purificaci\u00f3n completa que elimina cloro, sedimentos y compuestos que alteran el sabor&hellip;&nbsp;<\/p>","protected":false},"featured_media":1701,"comment_status":"open","ping_status":"closed","template":"","meta":{"_acf_changed":false,"inline_featured_image":false,"neve_meta_sidebar":"","neve_meta_container":"","neve_meta_enable_content_width":"off","neve_meta_content_width":100,"neve_meta_title_alignment":"","neve_meta_author_avatar":"","neve_post_elements_order":"","neve_meta_disable_header":"","neve_meta_disable_footer":"","neve_meta_disable_title":""},"product_brand":[],"product_cat":[42],"product_tag":[],"class_list":{"0":"post-1700","1":"product","2":"type-product","3":"status-publish","4":"has-post-thumbnail","6":"product_cat-osmosis","8":"first","9":"instock","10":"shipping-taxable","11":"product-type-simple"},"acf":[],"yoast_head":"<!-- This site is optimized with the Yoast SEO plugin v27.3 - https:\/\/yoast.com\/product\/yoast-seo-wordpress\/ -->\n<title>Purificador de agua BLUEDROP con \u00f3smosis inversa - Sata Manteniments<\/title>\n<meta name=\"description\" content=\"Purificador de agua BLUEDROP con \u00f3smosis inversa, tanque presurizado y bomba booster. Agua m\u00e1s pura con avisos autom\u00e1ticos y LED de control.\" \/>\n<meta name=\"robots\" content=\"index, follow, max-snippet:-1, max-image-preview:large, max-video-preview:-1\" \/>\n<link rel=\"canonical\" href=\"https:\/\/satamanteniments.com\/en\/product\/bluedrop-water-purifier-osmosis\/\" \/>\n<meta property=\"og:locale\" content=\"en_GB\" \/>\n<meta property=\"og:type\" content=\"article\" \/>\n<meta property=\"og:title\" content=\"Purificador de agua BLUEDROP con \u00f3smosis inversa - Sata Manteniments\" \/>\n<meta property=\"og:description\" content=\"Purificador de agua BLUEDROP con \u00f3smosis inversa, tanque presurizado y bomba booster. Agua m\u00e1s pura con avisos autom\u00e1ticos y LED de control.\" \/>\n<meta property=\"og:url\" content=\"https:\/\/satamanteniments.com\/en\/product\/bluedrop-water-purifier-osmosis\/\" \/>\n<meta property=\"og:site_name\" content=\"SATA | Soluciones t\u00e9cnicas del agua\" \/>\n<meta property=\"article:modified_time\" content=\"2026-02-17T07:23:20+00:00\" \/>\n<meta property=\"og:image\" content=\"https:\/\/satamanteniments.com\/wp-content\/uploads\/2025\/09\/Bermax-Hidrologik.jpg\" \/>\n\t<meta property=\"og:image:width\" content=\"700\" \/>\n\t<meta property=\"og:image:height\" content=\"700\" \/>\n\t<meta property=\"og:image:type\" content=\"image\/jpeg\" \/>\n<meta name=\"twitter:card\" content=\"summary_large_image\" \/>\n<script type=\"application\/ld+json\" class=\"yoast-schema-graph\">{\"@context\":\"https:\\\/\\\/schema.org\",\"@graph\":[{\"@type\":\"WebPage\",\"@id\":\"https:\\\/\\\/satamanteniments.com\\\/producto\\\/purificador-agua-bluedrop-osmosis\\\/\",\"url\":\"https:\\\/\\\/satamanteniments.com\\\/producto\\\/purificador-agua-bluedrop-osmosis\\\/\",\"name\":\"Purificador de agua BLUEDROP con \u00f3smosis inversa - Sata Manteniments\",\"isPartOf\":{\"@id\":\"https:\\\/\\\/satamanteniments.com\\\/#website\"},\"primaryImageOfPage\":{\"@id\":\"https:\\\/\\\/satamanteniments.com\\\/producto\\\/purificador-agua-bluedrop-osmosis\\\/#primaryimage\"},\"image\":{\"@id\":\"https:\\\/\\\/satamanteniments.com\\\/producto\\\/purificador-agua-bluedrop-osmosis\\\/#primaryimage\"},\"thumbnailUrl\":\"https:\\\/\\\/satamanteniments.com\\\/wp-content\\\/uploads\\\/2025\\\/09\\\/Bermax-Hidrologik.jpg\",\"datePublished\":\"2025-09-15T09:10:38+00:00\",\"dateModified\":\"2026-02-17T07:23:20+00:00\",\"description\":\"Purificador de agua BLUEDROP con \u00f3smosis inversa, tanque presurizado y bomba booster. Agua m\u00e1s pura con avisos autom\u00e1ticos y LED de control.\",\"breadcrumb\":{\"@id\":\"https:\\\/\\\/satamanteniments.com\\\/producto\\\/purificador-agua-bluedrop-osmosis\\\/#breadcrumb\"},\"inLanguage\":\"en-GB\",\"potentialAction\":[{\"@type\":\"ReadAction\",\"target\":[\"https:\\\/\\\/satamanteniments.com\\\/producto\\\/purificador-agua-bluedrop-osmosis\\\/\"]}]},{\"@type\":\"ImageObject\",\"inLanguage\":\"en-GB\",\"@id\":\"https:\\\/\\\/satamanteniments.com\\\/producto\\\/purificador-agua-bluedrop-osmosis\\\/#primaryimage\",\"url\":\"https:\\\/\\\/satamanteniments.com\\\/wp-content\\\/uploads\\\/2025\\\/09\\\/Bermax-Hidrologik.jpg\",\"contentUrl\":\"https:\\\/\\\/satamanteniments.com\\\/wp-content\\\/uploads\\\/2025\\\/09\\\/Bermax-Hidrologik.jpg\",\"width\":700,\"height\":700,\"caption\":\"Purificador de agua Sati\"},{\"@type\":\"BreadcrumbList\",\"@id\":\"https:\\\/\\\/satamanteniments.com\\\/producto\\\/purificador-agua-bluedrop-osmosis\\\/#breadcrumb\",\"itemListElement\":[{\"@type\":\"ListItem\",\"position\":1,\"name\":\"Portada\",\"item\":\"https:\\\/\\\/satamanteniments.com\\\/\"},{\"@type\":\"ListItem\",\"position\":2,\"name\":\"Tienda\",\"item\":\"https:\\\/\\\/satamanteniments.com\\\/?page_id=892\"},{\"@type\":\"ListItem\",\"position\":3,\"name\":\"Purificador de agua BLUEDROP\"}]},{\"@type\":\"WebSite\",\"@id\":\"https:\\\/\\\/satamanteniments.com\\\/#website\",\"url\":\"https:\\\/\\\/satamanteniments.com\\\/\",\"name\":\"Tratamiento de agua en Barcelona \u2013 Sata Manteniments\",\"description\":\"Expertos en \u00f3smosis, descalcificadores y purificadores de agua. Instalaci\u00f3n y mantenimiento profesional para hogares y empresas en Barcelona y toda Catalu\u00f1a.\",\"potentialAction\":[{\"@type\":\"SearchAction\",\"target\":{\"@type\":\"EntryPoint\",\"urlTemplate\":\"https:\\\/\\\/satamanteniments.com\\\/?s={search_term_string}\"},\"query-input\":{\"@type\":\"PropertyValueSpecification\",\"valueRequired\":true,\"valueName\":\"search_term_string\"}}],\"inLanguage\":\"en-GB\"}]}<\/script>\n<!-- \/ Yoast SEO plugin. -->","yoast_head_json":{"title":"BLUEDROP Water Purifier with Reverse Osmosis - Sata Manteniments","description":"BLUEDROP water purifier with reverse osmosis, pressurized tank, and booster pump. Cleaner water with automatic alerts and control LED.","robots":{"index":"index","follow":"follow","max-snippet":"max-snippet:-1","max-image-preview":"max-image-preview:large","max-video-preview":"max-video-preview:-1"},"canonical":"https:\/\/satamanteniments.com\/en\/product\/bluedrop-water-purifier-osmosis\/","og_locale":"en_GB","og_type":"article","og_title":"Purificador de agua BLUEDROP con \u00f3smosis inversa - Sata Manteniments","og_description":"Purificador de agua BLUEDROP con \u00f3smosis inversa, tanque presurizado y bomba booster. Agua m\u00e1s pura con avisos autom\u00e1ticos y LED de control.","og_url":"https:\/\/satamanteniments.com\/en\/product\/bluedrop-water-purifier-osmosis\/","og_site_name":"SATA | Soluciones t\u00e9cnicas del agua","article_modified_time":"2026-02-17T07:23:20+00:00","og_image":[{"width":700,"height":700,"url":"https:\/\/satamanteniments.com\/wp-content\/uploads\/2025\/09\/Bermax-Hidrologik.jpg","type":"image\/jpeg"}],"twitter_card":"summary_large_image","schema":{"@context":"https:\/\/schema.org","@graph":[{"@type":"WebPage","@id":"https:\/\/satamanteniments.com\/producto\/purificador-agua-bluedrop-osmosis\/","url":"https:\/\/satamanteniments.com\/producto\/purificador-agua-bluedrop-osmosis\/","name":"BLUEDROP Water Purifier with Reverse Osmosis - Sata Manteniments","isPartOf":{"@id":"https:\/\/satamanteniments.com\/#website"},"primaryImageOfPage":{"@id":"https:\/\/satamanteniments.com\/producto\/purificador-agua-bluedrop-osmosis\/#primaryimage"},"image":{"@id":"https:\/\/satamanteniments.com\/producto\/purificador-agua-bluedrop-osmosis\/#primaryimage"},"thumbnailUrl":"https:\/\/satamanteniments.com\/wp-content\/uploads\/2025\/09\/Bermax-Hidrologik.jpg","datePublished":"2025-09-15T09:10:38+00:00","dateModified":"2026-02-17T07:23:20+00:00","description":"BLUEDROP water purifier with reverse osmosis, pressurized tank, and booster pump. Cleaner water with automatic alerts and control LED.","breadcrumb":{"@id":"https:\/\/satamanteniments.com\/producto\/purificador-agua-bluedrop-osmosis\/#breadcrumb"},"inLanguage":"en-GB","potentialAction":[{"@type":"ReadAction","target":["https:\/\/satamanteniments.com\/producto\/purificador-agua-bluedrop-osmosis\/"]}]},{"@type":"ImageObject","inLanguage":"en-GB","@id":"https:\/\/satamanteniments.com\/producto\/purificador-agua-bluedrop-osmosis\/#primaryimage","url":"https:\/\/satamanteniments.com\/wp-content\/uploads\/2025\/09\/Bermax-Hidrologik.jpg","contentUrl":"https:\/\/satamanteniments.com\/wp-content\/uploads\/2025\/09\/Bermax-Hidrologik.jpg","width":700,"height":700,"caption":"Purificador de agua Sati"},{"@type":"BreadcrumbList","@id":"https:\/\/satamanteniments.com\/producto\/purificador-agua-bluedrop-osmosis\/#breadcrumb","itemListElement":[{"@type":"ListItem","position":1,"name":"Portada","item":"https:\/\/satamanteniments.com\/"},{"@type":"ListItem","position":2,"name":"Tienda","item":"https:\/\/satamanteniments.com\/?page_id=892"},{"@type":"ListItem","position":3,"name":"Purificador de agua BLUEDROP"}]},{"@type":"WebSite","@id":"https:\/\/satamanteniments.com\/#website","url":"https:\/\/satamanteniments.com\/","name":"Water treatment in Barcelona \u2013 Sata Manteniments","description":"Experts in osmosis, water softeners, and water purifiers. Professional installation and maintenance for homes and businesses in Barcelona and throughout Catalonia.","potentialAction":[{"@type":"SearchAction","target":{"@type":"EntryPoint","urlTemplate":"https:\/\/satamanteniments.com\/?s={search_term_string}"},"query-input":{"@type":"PropertyValueSpecification","valueRequired":true,"valueName":"search_term_string"}}],"inLanguage":"en-GB"}]}},"_links":{"self":[{"href":"https:\/\/satamanteniments.com\/en\/wp-json\/wp\/v2\/product\/1700","targetHints":{"allow":["GET"]}}],"collection":[{"href":"https:\/\/satamanteniments.com\/en\/wp-json\/wp\/v2\/product"}],"about":[{"href":"https:\/\/satamanteniments.com\/en\/wp-json\/wp\/v2\/types\/product"}],"replies":[{"embeddable":true,"href":"https:\/\/satamanteniments.com\/en\/wp-json\/wp\/v2\/comments?post=1700"}],"wp:featuredmedia":[{"embeddable":true,"href":"https:\/\/satamanteniments.com\/en\/wp-json\/wp\/v2\/media\/1701"}],"wp:attachment":[{"href":"https:\/\/satamanteniments.com\/en\/wp-json\/wp\/v2\/media?parent=1700"}],"wp:term":[{"taxonomy":"product_brand","embeddable":true,"href":"https:\/\/satamanteniments.com\/en\/wp-json\/wp\/v2\/product_brand?post=1700"},{"taxonomy":"product_cat","embeddable":true,"href":"https:\/\/satamanteniments.com\/en\/wp-json\/wp\/v2\/product_cat?post=1700"},{"taxonomy":"product_tag","embeddable":true,"href":"https:\/\/satamanteniments.com\/en\/wp-json\/wp\/v2\/product_tag?post=1700"}],"curies":[{"name":"wp","href":"https:\/\/api.w.org\/{rel}","templated":true}]}}