{"id":3056,"date":"2025-12-01T12:11:49","date_gmt":"2025-12-01T11:11:49","guid":{"rendered":"https:\/\/satamanteniments.com\/?post_type=product&#038;p=3056"},"modified":"2026-02-16T08:35:34","modified_gmt":"2026-02-16T07:35:34","slug":"creative-s-water-purifier-for-home-and-office","status":"publish","type":"product","link":"https:\/\/satamanteniments.com\/en\/product\/creative-s-water-purifier-for-home-and-office\/","title":{"rendered":"Creative-S water purifying fountain for home and office"},"content":{"rendered":"<p>The<strong>\u00a0Creative-S<\/strong> is a purification fountain designed for homes and offices that seek a continuous supply of quality water. It incorporates a system of <strong>multistage filtration<\/strong> composed of carbon and polypropylene prefilters, a carbon postfilter and a membrane of <strong>100 GPD<\/strong>, capable of reducing up to a <strong>99% of chlorine<\/strong>, a <strong>99% of organic compounds<\/strong>, a <strong>99% of bacteria<\/strong> and around <strong>95% of TDS<\/strong>.<br \/>\nIt has <strong>cold water <\/strong>(3\u20138 \u00b0C, 3.8 L) and <strong>hot water<\/strong> (1.5 L) with a safety button. Its stainless steel tanks, 4-way shut-off valve, and mechanical float ensure hygienic, stable, and durable operation. It is an ideal solution for enjoying purified water without the need for bottles or additional consumables.<\/p>","protected":false},"excerpt":{"rendered":"<p>La\u00a0Creative-S es una fuente purificadora dise\u00f1ada para hogares y oficinas que buscan un suministro continuo de agua de calidad. Incorpora un sistema de filtraci\u00f3n multietapa compuesto por prefiltros de carb\u00f3n y polipropileno, postfiltro de carb\u00f3n y membrana de 100 GPD, capaz de reducir hasta un 99 % del cloro, un 99 % de compuestos org\u00e1nicos,&hellip;&nbsp;<\/p>","protected":false},"featured_media":3057,"comment_status":"open","ping_status":"closed","template":"","meta":{"_acf_changed":false,"inline_featured_image":false,"neve_meta_sidebar":"","neve_meta_container":"","neve_meta_enable_content_width":"off","neve_meta_content_width":100,"neve_meta_title_alignment":"","neve_meta_author_avatar":"","neve_post_elements_order":"","neve_meta_disable_header":"","neve_meta_disable_footer":"","neve_meta_disable_title":""},"product_brand":[],"product_cat":[42],"product_tag":[],"class_list":{"0":"post-3056","1":"product","2":"type-product","3":"status-publish","4":"has-post-thumbnail","6":"product_cat-osmosis","8":"first","9":"instock","10":"shipping-taxable","11":"product-type-simple"},"acf":[],"yoast_head":"<!-- This site is optimized with the Yoast SEO plugin v27.3 - https:\/\/yoast.com\/product\/yoast-seo-wordpress\/ -->\n<title>Fuente purificadora de agua Creative-S para hogar y oficina - SATA | Soluciones t\u00e9cnicas del agua<\/title>\n<meta name=\"robots\" content=\"index, follow, max-snippet:-1, max-image-preview:large, max-video-preview:-1\" \/>\n<link rel=\"canonical\" href=\"https:\/\/satamanteniments.com\/en\/product\/creative-s-water-purifier-for-home-and-office\/\" \/>\n<meta property=\"og:locale\" content=\"en_GB\" \/>\n<meta property=\"og:type\" content=\"article\" \/>\n<meta property=\"og:title\" content=\"Fuente purificadora de agua Creative-S para hogar y oficina - SATA | Soluciones t\u00e9cnicas del agua\" \/>\n<meta property=\"og:description\" content=\"La\u00a0Creative-S es una fuente purificadora dise\u00f1ada para hogares y oficinas que buscan un suministro continuo de agua de calidad. Incorpora un sistema de filtraci\u00f3n multietapa compuesto por prefiltros de carb\u00f3n y polipropileno, postfiltro de carb\u00f3n y membrana de 100 GPD, capaz de reducir hasta un 99 % del cloro, un 99 % de compuestos org\u00e1nicos,&hellip;&nbsp;\" \/>\n<meta property=\"og:url\" content=\"https:\/\/satamanteniments.com\/en\/product\/creative-s-water-purifier-for-home-and-office\/\" \/>\n<meta property=\"og:site_name\" content=\"SATA | Soluciones t\u00e9cnicas del agua\" \/>\n<meta property=\"article:modified_time\" content=\"2026-02-16T07:35:34+00:00\" \/>\n<meta property=\"og:image\" content=\"https:\/\/satamanteniments.com\/wp-content\/uploads\/2025\/12\/FUENTE-CREATIVE-S-e1764588315892.png\" \/>\n\t<meta property=\"og:image:width\" content=\"1315\" \/>\n\t<meta property=\"og:image:height\" content=\"1200\" \/>\n\t<meta property=\"og:image:type\" content=\"image\/png\" \/>\n<meta name=\"twitter:card\" content=\"summary_large_image\" \/>\n<script type=\"application\/ld+json\" class=\"yoast-schema-graph\">{\"@context\":\"https:\\\/\\\/schema.org\",\"@graph\":[{\"@type\":\"WebPage\",\"@id\":\"https:\\\/\\\/satamanteniments.com\\\/producto\\\/fuente-purificadora-de-agua-creative-s-para-hogar-y-oficina\\\/\",\"url\":\"https:\\\/\\\/satamanteniments.com\\\/producto\\\/fuente-purificadora-de-agua-creative-s-para-hogar-y-oficina\\\/\",\"name\":\"Fuente purificadora de agua Creative-S para hogar y oficina - SATA | Soluciones t\u00e9cnicas del agua\",\"isPartOf\":{\"@id\":\"https:\\\/\\\/satamanteniments.com\\\/#website\"},\"primaryImageOfPage\":{\"@id\":\"https:\\\/\\\/satamanteniments.com\\\/producto\\\/fuente-purificadora-de-agua-creative-s-para-hogar-y-oficina\\\/#primaryimage\"},\"image\":{\"@id\":\"https:\\\/\\\/satamanteniments.com\\\/producto\\\/fuente-purificadora-de-agua-creative-s-para-hogar-y-oficina\\\/#primaryimage\"},\"thumbnailUrl\":\"https:\\\/\\\/satamanteniments.com\\\/wp-content\\\/uploads\\\/2025\\\/12\\\/FUENTE-CREATIVE-S-e1764588315892.png\",\"datePublished\":\"2025-12-01T11:11:49+00:00\",\"dateModified\":\"2026-02-16T07:35:34+00:00\",\"breadcrumb\":{\"@id\":\"https:\\\/\\\/satamanteniments.com\\\/producto\\\/fuente-purificadora-de-agua-creative-s-para-hogar-y-oficina\\\/#breadcrumb\"},\"inLanguage\":\"en-GB\",\"potentialAction\":[{\"@type\":\"ReadAction\",\"target\":[\"https:\\\/\\\/satamanteniments.com\\\/producto\\\/fuente-purificadora-de-agua-creative-s-para-hogar-y-oficina\\\/\"]}]},{\"@type\":\"ImageObject\",\"inLanguage\":\"en-GB\",\"@id\":\"https:\\\/\\\/satamanteniments.com\\\/producto\\\/fuente-purificadora-de-agua-creative-s-para-hogar-y-oficina\\\/#primaryimage\",\"url\":\"https:\\\/\\\/satamanteniments.com\\\/wp-content\\\/uploads\\\/2025\\\/12\\\/FUENTE-CREATIVE-S-e1764588315892.png\",\"contentUrl\":\"https:\\\/\\\/satamanteniments.com\\\/wp-content\\\/uploads\\\/2025\\\/12\\\/FUENTE-CREATIVE-S-e1764588315892.png\",\"width\":1315,\"height\":1200,\"caption\":\"Fuente purificadora Bermax Creative S\"},{\"@type\":\"BreadcrumbList\",\"@id\":\"https:\\\/\\\/satamanteniments.com\\\/producto\\\/fuente-purificadora-de-agua-creative-s-para-hogar-y-oficina\\\/#breadcrumb\",\"itemListElement\":[{\"@type\":\"ListItem\",\"position\":1,\"name\":\"Portada\",\"item\":\"https:\\\/\\\/satamanteniments.com\\\/\"},{\"@type\":\"ListItem\",\"position\":2,\"name\":\"Tienda\",\"item\":\"https:\\\/\\\/satamanteniments.com\\\/?page_id=892\"},{\"@type\":\"ListItem\",\"position\":3,\"name\":\"Fuente purificadora de agua Creative-S para hogar y oficina\"}]},{\"@type\":\"WebSite\",\"@id\":\"https:\\\/\\\/satamanteniments.com\\\/#website\",\"url\":\"https:\\\/\\\/satamanteniments.com\\\/\",\"name\":\"Tratamiento de agua en Barcelona \u2013 Sata Manteniments\",\"description\":\"Expertos en \u00f3smosis, descalcificadores y purificadores de agua. Instalaci\u00f3n y mantenimiento profesional para hogares y empresas en Barcelona y toda Catalu\u00f1a.\",\"potentialAction\":[{\"@type\":\"SearchAction\",\"target\":{\"@type\":\"EntryPoint\",\"urlTemplate\":\"https:\\\/\\\/satamanteniments.com\\\/?s={search_term_string}\"},\"query-input\":{\"@type\":\"PropertyValueSpecification\",\"valueRequired\":true,\"valueName\":\"search_term_string\"}}],\"inLanguage\":\"en-GB\"}]}<\/script>\n<!-- \/ Yoast SEO plugin. -->","yoast_head_json":{"title":"Creative-S Water Purifier for Home and Office - SATA | Technical Water Solutions","robots":{"index":"index","follow":"follow","max-snippet":"max-snippet:-1","max-image-preview":"max-image-preview:large","max-video-preview":"max-video-preview:-1"},"canonical":"https:\/\/satamanteniments.com\/en\/product\/creative-s-water-purifier-for-home-and-office\/","og_locale":"en_GB","og_type":"article","og_title":"Fuente purificadora de agua Creative-S para hogar y oficina - SATA | Soluciones t\u00e9cnicas del agua","og_description":"La\u00a0Creative-S es una fuente purificadora dise\u00f1ada para hogares y oficinas que buscan un suministro continuo de agua de calidad. Incorpora un sistema de filtraci\u00f3n multietapa compuesto por prefiltros de carb\u00f3n y polipropileno, postfiltro de carb\u00f3n y membrana de 100 GPD, capaz de reducir hasta un 99 % del cloro, un 99 % de compuestos org\u00e1nicos,&hellip;&nbsp;","og_url":"https:\/\/satamanteniments.com\/en\/product\/creative-s-water-purifier-for-home-and-office\/","og_site_name":"SATA | Soluciones t\u00e9cnicas del agua","article_modified_time":"2026-02-16T07:35:34+00:00","og_image":[{"width":1315,"height":1200,"url":"https:\/\/satamanteniments.com\/wp-content\/uploads\/2025\/12\/FUENTE-CREATIVE-S-e1764588315892.png","type":"image\/png"}],"twitter_card":"summary_large_image","schema":{"@context":"https:\/\/schema.org","@graph":[{"@type":"WebPage","@id":"https:\/\/satamanteniments.com\/producto\/fuente-purificadora-de-agua-creative-s-para-hogar-y-oficina\/","url":"https:\/\/satamanteniments.com\/producto\/fuente-purificadora-de-agua-creative-s-para-hogar-y-oficina\/","name":"Creative-S Water Purifier for Home and Office - SATA | Technical Water Solutions","isPartOf":{"@id":"https:\/\/satamanteniments.com\/#website"},"primaryImageOfPage":{"@id":"https:\/\/satamanteniments.com\/producto\/fuente-purificadora-de-agua-creative-s-para-hogar-y-oficina\/#primaryimage"},"image":{"@id":"https:\/\/satamanteniments.com\/producto\/fuente-purificadora-de-agua-creative-s-para-hogar-y-oficina\/#primaryimage"},"thumbnailUrl":"https:\/\/satamanteniments.com\/wp-content\/uploads\/2025\/12\/FUENTE-CREATIVE-S-e1764588315892.png","datePublished":"2025-12-01T11:11:49+00:00","dateModified":"2026-02-16T07:35:34+00:00","breadcrumb":{"@id":"https:\/\/satamanteniments.com\/producto\/fuente-purificadora-de-agua-creative-s-para-hogar-y-oficina\/#breadcrumb"},"inLanguage":"en-GB","potentialAction":[{"@type":"ReadAction","target":["https:\/\/satamanteniments.com\/producto\/fuente-purificadora-de-agua-creative-s-para-hogar-y-oficina\/"]}]},{"@type":"ImageObject","inLanguage":"en-GB","@id":"https:\/\/satamanteniments.com\/producto\/fuente-purificadora-de-agua-creative-s-para-hogar-y-oficina\/#primaryimage","url":"https:\/\/satamanteniments.com\/wp-content\/uploads\/2025\/12\/FUENTE-CREATIVE-S-e1764588315892.png","contentUrl":"https:\/\/satamanteniments.com\/wp-content\/uploads\/2025\/12\/FUENTE-CREATIVE-S-e1764588315892.png","width":1315,"height":1200,"caption":"Fuente purificadora Bermax Creative S"},{"@type":"BreadcrumbList","@id":"https:\/\/satamanteniments.com\/producto\/fuente-purificadora-de-agua-creative-s-para-hogar-y-oficina\/#breadcrumb","itemListElement":[{"@type":"ListItem","position":1,"name":"Portada","item":"https:\/\/satamanteniments.com\/"},{"@type":"ListItem","position":2,"name":"Tienda","item":"https:\/\/satamanteniments.com\/?page_id=892"},{"@type":"ListItem","position":3,"name":"Fuente purificadora de agua Creative-S para hogar y oficina"}]},{"@type":"WebSite","@id":"https:\/\/satamanteniments.com\/#website","url":"https:\/\/satamanteniments.com\/","name":"Water treatment in Barcelona \u2013 Sata Manteniments","description":"Experts in osmosis, water softeners, and water purifiers. Professional installation and maintenance for homes and businesses in Barcelona and throughout Catalonia.","potentialAction":[{"@type":"SearchAction","target":{"@type":"EntryPoint","urlTemplate":"https:\/\/satamanteniments.com\/?s={search_term_string}"},"query-input":{"@type":"PropertyValueSpecification","valueRequired":true,"valueName":"search_term_string"}}],"inLanguage":"en-GB"}]}},"_links":{"self":[{"href":"https:\/\/satamanteniments.com\/en\/wp-json\/wp\/v2\/product\/3056","targetHints":{"allow":["GET"]}}],"collection":[{"href":"https:\/\/satamanteniments.com\/en\/wp-json\/wp\/v2\/product"}],"about":[{"href":"https:\/\/satamanteniments.com\/en\/wp-json\/wp\/v2\/types\/product"}],"replies":[{"embeddable":true,"href":"https:\/\/satamanteniments.com\/en\/wp-json\/wp\/v2\/comments?post=3056"}],"wp:featuredmedia":[{"embeddable":true,"href":"https:\/\/satamanteniments.com\/en\/wp-json\/wp\/v2\/media\/3057"}],"wp:attachment":[{"href":"https:\/\/satamanteniments.com\/en\/wp-json\/wp\/v2\/media?parent=3056"}],"wp:term":[{"taxonomy":"product_brand","embeddable":true,"href":"https:\/\/satamanteniments.com\/en\/wp-json\/wp\/v2\/product_brand?post=3056"},{"taxonomy":"product_cat","embeddable":true,"href":"https:\/\/satamanteniments.com\/en\/wp-json\/wp\/v2\/product_cat?post=3056"},{"taxonomy":"product_tag","embeddable":true,"href":"https:\/\/satamanteniments.com\/en\/wp-json\/wp\/v2\/product_tag?post=3056"}],"curies":[{"name":"wp","href":"https:\/\/api.w.org\/{rel}","templated":true}]}}