{"id":897,"date":"2025-07-28T09:20:10","date_gmt":"2025-07-28T07:20:10","guid":{"rendered":"https:\/\/satamanteniments.com\/?post_type=product&#038;p=897"},"modified":"2026-02-16T08:41:13","modified_gmt":"2026-02-16T07:41:13","slug":"pro-plus-180","status":"publish","type":"product","link":"https:\/\/satamanteniments.com\/en\/product\/pro-plus-180\/","title":{"rendered":"Equipo descalcificador de agua dom\u00e9stico Pro-Plus 180"},"content":{"rendered":"<h3>Descalcificador eliminador de cloro Pro-Plus 180<\/h3>\n<p>The <strong>Pro-Plus 180<\/strong> it is a state-of-the-art domestic water softener that provides a <strong>comprehensive water treatment at home<\/strong>Unlike conventional water softeners, this model not only reduces water hardness by removing limescale, but also removes chlorine and its odor, filters sediments and impurities, and eliminates iron present in the water.<\/p>\n<p>Thanks to its 20 liters of high-capacity resin and a flow rate of up to 60 liters per minute, <strong>it ensures a constant supply of treated water<\/strong>protecting pipes, appliances, and faucets from scale buildup and extending their lifespan. Additionally, it significantly improves the taste and quality of water used in the kitchen, shower, and laundry.<\/p>\n<p>Compact, efficient, and easy to maintain, the Pro-Plus 180 becomes an ideal solution for families looking to enjoy cleaner water, free of limescale and chlorine, with the reliability of a durable system.<\/p>\n<p>&nbsp;<\/p>\n<p>&nbsp;<\/p>","protected":false},"excerpt":{"rendered":"<p>Descalcificador eliminador de cloro Pro-Plus 180 El Pro-Plus 180 es un equipo descalcificador dom\u00e9stico de \u00faltima generaci\u00f3n que ofrece un tratamiento integral del agua en el hogar. A diferencia de los descalcificadores convencionales, este modelo no solo reduce la dureza del agua eliminando la cal, sino que tambi\u00e9n elimina el cloro y su olor, filtra&hellip;&nbsp;<\/p>","protected":false},"featured_media":1695,"comment_status":"open","ping_status":"closed","template":"","meta":{"_acf_changed":false,"inline_featured_image":false,"neve_meta_sidebar":"","neve_meta_container":"contained","neve_meta_enable_content_width":"on","neve_meta_content_width":100,"neve_meta_title_alignment":"","neve_meta_author_avatar":"","neve_post_elements_order":"","neve_meta_disable_header":"","neve_meta_disable_footer":"","neve_meta_disable_title":""},"product_brand":[],"product_cat":[43],"product_tag":[],"class_list":{"0":"post-897","1":"product","2":"type-product","3":"status-publish","4":"has-post-thumbnail","6":"product_cat-descalcificadores","8":"first","9":"instock","10":"shipping-taxable","11":"product-type-simple"},"acf":[],"yoast_head":"<!-- This site is optimized with the Yoast SEO plugin v27.3 - https:\/\/yoast.com\/product\/yoast-seo-wordpress\/ -->\n<title>Equipo descalcificador de agua dom\u00e9stico Pro-Plus 180<\/title>\n<meta name=\"description\" content=\"Elimina cloro y olor; filtra sedimentos y hierro. 20 L de resina, 60 l\/min, conexi\u00f3n 1\u2033, 1,4\u20138,3 bar y regeneraci\u00f3n en 24 min (75 L).\" \/>\n<meta name=\"robots\" content=\"index, follow, max-snippet:-1, max-image-preview:large, max-video-preview:-1\" \/>\n<link rel=\"canonical\" href=\"https:\/\/satamanteniments.com\/en\/product\/pro-plus-180\/\" \/>\n<meta property=\"og:locale\" content=\"en_GB\" \/>\n<meta property=\"og:type\" content=\"article\" \/>\n<meta property=\"og:title\" content=\"Equipo descalcificador de agua dom\u00e9stico Pro-Plus 180\" \/>\n<meta property=\"og:description\" content=\"Elimina cloro y olor; filtra sedimentos y hierro. 20 L de resina, 60 l\/min, conexi\u00f3n 1\u2033, 1,4\u20138,3 bar y regeneraci\u00f3n en 24 min (75 L).\" \/>\n<meta property=\"og:url\" content=\"https:\/\/satamanteniments.com\/en\/product\/pro-plus-180\/\" \/>\n<meta property=\"og:site_name\" content=\"SATA | Soluciones t\u00e9cnicas del agua\" \/>\n<meta property=\"article:modified_time\" content=\"2026-02-16T07:41:13+00:00\" \/>\n<meta property=\"og:image\" content=\"https:\/\/satamanteniments.com\/wp-content\/uploads\/2025\/07\/descalcificador-de-agua-domestico-bermax-pro-plus-180.jpg\" \/>\n\t<meta property=\"og:image:width\" content=\"700\" \/>\n\t<meta property=\"og:image:height\" content=\"700\" \/>\n\t<meta property=\"og:image:type\" content=\"image\/jpeg\" \/>\n<meta name=\"twitter:card\" content=\"summary_large_image\" \/>\n<script type=\"application\/ld+json\" class=\"yoast-schema-graph\">{\"@context\":\"https:\\\/\\\/schema.org\",\"@graph\":[{\"@type\":\"WebPage\",\"@id\":\"https:\\\/\\\/satamanteniments.com\\\/producto\\\/pro-plus-180\\\/\",\"url\":\"https:\\\/\\\/satamanteniments.com\\\/producto\\\/pro-plus-180\\\/\",\"name\":\"Equipo descalcificador de agua dom\u00e9stico Pro-Plus 180\",\"isPartOf\":{\"@id\":\"https:\\\/\\\/satamanteniments.com\\\/#website\"},\"primaryImageOfPage\":{\"@id\":\"https:\\\/\\\/satamanteniments.com\\\/producto\\\/pro-plus-180\\\/#primaryimage\"},\"image\":{\"@id\":\"https:\\\/\\\/satamanteniments.com\\\/producto\\\/pro-plus-180\\\/#primaryimage\"},\"thumbnailUrl\":\"https:\\\/\\\/satamanteniments.com\\\/wp-content\\\/uploads\\\/2025\\\/07\\\/descalcificador-de-agua-domestico-bermax-pro-plus-180.jpg\",\"datePublished\":\"2025-07-28T07:20:10+00:00\",\"dateModified\":\"2026-02-16T07:41:13+00:00\",\"description\":\"Elimina cloro y olor; filtra sedimentos y hierro. 20 L de resina, 60 l\\\/min, conexi\u00f3n 1\u2033, 1,4\u20138,3 bar y regeneraci\u00f3n en 24 min (75 L).\",\"breadcrumb\":{\"@id\":\"https:\\\/\\\/satamanteniments.com\\\/producto\\\/pro-plus-180\\\/#breadcrumb\"},\"inLanguage\":\"en-GB\",\"potentialAction\":[{\"@type\":\"ReadAction\",\"target\":[\"https:\\\/\\\/satamanteniments.com\\\/producto\\\/pro-plus-180\\\/\"]}]},{\"@type\":\"ImageObject\",\"inLanguage\":\"en-GB\",\"@id\":\"https:\\\/\\\/satamanteniments.com\\\/producto\\\/pro-plus-180\\\/#primaryimage\",\"url\":\"https:\\\/\\\/satamanteniments.com\\\/wp-content\\\/uploads\\\/2025\\\/07\\\/descalcificador-de-agua-domestico-bermax-pro-plus-180.jpg\",\"contentUrl\":\"https:\\\/\\\/satamanteniments.com\\\/wp-content\\\/uploads\\\/2025\\\/07\\\/descalcificador-de-agua-domestico-bermax-pro-plus-180.jpg\",\"width\":700,\"height\":700,\"caption\":\"Descalcificador de agua dom\u00e9stico Bermax Pro-Plus 180\"},{\"@type\":\"BreadcrumbList\",\"@id\":\"https:\\\/\\\/satamanteniments.com\\\/producto\\\/pro-plus-180\\\/#breadcrumb\",\"itemListElement\":[{\"@type\":\"ListItem\",\"position\":1,\"name\":\"Portada\",\"item\":\"https:\\\/\\\/satamanteniments.com\\\/\"},{\"@type\":\"ListItem\",\"position\":2,\"name\":\"Tienda\",\"item\":\"https:\\\/\\\/satamanteniments.com\\\/?page_id=892\"},{\"@type\":\"ListItem\",\"position\":3,\"name\":\"Equipo descalcificador de agua dom\u00e9stico Pro-Plus 180\"}]},{\"@type\":\"WebSite\",\"@id\":\"https:\\\/\\\/satamanteniments.com\\\/#website\",\"url\":\"https:\\\/\\\/satamanteniments.com\\\/\",\"name\":\"Tratamiento de agua en Barcelona \u2013 Sata Manteniments\",\"description\":\"Expertos en \u00f3smosis, descalcificadores y purificadores de agua. Instalaci\u00f3n y mantenimiento profesional para hogares y empresas en Barcelona y toda Catalu\u00f1a.\",\"potentialAction\":[{\"@type\":\"SearchAction\",\"target\":{\"@type\":\"EntryPoint\",\"urlTemplate\":\"https:\\\/\\\/satamanteniments.com\\\/?s={search_term_string}\"},\"query-input\":{\"@type\":\"PropertyValueSpecification\",\"valueRequired\":true,\"valueName\":\"search_term_string\"}}],\"inLanguage\":\"en-GB\"}]}<\/script>\n<!-- \/ Yoast SEO plugin. -->","yoast_head_json":{"title":"Equipo descalcificador de agua dom\u00e9stico Pro-Plus 180","description":"Removes chlorine and odor; filters sediments and iron. 20 L resin, 60 L\/min, 1\u2033 connection, 1.4\u20138.3 bar, and 24-min regeneration (75 L).","robots":{"index":"index","follow":"follow","max-snippet":"max-snippet:-1","max-image-preview":"max-image-preview:large","max-video-preview":"max-video-preview:-1"},"canonical":"https:\/\/satamanteniments.com\/en\/product\/pro-plus-180\/","og_locale":"en_GB","og_type":"article","og_title":"Equipo descalcificador de agua dom\u00e9stico Pro-Plus 180","og_description":"Elimina cloro y olor; filtra sedimentos y hierro. 20 L de resina, 60 l\/min, conexi\u00f3n 1\u2033, 1,4\u20138,3 bar y regeneraci\u00f3n en 24 min (75 L).","og_url":"https:\/\/satamanteniments.com\/en\/product\/pro-plus-180\/","og_site_name":"SATA | Soluciones t\u00e9cnicas del agua","article_modified_time":"2026-02-16T07:41:13+00:00","og_image":[{"width":700,"height":700,"url":"https:\/\/satamanteniments.com\/wp-content\/uploads\/2025\/07\/descalcificador-de-agua-domestico-bermax-pro-plus-180.jpg","type":"image\/jpeg"}],"twitter_card":"summary_large_image","schema":{"@context":"https:\/\/schema.org","@graph":[{"@type":"WebPage","@id":"https:\/\/satamanteniments.com\/producto\/pro-plus-180\/","url":"https:\/\/satamanteniments.com\/producto\/pro-plus-180\/","name":"Equipo descalcificador de agua dom\u00e9stico Pro-Plus 180","isPartOf":{"@id":"https:\/\/satamanteniments.com\/#website"},"primaryImageOfPage":{"@id":"https:\/\/satamanteniments.com\/producto\/pro-plus-180\/#primaryimage"},"image":{"@id":"https:\/\/satamanteniments.com\/producto\/pro-plus-180\/#primaryimage"},"thumbnailUrl":"https:\/\/satamanteniments.com\/wp-content\/uploads\/2025\/07\/descalcificador-de-agua-domestico-bermax-pro-plus-180.jpg","datePublished":"2025-07-28T07:20:10+00:00","dateModified":"2026-02-16T07:41:13+00:00","description":"Removes chlorine and odor; filters sediments and iron. 20 L resin, 60 L\/min, 1\u2033 connection, 1.4\u20138.3 bar, and 24-min regeneration (75 L).","breadcrumb":{"@id":"https:\/\/satamanteniments.com\/producto\/pro-plus-180\/#breadcrumb"},"inLanguage":"en-GB","potentialAction":[{"@type":"ReadAction","target":["https:\/\/satamanteniments.com\/producto\/pro-plus-180\/"]}]},{"@type":"ImageObject","inLanguage":"en-GB","@id":"https:\/\/satamanteniments.com\/producto\/pro-plus-180\/#primaryimage","url":"https:\/\/satamanteniments.com\/wp-content\/uploads\/2025\/07\/descalcificador-de-agua-domestico-bermax-pro-plus-180.jpg","contentUrl":"https:\/\/satamanteniments.com\/wp-content\/uploads\/2025\/07\/descalcificador-de-agua-domestico-bermax-pro-plus-180.jpg","width":700,"height":700,"caption":"Descalcificador de agua dom\u00e9stico Bermax Pro-Plus 180"},{"@type":"BreadcrumbList","@id":"https:\/\/satamanteniments.com\/producto\/pro-plus-180\/#breadcrumb","itemListElement":[{"@type":"ListItem","position":1,"name":"Portada","item":"https:\/\/satamanteniments.com\/"},{"@type":"ListItem","position":2,"name":"Tienda","item":"https:\/\/satamanteniments.com\/?page_id=892"},{"@type":"ListItem","position":3,"name":"Equipo descalcificador de agua dom\u00e9stico Pro-Plus 180"}]},{"@type":"WebSite","@id":"https:\/\/satamanteniments.com\/#website","url":"https:\/\/satamanteniments.com\/","name":"Water treatment in Barcelona \u2013 Sata Manteniments","description":"Experts in osmosis, water softeners, and water purifiers. Professional installation and maintenance for homes and businesses in Barcelona and throughout Catalonia.","potentialAction":[{"@type":"SearchAction","target":{"@type":"EntryPoint","urlTemplate":"https:\/\/satamanteniments.com\/?s={search_term_string}"},"query-input":{"@type":"PropertyValueSpecification","valueRequired":true,"valueName":"search_term_string"}}],"inLanguage":"en-GB"}]}},"_links":{"self":[{"href":"https:\/\/satamanteniments.com\/en\/wp-json\/wp\/v2\/product\/897","targetHints":{"allow":["GET"]}}],"collection":[{"href":"https:\/\/satamanteniments.com\/en\/wp-json\/wp\/v2\/product"}],"about":[{"href":"https:\/\/satamanteniments.com\/en\/wp-json\/wp\/v2\/types\/product"}],"replies":[{"embeddable":true,"href":"https:\/\/satamanteniments.com\/en\/wp-json\/wp\/v2\/comments?post=897"}],"wp:featuredmedia":[{"embeddable":true,"href":"https:\/\/satamanteniments.com\/en\/wp-json\/wp\/v2\/media\/1695"}],"wp:attachment":[{"href":"https:\/\/satamanteniments.com\/en\/wp-json\/wp\/v2\/media?parent=897"}],"wp:term":[{"taxonomy":"product_brand","embeddable":true,"href":"https:\/\/satamanteniments.com\/en\/wp-json\/wp\/v2\/product_brand?post=897"},{"taxonomy":"product_cat","embeddable":true,"href":"https:\/\/satamanteniments.com\/en\/wp-json\/wp\/v2\/product_cat?post=897"},{"taxonomy":"product_tag","embeddable":true,"href":"https:\/\/satamanteniments.com\/en\/wp-json\/wp\/v2\/product_tag?post=897"}],"curies":[{"name":"wp","href":"https:\/\/api.w.org\/{rel}","templated":true}]}}